{"id":23973,"date":"2018-07-17T00:00:00","date_gmt":"2018-07-17T00:00:00","guid":{"rendered":"https:\/\/dev.liqui-moly-shop.ch\/index.php\/product\/special-tec-aa-5w-30\/"},"modified":"2023-10-05T07:08:10","modified_gmt":"2023-10-05T07:08:10","slug":"special-tec-aa-5w-30","status":"publish","type":"product","link":"https:\/\/www.liqui-moly-shop.ch\/index.php\/product\/special-tec-aa-5w-30\/","title":{"rendered":"Special Tec AA 5W-30"},"content":{"rendered":"<h3>Special Tec AA 5W-30<\/h3>\n<p>Modernes Leichtlaufmotor\u00f6l der Premiumklasse, das speziell f\u00fcr die ganzj\u00e4hrige Verwendung japanischer und amerikanischer Fahrzeuge entwickelt wurde. Die Kombination unkonventioneller Grund\u00f6le auf Synthesetechnologie in Verbindung neuester Additive garantieren ein Motor\u00f6l, das hervorragend vor Verschlei\u00df sch\u00fctzt, den \u00d6l- und Kraftstoffverbrauch senkt, den Motor sauber h\u00e4lt und f\u00fcr eine schnelle Durch\u00f6lung des Motors sorgt.<\/p>\n<p><!-- --><\/p>\n<table id=\"detail\">\n<tbody>\n<tr>\n<td class=\"left\" valign=\"top\">Artikelnummer:<\/td>\n<td class=\"right\" valign=\"top\">20953<\/td>\n<\/tr>\n<tr>\n<td class=\"left\" valign=\"top\">Gebinde:<\/td>\n<td class=\"right\" valign=\"top\">1 l Kanister Kunststoff<\/td>\n<\/tr>\n<tr>\n<td class=\"left\" valign=\"top\">Paletteninhalt:<\/td>\n<td class=\"right\" valign=\"top\">576<\/td>\n<\/tr>\n<tr>\n<td class=\"left\" valign=\"top\">VPE:<\/td>\n<td class=\"right\" valign=\"top\">6 STK<\/td>\n<\/tr>\n<tr>\n<td class=\"left\" valign=\"top\">Sprache:<\/td>\n<td class=\"right\" valign=\"top\">D &#8211; F &#8211; I<\/td>\n<\/tr>\n<\/tbody>\n<\/table>\n<h3 class=\"detail\">Einsatzzweck<\/h3>\n<p>Optimal f\u00fcr moderne japanische und amerikanische Benzin- und Dieselmotoren mit Mehrventiltechnik, Turboaufladung sowie mit und ohne Ladeluftk\u00fchlung (LLK). Speziell geeignet bei langen \u00d6lwechselintervallen und hohen motorischen Anforderungen.<\/p>\n<h3 class=\"detail\">Spezifikationen und Freigaben<\/h3>\n<p>API SN ; ILSAC GF-5<\/p>\n<p>&nbsp;<\/p>\n<p><b>LIQUI MOLY empfiehlt dieses Produkt zus\u00e4tzlich f\u00fcr Fahrzeuge bzw. Aggregate, f\u00fcr die folgende Spezifikationen oder Originalersatzteilnummern gefordert werden:<\/b><\/p>\n<p>API CF ; Chrysler MS-6395 ; Daihatsu ; Ford WSS-M2C 946-A ; GM ; Honda ; Hyundai ; Isuzu ; Kia ; Mazda ; Mitsubishi ; Nissan ; Subaru ; Suzuki ; Toyota<\/p>\n<ul class=\"info-text m-0 p-0\">\n<li>EUH210 Sicherheitsdatenblatt auf Anfrage erh\u00e4ltlich.<\/li>\n<\/ul>\n<p>Wenn Sie Fragen rund um die Liqui Moly Produkte haben sollten, z\u00f6gern Sie nicht und kontaktieren Sie uns. Gerne stehen wir Ihnen jederzeit gerne zur Verf\u00fcgung.<\/p>\n","protected":false},"excerpt":{"rendered":"<p>Special Tec AA 5W-30 Modernes Leichtlaufmotor\u00f6l der Premiumklasse, das speziell f\u00fcr die ganzj\u00e4hrige Verwendung japanischer und amerikanischer Fahrzeuge entwickelt wurde. Die Kombination unkonventioneller Grund\u00f6le auf Synthesetechnologie in Verbindung neuester Additive garantieren ein Motor\u00f6l, das hervorragend vor Verschlei\u00df sch\u00fctzt, den \u00d6l- und Kraftstoffverbrauch senkt, den Motor sauber h\u00e4lt und f\u00fcr eine schnelle Durch\u00f6lung des Motors sorgt. [&hellip;]<\/p>\n","protected":false},"featured_media":23974,"comment_status":"closed","ping_status":"closed","template":"","meta":[],"class_list":["post-23973","product","type-product","status-publish","has-post-thumbnail","hentry","product_cat-5w-30","product_cat-motoroele-4-takt-auto","product_cat-schmierstoffe"],"_links":{"self":[{"href":"https:\/\/www.liqui-moly-shop.ch\/index.php\/wp-json\/wp\/v2\/product\/23973","targetHints":{"allow":["GET"]}}],"collection":[{"href":"https:\/\/www.liqui-moly-shop.ch\/index.php\/wp-json\/wp\/v2\/product"}],"about":[{"href":"https:\/\/www.liqui-moly-shop.ch\/index.php\/wp-json\/wp\/v2\/types\/product"}],"replies":[{"embeddable":true,"href":"https:\/\/www.liqui-moly-shop.ch\/index.php\/wp-json\/wp\/v2\/comments?post=23973"}],"wp:featuredmedia":[{"embeddable":true,"href":"https:\/\/www.liqui-moly-shop.ch\/index.php\/wp-json\/wp\/v2\/media\/23974"}],"wp:attachment":[{"href":"https:\/\/www.liqui-moly-shop.ch\/index.php\/wp-json\/wp\/v2\/media?parent=23973"}],"curies":[{"name":"wp","href":"https:\/\/api.w.org\/{rel}","templated":true}]}}