{"id":23976,"date":"2018-07-17T00:00:00","date_gmt":"2018-07-17T00:00:00","guid":{"rendered":"https:\/\/dev.liqui-moly-shop.ch\/index.php\/product\/special-tec-dx1-5w-30\/"},"modified":"2023-10-05T07:12:36","modified_gmt":"2023-10-05T07:12:36","slug":"special-tec-dx1-5w-30","status":"publish","type":"product","link":"https:\/\/www.liqui-moly-shop.ch\/index.php\/product\/special-tec-dx1-5w-30\/","title":{"rendered":"Special Tec DX1 5W-30"},"content":{"rendered":"<h3>Special Tec DX1 5W-30<\/h3>\n<p>Hightech-Leichtlaufmotor\u00f6l auf Basis Synthesetechnologie. Optimiert den Kraftstoffverbrauch. Sorgt f\u00fcr exzellentes Kaltstartverhalten, optimalen Verschlei\u00dfschutz und hervorragende Motorsauberkeit. Die innovative Additivtechnologie\u00a0minimiert Low Speed Pre-Ignition (LSPI) und sorgt so f\u00fcr eine l\u00e4ngere Motorlebensdauer.\u00a0Bestens geeignet bei langen \u00d6lwechselintervallen und hohen motorischen Anforderungen. <strong>Achtung<\/strong>: Dieses Produkt ist nur in L\u00e4ndern innerhalb des GM-Geltungsbereiches Europa, Asien, Pazifik und Indien erh\u00e4ltlich.<\/p>\n<p><!-- --><\/p>\n<table id=\"detail\">\n<tbody>\n<tr>\n<td class=\"left\" valign=\"top\">Artikelnummer:<\/td>\n<td class=\"right\" valign=\"top\">3765<\/td>\n<\/tr>\n<tr>\n<td class=\"left\" valign=\"top\">Gebinde:<\/td>\n<td class=\"right\" valign=\"top\">1 l Kanister Kunststoff<\/td>\n<\/tr>\n<tr>\n<td class=\"left\" valign=\"top\">Paletteninhalt:<\/td>\n<td class=\"right\" valign=\"top\">576<\/td>\n<\/tr>\n<tr>\n<td class=\"left\" valign=\"top\">VPE:<\/td>\n<td class=\"right\" valign=\"top\">6 STK<\/td>\n<\/tr>\n<tr>\n<td class=\"left\" valign=\"top\">Sprache:<\/td>\n<td class=\"right\" valign=\"top\">D &#8211; F &#8211; I<\/td>\n<\/tr>\n<\/tbody>\n<\/table>\n<h3 class=\"detail\">Einsatzzweck<\/h3>\n<p>Speziell entwickelt f\u00fcr die Anforderungen von GM- und Opel-Fahrzeugen mit Benzinmotor. Zum Teil fordern auch andere Fahrzeughersteller wie Chrysler, Ford, Kia, Honda, Hyundai, Mazda, Nissan, Toyota etc. in verschiedenen Fahrzeugtypen einen Schmierstoff dieser Spezifikation.<\/p>\n<h3 class=\"detail\">Spezifikationen und Freigaben<\/h3>\n<p>API SN Plus + RC ; GM dexos1\u2122 Gen 2 ; ILSAC GF-5<\/p>\n<p>&nbsp;<\/p>\n<p><b>LIQUI MOLY empfiehlt dieses Produkt zus\u00e4tzlich f\u00fcr Fahrzeuge bzw. Aggregate, f\u00fcr die folgende Spezifikationen oder Originalersatzteilnummern gefordert werden:<\/b><\/p>\n<p>API SN + RC ; Chrysler ; Ford WSS-M2C 946-A ; Honda ; Hyundai ; Kia ; Mazda ; Nissan ; Toyota<\/p>\n<ul class=\"info-text m-0 p-0\">\n<li>EUH210 Sicherheitsdatenblatt auf Anfrage erh\u00e4ltlich.<\/li>\n<\/ul>\n<p>Wenn Sie Fragen rund um die Liqui Moly Produkte haben sollten, z\u00f6gern Sie nicht und kontaktieren Sie uns. Gerne stehen wir Ihnen jederzeit gerne zur Verf\u00fcgung.<\/p>\n","protected":false},"excerpt":{"rendered":"<p>Special Tec DX1 5W-30 Hightech-Leichtlaufmotor\u00f6l auf Basis Synthesetechnologie. Optimiert den Kraftstoffverbrauch. Sorgt f\u00fcr exzellentes Kaltstartverhalten, optimalen Verschlei\u00dfschutz und hervorragende Motorsauberkeit. Die innovative Additivtechnologie\u00a0minimiert Low Speed Pre-Ignition (LSPI) und sorgt so f\u00fcr eine l\u00e4ngere Motorlebensdauer.\u00a0Bestens geeignet bei langen \u00d6lwechselintervallen und hohen motorischen Anforderungen. Achtung: Dieses Produkt ist nur in L\u00e4ndern innerhalb des GM-Geltungsbereiches Europa, Asien, Pazifik [&hellip;]<\/p>\n","protected":false},"featured_media":23977,"comment_status":"closed","ping_status":"closed","template":"","meta":[],"class_list":["post-23976","product","type-product","status-publish","has-post-thumbnail","hentry","product_cat-5w-30","product_cat-motoroele-4-takt-auto","product_cat-schmierstoffe"],"_links":{"self":[{"href":"https:\/\/www.liqui-moly-shop.ch\/index.php\/wp-json\/wp\/v2\/product\/23976","targetHints":{"allow":["GET"]}}],"collection":[{"href":"https:\/\/www.liqui-moly-shop.ch\/index.php\/wp-json\/wp\/v2\/product"}],"about":[{"href":"https:\/\/www.liqui-moly-shop.ch\/index.php\/wp-json\/wp\/v2\/types\/product"}],"replies":[{"embeddable":true,"href":"https:\/\/www.liqui-moly-shop.ch\/index.php\/wp-json\/wp\/v2\/comments?post=23976"}],"wp:featuredmedia":[{"embeddable":true,"href":"https:\/\/www.liqui-moly-shop.ch\/index.php\/wp-json\/wp\/v2\/media\/23977"}],"wp:attachment":[{"href":"https:\/\/www.liqui-moly-shop.ch\/index.php\/wp-json\/wp\/v2\/media?parent=23976"}],"curies":[{"name":"wp","href":"https:\/\/api.w.org\/{rel}","templated":true}]}}