{"id":23982,"date":"2018-07-17T00:00:00","date_gmt":"2018-07-17T00:00:00","guid":{"rendered":"https:\/\/dev.liqui-moly-shop.ch\/index.php\/product\/special-tec-ll-5w-30\/"},"modified":"2023-10-05T07:17:24","modified_gmt":"2023-10-05T07:17:24","slug":"special-tec-ll-5w-30","status":"publish","type":"product","link":"https:\/\/www.liqui-moly-shop.ch\/index.php\/product\/special-tec-ll-5w-30\/","title":{"rendered":"Special Tec LL 5W-30"},"content":{"rendered":"<h3>Special Tec LL 5W-30<\/h3>\n<p><strong>Besonders geeignet f\u00fcr Opel-Fahrzeuge.<\/strong><br \/>\nHightech-Leichtlaufmotor\u00f6l auf Basis Synthesetechnologie. Mit modernster Verschlei\u00dfschutzformel. Schnellste Durch\u00f6lung beim Start und minimale Reibung im allt\u00e4glichen Fahrbetrieb sorgen f\u00fcr eine extrem lange Motorlebensdauer. Bietet optimalen \u00d6ldruck unter allen Betriebsbedingungen. H\u00e4lt den \u00d6lverbrauch gering. \u00dcbertrifft die hohen Testanforderungen namhafter Fahrzeughersteller.<\/p>\n<p><!-- --><\/p>\n<table id=\"detail\">\n<tbody>\n<tr>\n<td class=\"left\" valign=\"top\">Artikelnummer:<\/td>\n<td class=\"right\" valign=\"top\">1192<\/td>\n<\/tr>\n<tr>\n<td class=\"left\" valign=\"top\">Gebinde:<\/td>\n<td class=\"right\" valign=\"top\">1 l Kanister Kunststoff<\/td>\n<\/tr>\n<tr>\n<td class=\"left\" valign=\"top\">Paletteninhalt:<\/td>\n<td class=\"right\" valign=\"top\">576<\/td>\n<\/tr>\n<tr>\n<td class=\"left\" valign=\"top\">VPE:<\/td>\n<td class=\"right\" valign=\"top\">6 STK<\/td>\n<\/tr>\n<tr>\n<td class=\"left\" valign=\"top\">Sprache:<\/td>\n<td class=\"right\" valign=\"top\">D &#8211; F &#8211; I<\/td>\n<\/tr>\n<\/tbody>\n<\/table>\n<h3 class=\"detail\">Einsatzzweck<\/h3>\n<p>Ganzjahres\u00f6l f\u00fcr Benzin- und Dieselmotoren. Optimal f\u00fcr Opel-Fahrzeuge bis Mj. 2010. Turbo- und Kat-getestet.<\/p>\n<h3 class=\"detail\">Spezifikationen und Freigaben<\/h3>\n<p>ACEA A3 ; ACEA B4 ; API SL ; API CF ; BMW Longlife-01 ; MB-Freigabe 229.5 ; VW 502 00 ; VW 505 00<\/p>\n<p>&nbsp;<\/p>\n<p><b>LIQUI MOLY empfiehlt dieses Produkt zus\u00e4tzlich f\u00fcr Fahrzeuge bzw. Aggregate, f\u00fcr die folgende Spezifikationen oder Originalersatzteilnummern gefordert werden:<\/b><\/p>\n<p>Opel GM-LL-A-025 ; Opel GM-LL-B-025<\/p>\n<ul class=\"info-text m-0 p-0\">\n<li>EUH208 Enth\u00e4lt Benzolsulfons\u00e4ure, Methyl-, Mono-C20-24-verzweigte Alkylderivate, Calciumsalze, Alkyl-(C18-C28)-Toluolsulfons\u00e4ure, Calciumsalze, boriert. Kann allergische Reaktionen hervorrufen.<\/li>\n<li>EUH210 Sicherheitsdatenblatt auf Anfrage erh\u00e4ltlich.<\/li>\n<\/ul>\n<p>Wenn Sie Fragen rund um die Liqui Moly Produkte haben sollten, z\u00f6gern Sie nicht und kontaktieren Sie uns. Gerne stehen wir Ihnen jederzeit gerne zur Verf\u00fcgung.<\/p>\n","protected":false},"excerpt":{"rendered":"<p>Special Tec LL 5W-30 Besonders geeignet f\u00fcr Opel-Fahrzeuge. Hightech-Leichtlaufmotor\u00f6l auf Basis Synthesetechnologie. Mit modernster Verschlei\u00dfschutzformel. Schnellste Durch\u00f6lung beim Start und minimale Reibung im allt\u00e4glichen Fahrbetrieb sorgen f\u00fcr eine extrem lange Motorlebensdauer. Bietet optimalen \u00d6ldruck unter allen Betriebsbedingungen. H\u00e4lt den \u00d6lverbrauch gering. \u00dcbertrifft die hohen Testanforderungen namhafter Fahrzeughersteller. Artikelnummer: 1192 Gebinde: 1 l Kanister Kunststoff Paletteninhalt: [&hellip;]<\/p>\n","protected":false},"featured_media":23983,"comment_status":"closed","ping_status":"closed","template":"","meta":[],"class_list":["post-23982","product","type-product","status-publish","has-post-thumbnail","hentry","product_cat-5w-30","product_cat-motoroele-4-takt-auto","product_cat-schmierstoffe"],"_links":{"self":[{"href":"https:\/\/www.liqui-moly-shop.ch\/index.php\/wp-json\/wp\/v2\/product\/23982","targetHints":{"allow":["GET"]}}],"collection":[{"href":"https:\/\/www.liqui-moly-shop.ch\/index.php\/wp-json\/wp\/v2\/product"}],"about":[{"href":"https:\/\/www.liqui-moly-shop.ch\/index.php\/wp-json\/wp\/v2\/types\/product"}],"replies":[{"embeddable":true,"href":"https:\/\/www.liqui-moly-shop.ch\/index.php\/wp-json\/wp\/v2\/comments?post=23982"}],"wp:featuredmedia":[{"embeddable":true,"href":"https:\/\/www.liqui-moly-shop.ch\/index.php\/wp-json\/wp\/v2\/media\/23983"}],"wp:attachment":[{"href":"https:\/\/www.liqui-moly-shop.ch\/index.php\/wp-json\/wp\/v2\/media?parent=23982"}],"curies":[{"name":"wp","href":"https:\/\/api.w.org\/{rel}","templated":true}]}}