{"id":23985,"date":"2018-07-17T00:00:00","date_gmt":"2018-07-17T00:00:00","guid":{"rendered":"https:\/\/dev.liqui-moly-shop.ch\/index.php\/product\/special-tec-5w-30\/"},"modified":"2023-10-05T07:26:24","modified_gmt":"2023-10-05T07:26:24","slug":"special-tec-5w-30","status":"publish","type":"product","link":"https:\/\/www.liqui-moly-shop.ch\/index.php\/product\/special-tec-5w-30\/","title":{"rendered":"Special Tec 5W-30"},"content":{"rendered":"<h3>Special Tec 5W-30<\/h3>\n<p><strong>Besonders geeignet f\u00fcr Ford-Fahrzeuge bis Modelljahr 2008.<\/strong><br \/>\nSynthesetechnologie-Leichtlaufmotor\u00f6l. Sorgt f\u00fcr einen stabilen Schmierfilm. Reduziert den Kraftstoffverbrauch in einem der h\u00e4rtesten Verbrauchnormtests Europas (CEC-L-54-T-96\/MB M 111) um mehr als 2,5\u2009% gegen\u00fcber dem festgelegten Referenz\u00f6l. Verhindert die Bildung st\u00f6render Ablagerungen. F\u00fcr Fahrzeuge mit bew\u00e4hrter Motorentechnologie.<\/p>\n<p><!-- --><\/p>\n<table id=\"detail\">\n<tbody>\n<tr>\n<td class=\"left\" valign=\"top\">Artikelnummer:<\/td>\n<td class=\"right\" valign=\"top\">1163<\/td>\n<\/tr>\n<tr>\n<td class=\"left\" valign=\"top\">Gebinde:<\/td>\n<td class=\"right\" valign=\"top\">1 l Kanister Kunststoff<\/td>\n<\/tr>\n<tr>\n<td class=\"left\" valign=\"top\">Paletteninhalt:<\/td>\n<td class=\"right\" valign=\"top\">576<\/td>\n<\/tr>\n<tr>\n<td class=\"left\" valign=\"top\">VPE:<\/td>\n<td class=\"right\" valign=\"top\">6 STK<\/td>\n<\/tr>\n<tr>\n<td class=\"left\" valign=\"top\">Sprache:<\/td>\n<td class=\"right\" valign=\"top\">D &#8211; F &#8211; I<\/td>\n<\/tr>\n<\/tbody>\n<\/table>\n<h3 class=\"detail\">Einsatzzweck<\/h3>\n<p>Ganzjahres\u00f6l f\u00fcr Benzin- und Dieselmotoren. Besonders geeignet f\u00fcr Fahrzeuge aus dem Hause Ford ab 7\/98 sowie f\u00fcr verschiedene Typen aus dem Hause Land Rover, Rover\/MG, Jaguar und Mazda. Turbo- und Kat-getestet.<\/p>\n<h3 class=\"detail\">Spezifikationen und Freigaben<\/h3>\n<p>ACEA A1 ; ACEA B1 ; API SL ; Ford WSS-M2C 912-A1 ; Ford WSS-M2C 913-A ; Ford WSS-M2C 913-B ; ILSAC GF-2<\/p>\n<p>&nbsp;<\/p>\n<p><b>LIQUI MOLY empfiehlt dieses Produkt zus\u00e4tzlich f\u00fcr Fahrzeuge bzw. Aggregate, f\u00fcr die folgende Spezifikationen oder Originalersatzteilnummern gefordert werden:<\/b><\/p>\n<p>Fiat 9.55535-G1<\/p>\n<ul class=\"info-text m-0 p-0\">\n<li>EUH208 Enth\u00e4lt C14-16-18 Alkylphenol. Kann allergische Reaktionen hervorrufen.<\/li>\n<li>EUH210 Sicherheitsdatenblatt auf Anfrage erh\u00e4ltlich<\/li>\n<\/ul>\n<p>Wenn Sie Fragen rund um die Liqui Moly Produkte haben sollten, z\u00f6gern Sie nicht und kontaktieren Sie uns. Gerne stehen wir Ihnen jederzeit gerne zur Verf\u00fcgung.<\/p>\n","protected":false},"excerpt":{"rendered":"<p>Special Tec 5W-30 Besonders geeignet f\u00fcr Ford-Fahrzeuge bis Modelljahr 2008. Synthesetechnologie-Leichtlaufmotor\u00f6l. Sorgt f\u00fcr einen stabilen Schmierfilm. Reduziert den Kraftstoffverbrauch in einem der h\u00e4rtesten Verbrauchnormtests Europas (CEC-L-54-T-96\/MB M 111) um mehr als 2,5\u2009% gegen\u00fcber dem festgelegten Referenz\u00f6l. Verhindert die Bildung st\u00f6render Ablagerungen. F\u00fcr Fahrzeuge mit bew\u00e4hrter Motorentechnologie. Artikelnummer: 1163 Gebinde: 1 l Kanister Kunststoff Paletteninhalt: 576 [&hellip;]<\/p>\n","protected":false},"featured_media":23986,"comment_status":"closed","ping_status":"closed","template":"","meta":[],"class_list":["post-23985","product","type-product","status-publish","has-post-thumbnail","hentry","product_cat-5w-30","product_cat-motoroele-4-takt-auto","product_cat-schmierstoffe"],"_links":{"self":[{"href":"https:\/\/www.liqui-moly-shop.ch\/index.php\/wp-json\/wp\/v2\/product\/23985","targetHints":{"allow":["GET"]}}],"collection":[{"href":"https:\/\/www.liqui-moly-shop.ch\/index.php\/wp-json\/wp\/v2\/product"}],"about":[{"href":"https:\/\/www.liqui-moly-shop.ch\/index.php\/wp-json\/wp\/v2\/types\/product"}],"replies":[{"embeddable":true,"href":"https:\/\/www.liqui-moly-shop.ch\/index.php\/wp-json\/wp\/v2\/comments?post=23985"}],"wp:featuredmedia":[{"embeddable":true,"href":"https:\/\/www.liqui-moly-shop.ch\/index.php\/wp-json\/wp\/v2\/media\/23986"}],"wp:attachment":[{"href":"https:\/\/www.liqui-moly-shop.ch\/index.php\/wp-json\/wp\/v2\/media?parent=23985"}],"curies":[{"name":"wp","href":"https:\/\/api.w.org\/{rel}","templated":true}]}}