{"id":24025,"date":"2018-07-17T00:00:00","date_gmt":"2018-07-17T00:00:00","guid":{"rendered":"https:\/\/dev.liqui-moly-shop.ch\/index.php\/product\/nachfuell-oel-5w-40\/"},"modified":"2023-10-05T15:13:13","modified_gmt":"2023-10-05T15:13:13","slug":"nachfuell-oel-5w-40","status":"publish","type":"product","link":"https:\/\/www.liqui-moly-shop.ch\/index.php\/product\/nachfuell-oel-5w-40\/","title":{"rendered":"Nachf\u00fcll-\u00d6l 5W-40"},"content":{"rendered":"<h3>Nachf\u00fcll-\u00d6l 5W-40<\/h3>\n<p><strong>F\u00fcr unterwegs immer das richtige \u00d6l an Bord!<\/strong><br \/>\nHightech-Leichtlaufmotor\u00f6l auf Basis Synthesetechnologie. Mit verbesserter Verschlei\u00dfschutzformel. Vermindert \u00d6leindickung durch Ru\u00dfeintrag. Durch maximale Motorleistung und hohe Leistungsreserve schneller und sicherer ans Ziel kommen. \u00dcbertrifft die h\u00f6chsten Testanforderungen namhafter Fahrzeughersteller. Sichert die Funktionsf\u00e4higkeit des Dieselpartikelfilters (DPF) und sorgt f\u00fcr maximale Lebensdauer.<\/p>\n<p><!-- --><\/p>\n<table id=\"detail\">\n<tbody>\n<tr>\n<td class=\"left\" valign=\"top\">Artikelnummer:<\/td>\n<td class=\"right\" valign=\"top\">1305<\/td>\n<\/tr>\n<tr>\n<td class=\"left\" valign=\"top\">Gebinde:<\/td>\n<td class=\"right\" valign=\"top\">1 l Kanister Kunststoff<\/td>\n<\/tr>\n<tr>\n<td class=\"left\" valign=\"top\">Paletteninhalt:<\/td>\n<td class=\"right\" valign=\"top\">576<\/td>\n<\/tr>\n<tr>\n<td class=\"left\" valign=\"top\">VPE:<\/td>\n<td class=\"right\" valign=\"top\">6 STK<\/td>\n<\/tr>\n<tr>\n<td class=\"left\" valign=\"top\">Sprache:<\/td>\n<td class=\"right\" valign=\"top\">D<\/td>\n<\/tr>\n<\/tbody>\n<\/table>\n<h3 class=\"detail\">Einsatzzweck<\/h3>\n<p>Ganzjahres\u00f6l f\u00fcr Benzin- und Dieselmotoren einschlie\u00dflich Common-Rail- und Pumpe- D\u00fcse-Technologie. Besonders geeignet f\u00fcr Fahrzeuge mit Dieselpartikelfilter (DPF) \u2013 auch bei Nachr\u00fcstung. Mischbar mit allen handels\u00fcblichen Motor\u00f6len. Turbo- und Kat-getestet.<\/p>\n<h3 class=\"detail\">Spezifikationen und Freigaben<\/h3>\n<p>ACEA C3 ; API SN ; API CF ; BMW Longlife-04 ; Ford WSS-M2C 917-A ; MB-Freigabe 229.31 ; Porsche A40 ; VW 502 00 ; VW 505 00 ; VW 505 01<\/p>\n<p>&nbsp;<\/p>\n<p><b>LIQUI MOLY empfiehlt dieses Produkt zus\u00e4tzlich f\u00fcr Fahrzeuge bzw. Aggregate, f\u00fcr die folgende Spezifikationen oder Originalersatzteilnummern gefordert werden:<\/b><\/p>\n<p>ACEA A3 ; ACEA B4 ; Fiat 9.55535-H2 ; Fiat 9.55535-M2 ; Fiat 9.55535-S2 ; Renault RN 0700 ; Renault RN 0710<\/p>\n<ul class=\"info-text m-0 p-0\">\n<li>EUH208 Enth\u00e4lt C14-16-18 Alkylphenol. Kann allergische Reaktionen hervorrufen.<\/li>\n<li>EUH210 Sicherheitsdatenblatt auf Anfrage erh\u00e4ltlich.<\/li>\n<\/ul>\n<p>Wenn Sie Fragen rund um die Liqui Moly Produkte haben sollten, z\u00f6gern Sie nicht und kontaktieren Sie uns. Gerne stehen wir Ihnen jederzeit gerne zur Verf\u00fcgung.<\/p>\n","protected":false},"excerpt":{"rendered":"<p>Nachf\u00fcll-\u00d6l 5W-40 F\u00fcr unterwegs immer das richtige \u00d6l an Bord! Hightech-Leichtlaufmotor\u00f6l auf Basis Synthesetechnologie. Mit verbesserter Verschlei\u00dfschutzformel. Vermindert \u00d6leindickung durch Ru\u00dfeintrag. Durch maximale Motorleistung und hohe Leistungsreserve schneller und sicherer ans Ziel kommen. \u00dcbertrifft die h\u00f6chsten Testanforderungen namhafter Fahrzeughersteller. Sichert die Funktionsf\u00e4higkeit des Dieselpartikelfilters (DPF) und sorgt f\u00fcr maximale Lebensdauer. Artikelnummer: 1305 Gebinde: 1 l [&hellip;]<\/p>\n","protected":false},"featured_media":24026,"comment_status":"closed","ping_status":"closed","template":"","meta":[],"class_list":["post-24025","product","type-product","status-publish","has-post-thumbnail","hentry","product_cat-5w-40","product_cat-motoroele-4-takt-auto","product_cat-schmierstoffe"],"_links":{"self":[{"href":"https:\/\/www.liqui-moly-shop.ch\/index.php\/wp-json\/wp\/v2\/product\/24025","targetHints":{"allow":["GET"]}}],"collection":[{"href":"https:\/\/www.liqui-moly-shop.ch\/index.php\/wp-json\/wp\/v2\/product"}],"about":[{"href":"https:\/\/www.liqui-moly-shop.ch\/index.php\/wp-json\/wp\/v2\/types\/product"}],"replies":[{"embeddable":true,"href":"https:\/\/www.liqui-moly-shop.ch\/index.php\/wp-json\/wp\/v2\/comments?post=24025"}],"wp:featuredmedia":[{"embeddable":true,"href":"https:\/\/www.liqui-moly-shop.ch\/index.php\/wp-json\/wp\/v2\/media\/24026"}],"wp:attachment":[{"href":"https:\/\/www.liqui-moly-shop.ch\/index.php\/wp-json\/wp\/v2\/media?parent=24025"}],"curies":[{"name":"wp","href":"https:\/\/api.w.org\/{rel}","templated":true}]}}