{"id":24028,"date":"2018-07-17T00:00:00","date_gmt":"2018-07-17T00:00:00","guid":{"rendered":"https:\/\/dev.liqui-moly-shop.ch\/index.php\/product\/synthoil-high-tech-5w-40\/"},"modified":"2023-10-05T14:49:07","modified_gmt":"2023-10-05T14:49:07","slug":"synthoil-high-tech-5w-40","status":"publish","type":"product","link":"https:\/\/www.liqui-moly-shop.ch\/index.php\/product\/synthoil-high-tech-5w-40\/","title":{"rendered":"Synthoil High Tech 5W-40"},"content":{"rendered":"<h3>Synthoil High Tech 5W-40<\/h3>\n<p><strong>Sorgt f\u00fcr einen stabilen Schmierfilm.<\/strong><br \/>\nVollsynthetisches Leichtlaufmotor\u00f6l. H\u00e4lt den \u00d6lverbrauch niedrig. Gew\u00e4hrleistet selbst bei langen \u00d6lwechselintervallen die maximale Performance. Bietet optimalen \u00d6ldruck unter allen Betriebsbedingungen. Durch die schnelle Durch\u00f6lung wird der Motor bei Start- und Warmlaufphase hervorragend vor Verschlei\u00df gesch\u00fctzt.<\/p>\n<p><!-- --><\/p>\n<table id=\"detail\">\n<tbody>\n<tr>\n<td class=\"left\" valign=\"top\">Artikelnummer:<\/td>\n<td class=\"right\" valign=\"top\">1306<\/td>\n<\/tr>\n<tr>\n<td class=\"left\" valign=\"top\">Gebinde:<\/td>\n<td class=\"right\" valign=\"top\">1 l Kanister Kunststoff<\/td>\n<\/tr>\n<tr>\n<td class=\"left\" valign=\"top\">Paletteninhalt:<\/td>\n<td class=\"right\" valign=\"top\">576<\/td>\n<\/tr>\n<tr>\n<td class=\"left\" valign=\"top\">VPE:<\/td>\n<td class=\"right\" valign=\"top\">6 STK<\/td>\n<\/tr>\n<tr>\n<td class=\"left\" valign=\"top\">Sprache:<\/td>\n<td class=\"right\" valign=\"top\">D &#8211; F &#8211; I<\/td>\n<\/tr>\n<\/tbody>\n<\/table>\n<h3 class=\"detail\">Einsatzzweck<\/h3>\n<p>Ganzjahres\u00f6l f\u00fcr Benzin- und Dieselmotoren. Turbo- und Kat-getestet.<\/p>\n<h3 class=\"detail\">Spezifikationen und Freigaben<\/h3>\n<p>ACEA A3 ; ACEA B4 ; API SM ; API CF<\/p>\n<p>&nbsp;<\/p>\n<p><b>LIQUI MOLY empfiehlt dieses Produkt zus\u00e4tzlich f\u00fcr Fahrzeuge bzw. Aggregate, f\u00fcr die folgende Spezifikationen oder Originalersatzteilnummern gefordert werden:<\/b><\/p>\n<p>BMW Longlife-98 ; MB 229.3 ; Porsche A40 ; VW 502 00 ; VW 505 00<\/p>\n<ul class=\"info-text m-0 p-0\">\n<li>EUH208 Enth\u00e4lt Benzolsulfons\u00e4ure, Methyl-, Mono-C20-24-verzweigte Alkylderivate, Calciumsalze. Kann allergische Reaktionen hervorrufen.<\/li>\n<li>EUH210 Sicherheitsdatenblatt auf Anfrage erh\u00e4ltlich.<\/li>\n<\/ul>\n<p>Wenn Sie Fragen rund um die Liqui Moly Produkte haben sollten, z\u00f6gern Sie nicht und kontaktieren Sie uns. Gerne stehen wir Ihnen jederzeit gerne zur Verf\u00fcgung.<\/p>\n","protected":false},"excerpt":{"rendered":"<p>Synthoil High Tech 5W-40 Sorgt f\u00fcr einen stabilen Schmierfilm. Vollsynthetisches Leichtlaufmotor\u00f6l. H\u00e4lt den \u00d6lverbrauch niedrig. Gew\u00e4hrleistet selbst bei langen \u00d6lwechselintervallen die maximale Performance. Bietet optimalen \u00d6ldruck unter allen Betriebsbedingungen. Durch die schnelle Durch\u00f6lung wird der Motor bei Start- und Warmlaufphase hervorragend vor Verschlei\u00df gesch\u00fctzt. Artikelnummer: 1306 Gebinde: 1 l Kanister Kunststoff Paletteninhalt: 576 VPE: 6 [&hellip;]<\/p>\n","protected":false},"featured_media":24029,"comment_status":"closed","ping_status":"closed","template":"","meta":[],"class_list":["post-24028","product","type-product","status-publish","has-post-thumbnail","hentry","product_cat-5w-40","product_cat-motoroele-4-takt-auto","product_cat-schmierstoffe"],"_links":{"self":[{"href":"https:\/\/www.liqui-moly-shop.ch\/index.php\/wp-json\/wp\/v2\/product\/24028","targetHints":{"allow":["GET"]}}],"collection":[{"href":"https:\/\/www.liqui-moly-shop.ch\/index.php\/wp-json\/wp\/v2\/product"}],"about":[{"href":"https:\/\/www.liqui-moly-shop.ch\/index.php\/wp-json\/wp\/v2\/types\/product"}],"replies":[{"embeddable":true,"href":"https:\/\/www.liqui-moly-shop.ch\/index.php\/wp-json\/wp\/v2\/comments?post=24028"}],"wp:featuredmedia":[{"embeddable":true,"href":"https:\/\/www.liqui-moly-shop.ch\/index.php\/wp-json\/wp\/v2\/media\/24029"}],"wp:attachment":[{"href":"https:\/\/www.liqui-moly-shop.ch\/index.php\/wp-json\/wp\/v2\/media?parent=24028"}],"curies":[{"name":"wp","href":"https:\/\/api.w.org\/{rel}","templated":true}]}}