{"id":24041,"date":"2018-07-17T00:00:00","date_gmt":"2018-07-17T00:00:00","guid":{"rendered":"https:\/\/dev.liqui-moly-shop.ch\/index.php\/product\/leichtlauf-high-tech-5w-40\/"},"modified":"2023-10-05T09:21:04","modified_gmt":"2023-10-05T09:21:04","slug":"leichtlauf-high-tech-5w-40","status":"publish","type":"product","link":"https:\/\/www.liqui-moly-shop.ch\/index.php\/product\/leichtlauf-high-tech-5w-40\/","title":{"rendered":"Leichtlauf High Tech 5W-40"},"content":{"rendered":"<h3>Leichtlauf High Tech 5W-40<\/h3>\n<p><strong>Einsetzbar f\u00fcr Benzinfahrzeuge und f\u00fcr Dieselfahrzeuge ohne Dieselpartikelfilter.<br \/>\n<\/strong>Modernes Leichtlaufmotor\u00f6l der Spitzenklasse f\u00fcr Benzin- und Dieselmotoren ohne Dieselpartikelfilter (DPF). Die Kombination unkonventioneller Grund\u00f6le auf Basis von Synthesetechnologie und neuester Additivtechnologie garantieren ein Motor\u00f6l, das den \u00d6l- und Kraftstoffverbrauch senkt und f\u00fcr eine schnelle Durch\u00f6lung des Motors sorgt. Je nach Herstellervorschrift lassen sich \u00d6lwechselintervalle von bis zu 40.000 km realisieren.<\/p>\n<p><!-- --><\/p>\n<table id=\"detail\">\n<tbody>\n<tr>\n<td class=\"left\" valign=\"top\">Artikelnummer:<\/td>\n<td class=\"right\" valign=\"top\">3863<\/td>\n<\/tr>\n<tr>\n<td class=\"left\" valign=\"top\">Gebinde:<\/td>\n<td class=\"right\" valign=\"top\">1 l Kanister Kunststoff<\/td>\n<\/tr>\n<tr>\n<td class=\"left\" valign=\"top\">Paletteninhalt:<\/td>\n<td class=\"right\" valign=\"top\">576<\/td>\n<\/tr>\n<tr>\n<td class=\"left\" valign=\"top\">VPE:<\/td>\n<td class=\"right\" valign=\"top\">6 STK<\/td>\n<\/tr>\n<tr>\n<td class=\"left\" valign=\"top\">Sprache:<\/td>\n<td class=\"right\" valign=\"top\">D &#8211; F &#8211; I<\/td>\n<\/tr>\n<\/tbody>\n<\/table>\n<h3 class=\"detail\">Einsatzzweck<\/h3>\n<p>Ganzjahres\u00f6l f\u00fcr moderne Benzinmotoren und Dieselmotoren mit Mehrventiltechnik und Turboaufladung sowie mit und ohne Ladeluftk\u00fchlung (LLK). Speziell geeignet bei langen \u00d6lwechselintervallen und hohen motorischen Anforderungen. Turbo- und Kat-getestet.<\/p>\n<h3 class=\"detail\">Spezifikationen und Freigaben<\/h3>\n<p>ACEA A3 ; ACEA B4 ; API SN ; API CF ; BMW Longlife-01 ; MB-Freigabe 229.5 ; Porsche A40 ; Renault RN 0700 ; Renault RN 0710 ; VW 502 00 ; VW 505 00<\/p>\n<p>&nbsp;<\/p>\n<p><b>LIQUI MOLY empfiehlt dieses Produkt zus\u00e4tzlich f\u00fcr Fahrzeuge bzw. Aggregate, f\u00fcr die folgende Spezifikationen oder Originalersatzteilnummern gefordert werden:<\/b><\/p>\n<p>Chrysler MS-10725 ; Chrysler MS-10850 ; Fiat 9.55535-H2 ; Fiat 9.55535-M2 ; Fiat 9.55535-N2 ; Fiat 9.55535-Z2 ; Opel GM-LL-B-025 ; Peugeot Citroen (PSA) B71 2294 ; Peugeot Citroen (PSA) B71 2296<\/p>\n<p>Wenn Sie Fragen rund um die Liqui Moly Produkte haben sollten, z\u00f6gern Sie nicht und kontaktieren Sie uns. Gerne stehen wir Ihnen jederzeit gerne zur Verf\u00fcgung.<\/p>\n","protected":false},"excerpt":{"rendered":"<p>Leichtlauf High Tech 5W-40 Einsetzbar f\u00fcr Benzinfahrzeuge und f\u00fcr Dieselfahrzeuge ohne Dieselpartikelfilter. Modernes Leichtlaufmotor\u00f6l der Spitzenklasse f\u00fcr Benzin- und Dieselmotoren ohne Dieselpartikelfilter (DPF). Die Kombination unkonventioneller Grund\u00f6le auf Basis von Synthesetechnologie und neuester Additivtechnologie garantieren ein Motor\u00f6l, das den \u00d6l- und Kraftstoffverbrauch senkt und f\u00fcr eine schnelle Durch\u00f6lung des Motors sorgt. Je nach Herstellervorschrift lassen [&hellip;]<\/p>\n","protected":false},"featured_media":24042,"comment_status":"closed","ping_status":"closed","template":"","meta":[],"class_list":["post-24041","product","type-product","status-publish","has-post-thumbnail","hentry","product_cat-5w-40","product_cat-motoroele-4-takt-auto","product_cat-schmierstoffe"],"_links":{"self":[{"href":"https:\/\/www.liqui-moly-shop.ch\/index.php\/wp-json\/wp\/v2\/product\/24041","targetHints":{"allow":["GET"]}}],"collection":[{"href":"https:\/\/www.liqui-moly-shop.ch\/index.php\/wp-json\/wp\/v2\/product"}],"about":[{"href":"https:\/\/www.liqui-moly-shop.ch\/index.php\/wp-json\/wp\/v2\/types\/product"}],"replies":[{"embeddable":true,"href":"https:\/\/www.liqui-moly-shop.ch\/index.php\/wp-json\/wp\/v2\/comments?post=24041"}],"wp:featuredmedia":[{"embeddable":true,"href":"https:\/\/www.liqui-moly-shop.ch\/index.php\/wp-json\/wp\/v2\/media\/24042"}],"wp:attachment":[{"href":"https:\/\/www.liqui-moly-shop.ch\/index.php\/wp-json\/wp\/v2\/media?parent=24041"}],"curies":[{"name":"wp","href":"https:\/\/api.w.org\/{rel}","templated":true}]}}