{"id":24049,"date":"2018-07-17T00:00:00","date_gmt":"2018-07-17T00:00:00","guid":{"rendered":"https:\/\/dev.liqui-moly-shop.ch\/index.php\/product\/top-tec-4100-5w-40\/"},"modified":"2023-10-05T14:55:54","modified_gmt":"2023-10-05T14:55:54","slug":"top-tec-4100-5w-40","status":"publish","type":"product","link":"https:\/\/www.liqui-moly-shop.ch\/index.php\/product\/top-tec-4100-5w-40\/","title":{"rendered":"Top Tec 4100 5W-40"},"content":{"rendered":"<h3>Top Tec 4100 5W-40<\/h3>\n<p><strong>Schwefelreduziert zum Schutz der Umwelt und des Ru\u00dfpartikelfilters.<\/strong><br \/>\nSynthesetechnologie-Leichtlaufmotor\u00f6l mit extrem hoher Leistungsreserve. Mit hervorragender Verschlei\u00dfschutzformel f\u00fcr Pumpe-D\u00fcse-Motoren. Vermindert \u00d6leindickung durch Ru\u00dfeintrag. F\u00fcr h\u00f6chste Motorleistung. Sichert die Funktionsf\u00e4higkeit des Dieselpartikelfilters (DPF) und sorgt f\u00fcr maximale Lebensdauer. Gew\u00e4hrleistet selbst bei langen \u00d6lwechselintervallen (bis zu 30.000 km) die maximale Performance.<\/p>\n<p><!-- --><\/p>\n<table id=\"detail\">\n<tbody>\n<tr>\n<td class=\"left\" valign=\"top\">Artikelnummer:<\/td>\n<td class=\"right\" valign=\"top\">3700<\/td>\n<\/tr>\n<tr>\n<td class=\"left\" valign=\"top\">Gebinde:<\/td>\n<td class=\"right\" valign=\"top\">1 l Kanister Kunststoff<\/td>\n<\/tr>\n<tr>\n<td class=\"left\" valign=\"top\">Paletteninhalt:<\/td>\n<td class=\"right\" valign=\"top\">576<\/td>\n<\/tr>\n<tr>\n<td class=\"left\" valign=\"top\">VPE:<\/td>\n<td class=\"right\" valign=\"top\">6 STK<\/td>\n<\/tr>\n<tr>\n<td class=\"left\" valign=\"top\">Sprache:<\/td>\n<td class=\"right\" valign=\"top\">D &#8211; F &#8211; I<\/td>\n<\/tr>\n<\/tbody>\n<\/table>\n<h3 class=\"detail\">Einsatzzweck<\/h3>\n<p>Ganzjahres\u00f6l f\u00fcr Benzin- und Dieselmotoren einschlie\u00dflich Common-Rail- und Pumpe- D\u00fcse-Technologie. Besonders geeignet f\u00fcr gasbetriebene Fahrzeuge (CNG\/LPG) und Fahrzeuge mit Dieselpartikelfilter (DPF) \u2013 auch bei Nachr\u00fcstung. Turbo- und Kat-getestet.<\/p>\n<h3 class=\"detail\">Spezifikationen und Freigaben<\/h3>\n<p>ACEA C3 ; API SN ; API CF ; BMW Longlife-04 ; Ford WSS-M2C 917-A ; MB-Freigabe 229.31 ; Porsche A40 ; VW 502 00 ; VW 505 00 ; VW 505 01<\/p>\n<p>&nbsp;<\/p>\n<p><b>LIQUI MOLY empfiehlt dieses Produkt zus\u00e4tzlich f\u00fcr Fahrzeuge bzw. Aggregate, f\u00fcr die folgende Spezifikationen oder Originalersatzteilnummern gefordert werden:<\/b><\/p>\n<p>ACEA A3 ; ACEA B4 ; Fiat 9.55535-H2 ; Fiat 9.55535-M2 ; Fiat 9.55535-S2 ; Renault RN 0700 ; Renault RN 0710<\/p>\n<ul class=\"info-text m-0 p-0\">\n<li>EUH208 Enth\u00e4lt C14-16-18 Alkylphenol. Kann allergische Reaktionen hervorrufen.<\/li>\n<li>EUH210 Sicherheitsdatenblatt auf Anfrage erh\u00e4ltlich.<\/li>\n<\/ul>\n<p>Wenn Sie Fragen rund um die Liqui Moly Produkte haben sollten, z\u00f6gern Sie nicht und kontaktieren Sie uns. Gerne stehen wir Ihnen jederzeit gerne zur Verf\u00fcgung.<\/p>\n","protected":false},"excerpt":{"rendered":"<p>Top Tec 4100 5W-40 Schwefelreduziert zum Schutz der Umwelt und des Ru\u00dfpartikelfilters. Synthesetechnologie-Leichtlaufmotor\u00f6l mit extrem hoher Leistungsreserve. Mit hervorragender Verschlei\u00dfschutzformel f\u00fcr Pumpe-D\u00fcse-Motoren. Vermindert \u00d6leindickung durch Ru\u00dfeintrag. F\u00fcr h\u00f6chste Motorleistung. Sichert die Funktionsf\u00e4higkeit des Dieselpartikelfilters (DPF) und sorgt f\u00fcr maximale Lebensdauer. Gew\u00e4hrleistet selbst bei langen \u00d6lwechselintervallen (bis zu 30.000 km) die maximale Performance. Artikelnummer: 3700 Gebinde: [&hellip;]<\/p>\n","protected":false},"featured_media":24050,"comment_status":"closed","ping_status":"closed","template":"","meta":[],"class_list":["post-24049","product","type-product","status-publish","has-post-thumbnail","hentry","product_cat-5w-40","product_cat-motoroele-4-takt-auto","product_cat-schmierstoffe"],"_links":{"self":[{"href":"https:\/\/www.liqui-moly-shop.ch\/index.php\/wp-json\/wp\/v2\/product\/24049","targetHints":{"allow":["GET"]}}],"collection":[{"href":"https:\/\/www.liqui-moly-shop.ch\/index.php\/wp-json\/wp\/v2\/product"}],"about":[{"href":"https:\/\/www.liqui-moly-shop.ch\/index.php\/wp-json\/wp\/v2\/types\/product"}],"replies":[{"embeddable":true,"href":"https:\/\/www.liqui-moly-shop.ch\/index.php\/wp-json\/wp\/v2\/comments?post=24049"}],"wp:featuredmedia":[{"embeddable":true,"href":"https:\/\/www.liqui-moly-shop.ch\/index.php\/wp-json\/wp\/v2\/media\/24050"}],"wp:attachment":[{"href":"https:\/\/www.liqui-moly-shop.ch\/index.php\/wp-json\/wp\/v2\/media?parent=24049"}],"curies":[{"name":"wp","href":"https:\/\/api.w.org\/{rel}","templated":true}]}}