{"id":24055,"date":"2018-07-17T00:00:00","date_gmt":"2018-07-17T00:00:00","guid":{"rendered":"https:\/\/dev.liqui-moly-shop.ch\/index.php\/product\/touring-high-tech-hd-30\/"},"modified":"2023-10-09T08:58:21","modified_gmt":"2023-10-09T08:58:21","slug":"touring-high-tech-hd-30","status":"publish","type":"product","link":"https:\/\/www.liqui-moly-shop.ch\/index.php\/product\/touring-high-tech-hd-30\/","title":{"rendered":"Touring High Tech HD 30"},"content":{"rendered":"<h3>Touring High Tech HD 30<\/h3>\n<p>Mineralisches Einbereichs\u00f6l f\u00fcr klassische Motoren und Aggregate, bei denen der Hersteller ein mild legiertes Motor\u00f6l vorschreibt. Verhindert die Schlammbildung. Sorgt selbst unter extremen Betriebsbedingungen f\u00fcr einen stabilen Schmierfilm. Mit erh\u00f6htem Anteil von Verschlei\u00dfschutzkomponenten.<\/p>\n<p><!-- --><\/p>\n<table id=\"detail\">\n<tbody>\n<tr>\n<td class=\"left\" valign=\"top\">Artikelnummer:<\/td>\n<td class=\"right\" valign=\"top\">1265<\/td>\n<\/tr>\n<tr>\n<td class=\"left\" valign=\"top\">Gebinde:<\/td>\n<td class=\"right\" valign=\"top\">5 l Kanister Kunststoff<\/td>\n<\/tr>\n<tr>\n<td class=\"left\" valign=\"top\">Paletteninhalt:<\/td>\n<td class=\"right\" valign=\"top\">128<\/td>\n<\/tr>\n<tr>\n<td class=\"left\" valign=\"top\">VPE:<\/td>\n<td class=\"right\" valign=\"top\">4 STK<\/td>\n<\/tr>\n<tr>\n<td class=\"left\" valign=\"top\">Sprache:<\/td>\n<td class=\"right\" valign=\"top\">D &#8211; GB &#8211; I &#8211; E &#8211; P<\/td>\n<\/tr>\n<\/tbody>\n<\/table>\n<h3 class=\"detail\">Einsatzzweck<\/h3>\n<p>Universell einsetzbar f\u00fcr Benzin- und Dieselmotoren. Besonders geeignet f\u00fcr Aggregate und \u00e4ltere Fahrzeuge. Turbo-getestet.<\/p>\n<h3 class=\"detail\">Spezifikationen und Freigaben<\/h3>\n<p>ACEA E2 ; API SJ ; API CF ; API CF-4<\/p>\n<p>&nbsp;<\/p>\n<p><b>LIQUI MOLY empfiehlt dieses Produkt zus\u00e4tzlich f\u00fcr Fahrzeuge bzw. Aggregate, f\u00fcr die folgende Spezifikationen oder Originalersatzteilnummern gefordert werden:<\/b><\/p>\n<p>MAN 270 ; MB 228.0 ; Volvo VDS<\/p>\n<div class=\"content-row content-standalone bg-light py-5 py-lg-6 variantswitch-sku-1265\">\n<div class=\"ghs-information container fs-11\">\n<div class=\"d-grid gap-3\">\n<div class=\"text-md-center text-muted ps-md-2 pe-md-2\">\n<ul class=\"info-text m-0 p-0\">\n<li>EUH210 Sicherheitsdatenblatt auf Anfrage erh\u00e4ltlich.<\/li>\n<\/ul>\n<\/div>\n<\/div>\n<\/div>\n<\/div>\n<div class=\"container\">\n<div class=\"content-tabs-wrapper content-tabs-container content-row product info detailed mage-tabs-disabled\">\n<div class=\"horizontal-scroll horizontal-scroll--fade-out\" data-limo-observe-movement=\"\">\n<ul class=\"nav content-tabs scroll-snap-x flex-nowrap\" data-limo-observe-tabs=\"\">\n<li class=\"d-inline-block nav-item px-2_5\" role=\"tablist\"><\/li>\n<\/ul>\n<\/div>\n<\/div>\n<\/div>\n<p>Wenn Sie Fragen rund um die Liqui Moly Produkte haben sollten, z\u00f6gern Sie nicht und kontaktieren Sie uns. Gerne stehen wir Ihnen jederzeit gerne zur Verf\u00fcgung.<\/p>\n","protected":false},"excerpt":{"rendered":"<p>Touring High Tech HD 30 Mineralisches Einbereichs\u00f6l f\u00fcr klassische Motoren und Aggregate, bei denen der Hersteller ein mild legiertes Motor\u00f6l vorschreibt. Verhindert die Schlammbildung. Sorgt selbst unter extremen Betriebsbedingungen f\u00fcr einen stabilen Schmierfilm. Mit erh\u00f6htem Anteil von Verschlei\u00dfschutzkomponenten. Artikelnummer: 1265 Gebinde: 5 l Kanister Kunststoff Paletteninhalt: 128 VPE: 4 STK Sprache: D &#8211; GB &#8211; [&hellip;]<\/p>\n","protected":false},"featured_media":24056,"comment_status":"closed","ping_status":"closed","template":"","meta":[],"class_list":["post-24055","product","type-product","status-publish","has-post-thumbnail","hentry","product_cat-motoroele-einbereichsoele","product_cat-schmierstoffe"],"_links":{"self":[{"href":"https:\/\/www.liqui-moly-shop.ch\/index.php\/wp-json\/wp\/v2\/product\/24055","targetHints":{"allow":["GET"]}}],"collection":[{"href":"https:\/\/www.liqui-moly-shop.ch\/index.php\/wp-json\/wp\/v2\/product"}],"about":[{"href":"https:\/\/www.liqui-moly-shop.ch\/index.php\/wp-json\/wp\/v2\/types\/product"}],"replies":[{"embeddable":true,"href":"https:\/\/www.liqui-moly-shop.ch\/index.php\/wp-json\/wp\/v2\/comments?post=24055"}],"wp:featuredmedia":[{"embeddable":true,"href":"https:\/\/www.liqui-moly-shop.ch\/index.php\/wp-json\/wp\/v2\/media\/24056"}],"wp:attachment":[{"href":"https:\/\/www.liqui-moly-shop.ch\/index.php\/wp-json\/wp\/v2\/media?parent=24055"}],"curies":[{"name":"wp","href":"https:\/\/api.w.org\/{rel}","templated":true}]}}