{"id":24067,"date":"2018-07-17T00:00:00","date_gmt":"2018-07-17T00:00:00","guid":{"rendered":"https:\/\/dev.liqui-moly-shop.ch\/index.php\/product\/bremsen-anti-quietsch-paste-pinseldose\/"},"modified":"2023-10-20T13:46:03","modified_gmt":"2023-10-20T13:46:03","slug":"bremsen-anti-quietsch-paste-pinseldose","status":"publish","type":"product","link":"https:\/\/www.liqui-moly-shop.ch\/index.php\/product\/bremsen-anti-quietsch-paste-pinseldose\/","title":{"rendered":"Bremsen-Anti-Quietsch-Paste (Pinseldose)"},"content":{"rendered":"<h3>Bremsen-Anti-Quietsch-Paste (Pinseldose)<\/h3>\n<p>Synthetischer Spezialschmierstoff f\u00fcr das Bremssystem. \u00c4u\u00dferst haftaktiv, streusalz- und spritzwasserbest\u00e4ndig. Verhindert und beseitigt Quietschger\u00e4usche, die zwischen Bremssattelkolben bzw. Auflagestellen und Bremsbelag auftreten. Sichert die Funktion der gesamten Bremsanlage und verhindert das Festschwei\u00dfen bzw. Festrosten der Felgen auf der Radnabe. Temperatureinsatzbereich: \u201340\u2009\u00b0C bis +1.200\u2009\u00b0C.<\/p>\n<p><!-- --><\/p>\n<table id=\"detail\">\n<tbody>\n<tr>\n<td class=\"left\" valign=\"top\">Artikelnummer:<\/td>\n<td class=\"right\" valign=\"top\">3074<\/td>\n<\/tr>\n<tr>\n<td class=\"left\" valign=\"top\">Gebinde:<\/td>\n<td class=\"right\" valign=\"top\">200 ml Dose Aerosol<\/td>\n<\/tr>\n<tr>\n<td class=\"left\" valign=\"top\">Paletteninhalt:<\/td>\n<td class=\"right\" valign=\"top\">1080<\/td>\n<\/tr>\n<tr>\n<td class=\"left\" valign=\"top\">VPE:<\/td>\n<td class=\"right\" valign=\"top\">6 STK<\/td>\n<\/tr>\n<tr>\n<td class=\"left\" valign=\"top\">Sprache:<\/td>\n<td class=\"right\" valign=\"top\">D &#8211; GB &#8211; I &#8211; E &#8211; P<\/td>\n<\/tr>\n<\/tbody>\n<\/table>\n<h3 class=\"detail\">Einsatzzweck<\/h3>\n<p>F\u00fcr die gesamte Bremsanlage an Scheibenbremsbel\u00e4gen, Bolzen, Stiften sowie Anlagestellen bei Trommelbremsen. Trennpaste f\u00fcr Zentrierringe an Alufelgen, Verbindungsstellen zwischen Felgen und Radnaben sowie weitere Steck- und Schraubverbindungen.<\/p>\n<h3>Produktvideo<\/h3>\n<div class=\"d-flex justify-content-md-center gap-1\"><img decoding=\"async\" title=\"ghs02\" src=\"https:\/\/liquimoly.cloudimg.io\/v7\/https:\/\/www.liqui-moly.com\/static\/version1696862969\/frontend\/limo\/base\/de_DE\/images\/info\/ghs02.png\" alt=\"ghs02\" width=\"35px\" height=\"35px\" \/><img decoding=\"async\" title=\"ghs05\" src=\"https:\/\/liquimoly.cloudimg.io\/v7\/https:\/\/www.liqui-moly.com\/static\/version1696862969\/frontend\/limo\/base\/de_DE\/images\/info\/ghs05.png\" alt=\"ghs05\" width=\"35px\" height=\"35px\" \/><\/div>\n<div class=\"text-md-center text-muted ps-md-2 pe-md-2\"><strong>Gefahr<\/strong><\/p>\n<ul class=\"info-text m-0 p-0\">\n<li>H222 Extrem entz\u00fcndbares Aerosol.<\/li>\n<li>H229 Beh\u00e4lter steht unter Druck: Kann bei Erw\u00e4rmung bersten.<\/li>\n<li>H315 Verursacht Hautreizungen.<\/li>\n<li>H318 Verursacht schwere Augensch\u00e4den.<\/li>\n<li>EUH211 Achtung! Beim Spr\u00fchen k\u00f6nnen gef\u00e4hrliche lungeng\u00e4ngige Tr\u00f6pfchen entstehen. Aerosol oder Nebel nicht einatmen.<\/li>\n<\/ul>\n<\/div>\n<p>Wenn Sie Fragen rund um die Liqui Moly Produkte haben sollten, z\u00f6gern Sie nicht und kontaktieren Sie uns. Gerne stehen wir Ihnen jederzeit gerne zur Verf\u00fcgung.<\/p>\n","protected":false},"excerpt":{"rendered":"<p>Bremsen-Anti-Quietsch-Paste (Pinseldose) Synthetischer Spezialschmierstoff f\u00fcr das Bremssystem. \u00c4u\u00dferst haftaktiv, streusalz- und spritzwasserbest\u00e4ndig. Verhindert und beseitigt Quietschger\u00e4usche, die zwischen Bremssattelkolben bzw. Auflagestellen und Bremsbelag auftreten. Sichert die Funktion der gesamten Bremsanlage und verhindert das Festschwei\u00dfen bzw. Festrosten der Felgen auf der Radnabe. Temperatureinsatzbereich: \u201340\u2009\u00b0C bis +1.200\u2009\u00b0C. Artikelnummer: 3074 Gebinde: 200 ml Dose Aerosol Paletteninhalt: 1080 VPE: [&hellip;]<\/p>\n","protected":false},"featured_media":24068,"comment_status":"closed","ping_status":"closed","template":"","meta":[],"class_list":["post-24067","product","type-product","status-publish","has-post-thumbnail","hentry","product_cat-bremsenpaste","product_cat-pasten","product_cat-schmierstoffe"],"_links":{"self":[{"href":"https:\/\/www.liqui-moly-shop.ch\/index.php\/wp-json\/wp\/v2\/product\/24067","targetHints":{"allow":["GET"]}}],"collection":[{"href":"https:\/\/www.liqui-moly-shop.ch\/index.php\/wp-json\/wp\/v2\/product"}],"about":[{"href":"https:\/\/www.liqui-moly-shop.ch\/index.php\/wp-json\/wp\/v2\/types\/product"}],"replies":[{"embeddable":true,"href":"https:\/\/www.liqui-moly-shop.ch\/index.php\/wp-json\/wp\/v2\/comments?post=24067"}],"wp:featuredmedia":[{"embeddable":true,"href":"https:\/\/www.liqui-moly-shop.ch\/index.php\/wp-json\/wp\/v2\/media\/24068"}],"wp:attachment":[{"href":"https:\/\/www.liqui-moly-shop.ch\/index.php\/wp-json\/wp\/v2\/media?parent=24067"}],"curies":[{"name":"wp","href":"https:\/\/api.w.org\/{rel}","templated":true}]}}