{"id":24082,"date":"2018-07-17T00:00:00","date_gmt":"2018-07-17T00:00:00","guid":{"rendered":"https:\/\/dev.liqui-moly-shop.ch\/index.php\/product\/lm-48-spruehpaste\/"},"modified":"2023-12-01T15:56:09","modified_gmt":"2023-12-01T15:56:09","slug":"lm-48-spruehpaste","status":"publish","type":"product","link":"https:\/\/www.liqui-moly-shop.ch\/index.php\/product\/lm-48-spruehpaste\/","title":{"rendered":"LM 48 Spr\u00fchpaste"},"content":{"rendered":"<h3>LM 48 Spr\u00fchpaste<\/h3>\n<p>Hochleistungsf\u00e4hige Wolframdisulfid Paste f\u00fcr extreme Beanspruchungen. Sie haftet auch auf scheinbar glatten Oberfl\u00e4chen. Durch das Einreiben von Lagern und Gleitf\u00fchrungen, beim Einpressen von Bolzen und Lagerb\u00fcchsen, beim Aufziehen von W\u00e4lzlagerringen verhindert sie Einlaufsch\u00e4den und Fressspuren. Zur Grundschmierung, verhindert Einlaufsch\u00e4den. \u201eFor-life&#8221;-Schmierung von Gelenken und Kleinbauteilen. Enth\u00e4lt ein synergistisch wirkendes Festschmierstoffsystem auf Basis Zinksulfid, Grafit, Fluoriden und Wolframdisulfid.<br \/>\nTemperatureinsatzbereich: \u201335 \u00b0C bis +450 \u00b0C.<\/p>\n<p><!-- --><\/p>\n<table id=\"detail\">\n<tbody>\n<tr>\n<td class=\"left\" valign=\"top\">Artikelnummer:<\/td>\n<td class=\"right\" valign=\"top\">3045<\/td>\n<\/tr>\n<tr>\n<td class=\"left\" valign=\"top\">Gebinde:<\/td>\n<td class=\"right\" valign=\"top\">300 ml Dose Aerosol<\/td>\n<\/tr>\n<tr>\n<td class=\"left\" valign=\"top\">Paletteninhalt:<\/td>\n<td class=\"right\" valign=\"top\">1260<\/td>\n<\/tr>\n<tr>\n<td class=\"left\" valign=\"top\">VPE:<\/td>\n<td class=\"right\" valign=\"top\">12 STK<\/td>\n<\/tr>\n<tr>\n<td class=\"left\" valign=\"top\">Sprache:<\/td>\n<td class=\"right\" valign=\"top\">D &#8211; GB &#8211; I &#8211; E &#8211; P<\/td>\n<\/tr>\n<\/tbody>\n<\/table>\n<h3 class=\"detail\">Einsatzzweck<\/h3>\n<p>Zur Montage, Reparatur und Wartung in allen Bereichen der Technik.<\/p>\n<div class=\"d-flex justify-content-md-center gap-1\"><img decoding=\"async\" title=\"ghs02\" src=\"https:\/\/liquimoly.cloudimg.io\/v7\/https:\/\/www.liqui-moly.com\/static\/version1700056317\/frontend\/limo\/base\/de_DE\/images\/info\/ghs02.png\" alt=\"ghs02\" width=\"35px\" height=\"35px\" \/><img decoding=\"async\" title=\"ghs07\" src=\"https:\/\/liquimoly.cloudimg.io\/v7\/https:\/\/www.liqui-moly.com\/static\/version1700056317\/frontend\/limo\/base\/de_DE\/images\/info\/ghs07.png\" alt=\"ghs07\" width=\"35px\" height=\"35px\" \/><img decoding=\"async\" title=\"ghs09\" src=\"https:\/\/liquimoly.cloudimg.io\/v7\/https:\/\/www.liqui-moly.com\/static\/version1700056317\/frontend\/limo\/base\/de_DE\/images\/info\/ghs09.png\" alt=\"ghs09\" width=\"35px\" height=\"35px\" \/><\/div>\n<div class=\"text-md-center text-muted ps-md-2 pe-md-2\">\n<p><strong>Gefahr<\/strong><\/p>\n<ul class=\"info-text m-0 p-0\">\n<li>H222 Extrem entz\u00fcndbares Aerosol.<\/li>\n<li>H229 Beh\u00e4lter steht unter Druck: Kann bei Erw\u00e4rmung bersten.<\/li>\n<li>H315 Verursacht Hautreizungen.<\/li>\n<li>H336 Kann Schl\u00e4frigkeit und Benommenheit verursachen.<\/li>\n<li>H411 Giftig f\u00fcr Wasserorganismen, mit langfristiger Wirkung.<\/li>\n<\/ul>\n<\/div>\n<p>Wenn Sie Fragen rund um die Liqui Moly Produkte haben sollten, z\u00f6gern Sie nicht und kontaktieren Sie uns. Gerne stehen wir Ihnen jederzeit gerne zur Verf\u00fcgung.<\/p>\n","protected":false},"excerpt":{"rendered":"<p>LM 48 Spr\u00fchpaste Hochleistungsf\u00e4hige Wolframdisulfid Paste f\u00fcr extreme Beanspruchungen. Sie haftet auch auf scheinbar glatten Oberfl\u00e4chen. Durch das Einreiben von Lagern und Gleitf\u00fchrungen, beim Einpressen von Bolzen und Lagerb\u00fcchsen, beim Aufziehen von W\u00e4lzlagerringen verhindert sie Einlaufsch\u00e4den und Fressspuren. Zur Grundschmierung, verhindert Einlaufsch\u00e4den. \u201eFor-life&#8221;-Schmierung von Gelenken und Kleinbauteilen. Enth\u00e4lt ein synergistisch wirkendes Festschmierstoffsystem auf Basis Zinksulfid, [&hellip;]<\/p>\n","protected":false},"featured_media":24083,"comment_status":"closed","ping_status":"closed","template":"","meta":[],"class_list":["post-24082","product","type-product","status-publish","has-post-thumbnail","hentry","product_cat-pasten","product_cat-schmierstoffe","product_cat-spezialpasten-pasten"],"_links":{"self":[{"href":"https:\/\/www.liqui-moly-shop.ch\/index.php\/wp-json\/wp\/v2\/product\/24082","targetHints":{"allow":["GET"]}}],"collection":[{"href":"https:\/\/www.liqui-moly-shop.ch\/index.php\/wp-json\/wp\/v2\/product"}],"about":[{"href":"https:\/\/www.liqui-moly-shop.ch\/index.php\/wp-json\/wp\/v2\/types\/product"}],"replies":[{"embeddable":true,"href":"https:\/\/www.liqui-moly-shop.ch\/index.php\/wp-json\/wp\/v2\/comments?post=24082"}],"wp:featuredmedia":[{"embeddable":true,"href":"https:\/\/www.liqui-moly-shop.ch\/index.php\/wp-json\/wp\/v2\/media\/24083"}],"wp:attachment":[{"href":"https:\/\/www.liqui-moly-shop.ch\/index.php\/wp-json\/wp\/v2\/media?parent=24082"}],"curies":[{"name":"wp","href":"https:\/\/api.w.org\/{rel}","templated":true}]}}