{"id":24091,"date":"2018-07-17T00:00:00","date_gmt":"2018-07-17T00:00:00","guid":{"rendered":"https:\/\/dev.liqui-moly-shop.ch\/index.php\/product\/top-tec-mtf-5100-75w\/"},"modified":"2023-10-11T12:12:26","modified_gmt":"2023-10-11T12:12:26","slug":"top-tec-mtf-5100-75w","status":"publish","type":"product","link":"https:\/\/www.liqui-moly-shop.ch\/index.php\/product\/top-tec-mtf-5100-75w\/","title":{"rendered":"Top Tec MTF 5100 75W"},"content":{"rendered":"<h3>Top Tec MTF 5100 75W<\/h3>\n<p>Niedrigviskoses Hochleistungsgetriebe\u00f6l. F\u00fcr eine Vielzahl manueller Schaltgetriebe und\u00a0Doppelkupplungsgetriebe (S tronic und DSG)\u00a0geeignet. Bietet hohes Kraftstoffeinsparpotenzial und optimalen Verschlei\u00dfschutz durch exzellente Scherstabilit\u00e4t. Das gute Viskosit\u00e4tstemperaturverhalten sorgt unter allen Betriebsbedingungen f\u00fcr ausgezeichneten Schaltkomfort.<\/p>\n<p><!-- --><\/p>\n<table id=\"detail\">\n<tbody>\n<tr>\n<td class=\"left\" valign=\"top\">Artikelnummer:<\/td>\n<td class=\"right\" valign=\"top\">20842<\/td>\n<\/tr>\n<tr>\n<td class=\"left\" valign=\"top\">Gebinde:<\/td>\n<td class=\"right\" valign=\"top\">1 l Dose Kunststoff<\/td>\n<\/tr>\n<tr>\n<td class=\"left\" valign=\"top\">Paletteninhalt:<\/td>\n<td class=\"right\" valign=\"top\">570<\/td>\n<\/tr>\n<tr>\n<td class=\"left\" valign=\"top\">VPE:<\/td>\n<td class=\"right\" valign=\"top\">6 STK<\/td>\n<\/tr>\n<tr>\n<td class=\"left\" valign=\"top\">Sprache:<\/td>\n<td class=\"right\" valign=\"top\">D &#8211; GB &#8211; I &#8211; E &#8211; P<\/td>\n<\/tr>\n<\/tbody>\n<\/table>\n<h3 class=\"detail\">Einsatzzweck<\/h3>\n<p>Speziell entwickelt f\u00fcr manuelle Schaltgetriebe und\u00a0Doppelkupplungsgetriebe (S tronic und DSG). Besonders empfohlen f\u00fcr den Einsatz in neuen Schaltgetrieben von BMW, Ford und Volkswagen.<\/p>\n<h3 class=\"detail\">Spezifikationen und Freigaben<\/h3>\n<p>API GL4<\/p>\n<p>&nbsp;<\/p>\n<p><b>LIQUI MOLY empfiehlt dieses Produkt zus\u00e4tzlich f\u00fcr Fahrzeuge bzw. Aggregate, f\u00fcr die folgende Spezifikationen oder Originalersatzteilnummern gefordert werden:<\/b><br \/>\nBMW 83 22 7 533 818 ; BMW MTF LT-3 ; Ford WSS-M2C 200-D2 ; Toyota ; VW G 052 178 ; VW G 052 512 ; VW G 052 726 ; VW G 060 726 ; VW G 070 726<\/p>\n<p>H412 Sch\u00e4dlich f\u00fcr Wasserorganismen, mit langfristiger Wirkung.<\/p>\n<p>EUH208 Enth\u00e4lt Reaktionsprodukte von Bis(4-methylpentan-2-yl)dithiophosphors\u00e4ure mit Phosphoroxid, Propylenoxid und Aminen, C12-14-alkyl (verzweigt). Kann allergische Reaktionen hervorrufen.<\/p>\n<p>Wenn Sie Fragen rund um die Liqui Moly Produkte haben sollten, z\u00f6gern Sie nicht und kontaktieren Sie uns. Gerne stehen wir Ihnen jederzeit gerne zur Verf\u00fcgung.<\/p>\n","protected":false},"excerpt":{"rendered":"<p>Top Tec MTF 5100 75W Niedrigviskoses Hochleistungsgetriebe\u00f6l. F\u00fcr eine Vielzahl manueller Schaltgetriebe und\u00a0Doppelkupplungsgetriebe (S tronic und DSG)\u00a0geeignet. Bietet hohes Kraftstoffeinsparpotenzial und optimalen Verschlei\u00dfschutz durch exzellente Scherstabilit\u00e4t. Das gute Viskosit\u00e4tstemperaturverhalten sorgt unter allen Betriebsbedingungen f\u00fcr ausgezeichneten Schaltkomfort. Artikelnummer: 20842 Gebinde: 1 l Dose Kunststoff Paletteninhalt: 570 VPE: 6 STK Sprache: D &#8211; GB &#8211; I &#8211; [&hellip;]<\/p>\n","protected":false},"featured_media":24092,"comment_status":"closed","ping_status":"closed","template":"","meta":[],"class_list":["post-24091","product","type-product","status-publish","has-post-thumbnail","hentry","product_cat-schaltgetriebe-hypoidgetriebe-verteilergetriebeoele","product_cat-schmierstoffe"],"_links":{"self":[{"href":"https:\/\/www.liqui-moly-shop.ch\/index.php\/wp-json\/wp\/v2\/product\/24091","targetHints":{"allow":["GET"]}}],"collection":[{"href":"https:\/\/www.liqui-moly-shop.ch\/index.php\/wp-json\/wp\/v2\/product"}],"about":[{"href":"https:\/\/www.liqui-moly-shop.ch\/index.php\/wp-json\/wp\/v2\/types\/product"}],"replies":[{"embeddable":true,"href":"https:\/\/www.liqui-moly-shop.ch\/index.php\/wp-json\/wp\/v2\/comments?post=24091"}],"wp:featuredmedia":[{"embeddable":true,"href":"https:\/\/www.liqui-moly-shop.ch\/index.php\/wp-json\/wp\/v2\/media\/24092"}],"wp:attachment":[{"href":"https:\/\/www.liqui-moly-shop.ch\/index.php\/wp-json\/wp\/v2\/media?parent=24091"}],"curies":[{"name":"wp","href":"https:\/\/api.w.org\/{rel}","templated":true}]}}