{"id":24125,"date":"2018-07-17T00:00:00","date_gmt":"2018-07-17T00:00:00","guid":{"rendered":"https:\/\/dev.liqui-moly-shop.ch\/index.php\/product\/getriebeoel-gl5-75w-80\/"},"modified":"2022-12-23T10:09:06","modified_gmt":"2022-12-23T10:09:06","slug":"getriebeoel-gl5-75w-80","status":"publish","type":"product","link":"https:\/\/www.liqui-moly-shop.ch\/index.php\/product\/getriebeoel-gl5-75w-80\/","title":{"rendered":"Getriebe\u00f6l (GL5) 75W-80"},"content":{"rendered":"<h3>Getriebe\u00f6l (GL5) 75W-80<\/h3>\n<p>Teilsynthetisches Getriebe\u00f6l mit extrem hoher Leistungsreserve. Sorgt f\u00fcr ein exaktes Reibverhalten und bietet eine hervorragende Alterungsbest\u00e4ndigkeit. Verf\u00fcgt \u00fcber ein ausgezeichnetes Tieftemperaturverhalten. \u00dcbertrifft die hohen Testanforderungen namhafter Fahrzeughersteller. Gew\u00e4hrleistet selbst bei schwersten Betriebsbedingungen und gro\u00dfen Temperaturschwankungen eine einwandfreie Funktion der Aggregate. Bietet eine hohe Schmiersicherheit sowie einen optimalen Verschlei\u00dfschutz. Erm\u00f6glicht leichteres Schalten.<\/p>\n<p><!-- --><\/p>\n<table id=\"detail\">\n<tbody>\n<tr>\n<td class=\"left\" valign=\"top\">Artikelnummer:<\/td>\n<td class=\"right\" valign=\"top\">3658<\/td>\n<\/tr>\n<tr>\n<td class=\"left\" valign=\"top\">Gebinde:<\/td>\n<td class=\"right\" valign=\"top\">1 l Dose Kunststoff<\/td>\n<\/tr>\n<tr>\n<td class=\"left\" valign=\"top\">Paletteninhalt:<\/td>\n<td class=\"right\" valign=\"top\">570<\/td>\n<\/tr>\n<tr>\n<td class=\"left\" valign=\"top\">VPE:<\/td>\n<td class=\"right\" valign=\"top\">6 STK<\/td>\n<\/tr>\n<tr>\n<td class=\"left\" valign=\"top\">Sprache:<\/td>\n<td class=\"right\" valign=\"top\">D &#8211; GB &#8211; I &#8211; E &#8211; P<\/td>\n<\/tr>\n<\/tbody>\n<\/table>\n<h3 class=\"detail\">Einsatzzweck<\/h3>\n<p>F\u00fcr modernste Schalt- und Transaxlegetriebe \u2013 insbesondere aus dem Hause Citro\u00ebn und Peugeot. Die Vorschriften der Fahrzeug- bzw. Aggregathersteller sind zu beachten.<\/p>\n<h3 class=\"detail\">Spezifikationen und Freigaben<\/h3>\n<p>API GL5 ; MIL-L 2105 C<\/p>\n<p>&nbsp;<\/p>\n<p><b>LIQUI MOLY empfiehlt dieses Produkt zus\u00e4tzlich f\u00fcr Fahrzeuge bzw. Aggregate, f\u00fcr die folgende Spezifikationen oder Originalersatzteilnummern gefordert werden:<\/b><br \/>\nPeugeot Citroen (PSA) B71 2330<\/p>\n<p>Wenn Sie Fragen rund um die Liqui Moly Produkte haben sollten, z\u00f6gern Sie nicht und kontaktieren Sie uns. Gerne stehen wir Ihnen jederzeit gerne zur Verf\u00fcgung.<\/p>\n","protected":false},"excerpt":{"rendered":"<p>Getriebe\u00f6l (GL5) 75W-80 Teilsynthetisches Getriebe\u00f6l mit extrem hoher Leistungsreserve. Sorgt f\u00fcr ein exaktes Reibverhalten und bietet eine hervorragende Alterungsbest\u00e4ndigkeit. Verf\u00fcgt \u00fcber ein ausgezeichnetes Tieftemperaturverhalten. \u00dcbertrifft die hohen Testanforderungen namhafter Fahrzeughersteller. Gew\u00e4hrleistet selbst bei schwersten Betriebsbedingungen und gro\u00dfen Temperaturschwankungen eine einwandfreie Funktion der Aggregate. Bietet eine hohe Schmiersicherheit sowie einen optimalen Verschlei\u00dfschutz. Erm\u00f6glicht leichteres Schalten. Artikelnummer: [&hellip;]<\/p>\n","protected":false},"featured_media":24126,"comment_status":"closed","ping_status":"closed","template":"","meta":[],"class_list":["post-24125","product","type-product","status-publish","has-post-thumbnail","hentry","product_cat-schaltgetriebe-hypoidgetriebe-verteilergetriebeoele","product_cat-schmierstoffe"],"_links":{"self":[{"href":"https:\/\/www.liqui-moly-shop.ch\/index.php\/wp-json\/wp\/v2\/product\/24125","targetHints":{"allow":["GET"]}}],"collection":[{"href":"https:\/\/www.liqui-moly-shop.ch\/index.php\/wp-json\/wp\/v2\/product"}],"about":[{"href":"https:\/\/www.liqui-moly-shop.ch\/index.php\/wp-json\/wp\/v2\/types\/product"}],"replies":[{"embeddable":true,"href":"https:\/\/www.liqui-moly-shop.ch\/index.php\/wp-json\/wp\/v2\/comments?post=24125"}],"wp:featuredmedia":[{"embeddable":true,"href":"https:\/\/www.liqui-moly-shop.ch\/index.php\/wp-json\/wp\/v2\/media\/24126"}],"wp:attachment":[{"href":"https:\/\/www.liqui-moly-shop.ch\/index.php\/wp-json\/wp\/v2\/media?parent=24125"}],"curies":[{"name":"wp","href":"https:\/\/api.w.org\/{rel}","templated":true}]}}