{"id":24137,"date":"2018-07-17T00:00:00","date_gmt":"2018-07-17T00:00:00","guid":{"rendered":"https:\/\/dev.liqui-moly-shop.ch\/index.php\/product\/hypoid-getriebeoel-gl5-sae-80w\/"},"modified":"2024-02-13T15:31:28","modified_gmt":"2024-02-13T15:31:28","slug":"hypoid-getriebeoel-gl5-sae-80w","status":"publish","type":"product","link":"https:\/\/www.liqui-moly-shop.ch\/index.php\/product\/hypoid-getriebeoel-gl5-sae-80w\/","title":{"rendered":"Hypoid-Getriebe\u00f6l (GL5) SAE 80W"},"content":{"rendered":"<h3>Hypoid-Getriebe\u00f6l (GL5) SAE 80W<\/h3>\n<p>Mineralisches Hypoidgetriebe\u00f6l. F\u00fcr Fahrzeuge mit bew\u00e4hrter Getriebetechnologie. Gew\u00e4hrleistet h\u00f6chste Sicherheitsreserven unter kritischen Betriebsbedingungen. Sorgt f\u00fcr einen stabilen Schmierfilm und\u00a0minimiert den Verschlei\u00df.<\/p>\n<p><!-- --><\/p>\n<table id=\"detail\">\n<tbody>\n<tr>\n<td class=\"left\" valign=\"top\">Artikelnummer:<\/td>\n<td class=\"right\" valign=\"top\">1402<\/td>\n<\/tr>\n<tr>\n<td class=\"left\" valign=\"top\">Gebinde:<\/td>\n<td class=\"right\" valign=\"top\">500 ml Dose Kunststoff<\/td>\n<\/tr>\n<tr>\n<td class=\"left\" valign=\"top\">Paletteninhalt:<\/td>\n<td class=\"right\" valign=\"top\">840<\/td>\n<\/tr>\n<tr>\n<td class=\"left\" valign=\"top\">VPE:<\/td>\n<td class=\"right\" valign=\"top\">6 STK<\/td>\n<\/tr>\n<tr>\n<td class=\"left\" valign=\"top\">Sprache:<\/td>\n<td class=\"right\" valign=\"top\">D &#8211; GB &#8211; I &#8211; E &#8211; P<\/td>\n<\/tr>\n<\/tbody>\n<\/table>\n<h3 class=\"detail\">Einsatzzweck<\/h3>\n<p>F\u00fcr h\u00f6chstbelastete Fahrzeuggetriebe ohne Sperrdifferential, insbesondere Achsantriebe mit Hypoidverzahnung. Die Vorschriften der Fahrzeug- bzw. Aggregathersteller sind zu beachten.<\/p>\n<h3 class=\"detail\">Spezifikationen und Freigaben<\/h3>\n<p>API GL5 ; MIL-L 2105 D ; ZF TE-ML 17B<\/p>\n<p>&nbsp;<\/p>\n<p><b>LIQUI MOLY empfiehlt dieses Produkt zus\u00e4tzlich f\u00fcr Fahrzeuge bzw. Aggregate, f\u00fcr die folgende Spezifikationen oder Originalersatzteilnummern gefordert werden:<\/b><br \/>\nMAN 342 Typ M1 ; Volvo 97314<\/p>\n<p>Wenn Sie Fragen rund um die Liqui Moly Produkte haben sollten, z\u00f6gern Sie nicht und kontaktieren Sie uns. Gerne stehen wir Ihnen jederzeit gerne zur Verf\u00fcgung.<\/p>\n","protected":false},"excerpt":{"rendered":"<p>Hypoid-Getriebe\u00f6l (GL5) SAE 80W Mineralisches Hypoidgetriebe\u00f6l. F\u00fcr Fahrzeuge mit bew\u00e4hrter Getriebetechnologie. Gew\u00e4hrleistet h\u00f6chste Sicherheitsreserven unter kritischen Betriebsbedingungen. Sorgt f\u00fcr einen stabilen Schmierfilm und\u00a0minimiert den Verschlei\u00df. Artikelnummer: 1402 Gebinde: 500 ml Dose Kunststoff Paletteninhalt: 840 VPE: 6 STK Sprache: D &#8211; GB &#8211; I &#8211; E &#8211; P Einsatzzweck F\u00fcr h\u00f6chstbelastete Fahrzeuggetriebe ohne Sperrdifferential, insbesondere Achsantriebe [&hellip;]<\/p>\n","protected":false},"featured_media":24138,"comment_status":"closed","ping_status":"closed","template":"","meta":[],"class_list":["post-24137","product","type-product","status-publish","has-post-thumbnail","hentry","product_cat-schaltgetriebe-hypoidgetriebe-verteilergetriebeoele","product_cat-schmierstoffe"],"_links":{"self":[{"href":"https:\/\/www.liqui-moly-shop.ch\/index.php\/wp-json\/wp\/v2\/product\/24137","targetHints":{"allow":["GET"]}}],"collection":[{"href":"https:\/\/www.liqui-moly-shop.ch\/index.php\/wp-json\/wp\/v2\/product"}],"about":[{"href":"https:\/\/www.liqui-moly-shop.ch\/index.php\/wp-json\/wp\/v2\/types\/product"}],"replies":[{"embeddable":true,"href":"https:\/\/www.liqui-moly-shop.ch\/index.php\/wp-json\/wp\/v2\/comments?post=24137"}],"wp:featuredmedia":[{"embeddable":true,"href":"https:\/\/www.liqui-moly-shop.ch\/index.php\/wp-json\/wp\/v2\/media\/24138"}],"wp:attachment":[{"href":"https:\/\/www.liqui-moly-shop.ch\/index.php\/wp-json\/wp\/v2\/media?parent=24137"}],"curies":[{"name":"wp","href":"https:\/\/api.w.org\/{rel}","templated":true}]}}