{"id":24176,"date":"2018-07-17T00:00:00","date_gmt":"2018-07-17T00:00:00","guid":{"rendered":"https:\/\/dev.liqui-moly-shop.ch\/index.php\/product\/oelwechsel-kanister\/"},"modified":"2018-07-17T00:00:00","modified_gmt":"2018-07-17T00:00:00","slug":"oelwechsel-kanister","status":"publish","type":"product","link":"https:\/\/www.liqui-moly-shop.ch\/index.php\/product\/oelwechsel-kanister\/","title":{"rendered":"\u00d6lwechsel-Kanister"},"content":{"rendered":"<h3>\u00d6lwechsel-Kanister<\/h3>\n<p>\u2022 Fassungsverm\u00f6gen 10 l<br \/>\n\u2022 separate Entl\u00fcftungsschraube<br \/>\n\u2022 passend f\u00fcr Pkw und Motorrad<\/p>\n<p><!-- --><\/p>\n<table id=\"detail\">\n<tbody>\n<tr>\n<td class=\"left\" valign=\"top\">Artikelnummer:<\/td>\n<td class=\"right\" valign=\"top\">7055<\/td>\n<\/tr>\n<tr>\n<td class=\"left\" valign=\"top\">Gebinde:<\/td>\n<td class=\"right\" valign=\"top\">1 Stk Karton<\/td>\n<\/tr>\n<tr>\n<td class=\"left\" valign=\"top\">Paletteninhalt:<\/td>\n<td class=\"right\" valign=\"top\">48<\/td>\n<\/tr>\n<tr>\n<td class=\"left\" valign=\"top\">VPE:<\/td>\n<td class=\"right\" valign=\"top\">4 STK<\/td>\n<\/tr>\n<tr>\n<td class=\"left\" valign=\"top\">Sprache:<\/td>\n<td class=\"right\" valign=\"top\"><\/td>\n<\/tr>\n<\/tbody>\n<\/table>\n<h3 class=\"detail\">Einsatzzweck<\/h3>\n<p>F\u00fcr den umweltschonenden Do-it-yourself-\u00d6lwechsel ohne Hebeb\u00fchne.<\/p>\n<p>Wenn Sie Fragen rund um die Liqui Moly Produkte haben sollten, z\u00f6gern Sie nicht und kontaktieren Sie uns. Gerne stehen wir Ihnen jederzeit gerne zur Verf\u00fcgung.<\/p>\n","protected":false},"excerpt":{"rendered":"<p>\u00d6lwechsel-Kanister \u2022 Fassungsverm\u00f6gen 10 l \u2022 separate Entl\u00fcftungsschraube \u2022 passend f\u00fcr Pkw und Motorrad Artikelnummer: 7055 Gebinde: 1 Stk Karton Paletteninhalt: 48 VPE: 4 STK Sprache: Einsatzzweck F\u00fcr den umweltschonenden Do-it-yourself-\u00d6lwechsel ohne Hebeb\u00fchne. Wenn Sie Fragen rund um die Liqui Moly Produkte haben sollten, z\u00f6gern Sie nicht und kontaktieren Sie uns. Gerne stehen wir Ihnen [&hellip;]<\/p>\n","protected":false},"featured_media":24177,"comment_status":"closed","ping_status":"closed","template":"","meta":[],"class_list":["post-24176","product","type-product","status-publish","has-post-thumbnail","hentry","product_cat-auslaufhaehne-und-oelwechselzubehoer","product_cat-schmierstoffe","product_cat-werkstattausruestung-schmierstoffe"],"_links":{"self":[{"href":"https:\/\/www.liqui-moly-shop.ch\/index.php\/wp-json\/wp\/v2\/product\/24176","targetHints":{"allow":["GET"]}}],"collection":[{"href":"https:\/\/www.liqui-moly-shop.ch\/index.php\/wp-json\/wp\/v2\/product"}],"about":[{"href":"https:\/\/www.liqui-moly-shop.ch\/index.php\/wp-json\/wp\/v2\/types\/product"}],"replies":[{"embeddable":true,"href":"https:\/\/www.liqui-moly-shop.ch\/index.php\/wp-json\/wp\/v2\/comments?post=24176"}],"wp:featuredmedia":[{"embeddable":true,"href":"https:\/\/www.liqui-moly-shop.ch\/index.php\/wp-json\/wp\/v2\/media\/24177"}],"wp:attachment":[{"href":"https:\/\/www.liqui-moly-shop.ch\/index.php\/wp-json\/wp\/v2\/media?parent=24176"}],"curies":[{"name":"wp","href":"https:\/\/api.w.org\/{rel}","templated":true}]}}