{"id":24267,"date":"2018-07-17T00:00:00","date_gmt":"2018-07-17T00:00:00","guid":{"rendered":"https:\/\/dev.liqui-moly-shop.ch\/index.php\/product\/handpumpe-fuer-faesser\/"},"modified":"2018-07-17T00:00:00","modified_gmt":"2018-07-17T00:00:00","slug":"handpumpe-fuer-faesser","status":"publish","type":"product","link":"https:\/\/www.liqui-moly-shop.ch\/index.php\/product\/handpumpe-fuer-faesser\/","title":{"rendered":"Handpumpe f\u00fcr F\u00e4sser"},"content":{"rendered":"<h3>Handpumpe f\u00fcr F\u00e4sser<\/h3>\n<p>Standardpumpe mit Teleskopsaugrohr f\u00fcr 60 l bis 205 l.<\/p>\n<p>Nicht mit biologisch abbaubaren \u00d6len (ugs. \u201eBio\u00f6le\u201c, z.B. HEES-\u00d6le) kompatibel.<\/p>\n<p><!-- --><\/p>\n<table id=\"detail\">\n<tbody>\n<tr>\n<td class=\"left\" valign=\"top\">Artikelnummer:<\/td>\n<td class=\"right\" valign=\"top\">7900<\/td>\n<\/tr>\n<tr>\n<td class=\"left\" valign=\"top\">Gebinde:<\/td>\n<td class=\"right\" valign=\"top\">1 Stk Karton<\/td>\n<\/tr>\n<tr>\n<td class=\"left\" valign=\"top\">Paletteninhalt:<\/td>\n<td class=\"right\" valign=\"top\">104<\/td>\n<\/tr>\n<tr>\n<td class=\"left\" valign=\"top\">VPE:<\/td>\n<td class=\"right\" valign=\"top\">1 STK<\/td>\n<\/tr>\n<tr>\n<td class=\"left\" valign=\"top\">Sprache:<\/td>\n<td class=\"right\" valign=\"top\"><\/td>\n<\/tr>\n<\/tbody>\n<\/table>\n<h3 class=\"detail\">Einsatzzweck<\/h3>\n<p>Wenn Sie Fragen rund um die Liqui Moly Produkte haben sollten, z\u00f6gern Sie nicht und kontaktieren Sie uns. Gerne stehen wir Ihnen jederzeit gerne zur Verf\u00fcgung.<\/p>\n","protected":false},"excerpt":{"rendered":"<p>Handpumpe f\u00fcr F\u00e4sser Standardpumpe mit Teleskopsaugrohr f\u00fcr 60 l bis 205 l. Nicht mit biologisch abbaubaren \u00d6len (ugs. \u201eBio\u00f6le\u201c, z.B. HEES-\u00d6le) kompatibel. Artikelnummer: 7900 Gebinde: 1 Stk Karton Paletteninhalt: 104 VPE: 1 STK Sprache: Einsatzzweck Wenn Sie Fragen rund um die Liqui Moly Produkte haben sollten, z\u00f6gern Sie nicht und kontaktieren Sie uns. Gerne stehen [&hellip;]<\/p>\n","protected":false},"featured_media":24268,"comment_status":"closed","ping_status":"closed","template":"","meta":[],"class_list":["post-24267","product","type-product","status-publish","has-post-thumbnail","hentry","product_cat-schmierstoffe","product_cat-sonstiges-zubehoer-fuer-container-faesser","product_cat-werkstattausruestung-schmierstoffe"],"_links":{"self":[{"href":"https:\/\/www.liqui-moly-shop.ch\/index.php\/wp-json\/wp\/v2\/product\/24267","targetHints":{"allow":["GET"]}}],"collection":[{"href":"https:\/\/www.liqui-moly-shop.ch\/index.php\/wp-json\/wp\/v2\/product"}],"about":[{"href":"https:\/\/www.liqui-moly-shop.ch\/index.php\/wp-json\/wp\/v2\/types\/product"}],"replies":[{"embeddable":true,"href":"https:\/\/www.liqui-moly-shop.ch\/index.php\/wp-json\/wp\/v2\/comments?post=24267"}],"wp:featuredmedia":[{"embeddable":true,"href":"https:\/\/www.liqui-moly-shop.ch\/index.php\/wp-json\/wp\/v2\/media\/24268"}],"wp:attachment":[{"href":"https:\/\/www.liqui-moly-shop.ch\/index.php\/wp-json\/wp\/v2\/media?parent=24267"}],"curies":[{"name":"wp","href":"https:\/\/api.w.org\/{rel}","templated":true}]}}