{"id":24270,"date":"2018-07-17T00:00:00","date_gmt":"2018-07-17T00:00:00","guid":{"rendered":"https:\/\/dev.liqui-moly-shop.ch\/index.php\/product\/kunststoff-handpumpe\/"},"modified":"2018-07-17T00:00:00","modified_gmt":"2018-07-17T00:00:00","slug":"kunststoff-handpumpe","status":"publish","type":"product","link":"https:\/\/www.liqui-moly-shop.ch\/index.php\/product\/kunststoff-handpumpe\/","title":{"rendered":"Kunststoff Handpumpe"},"content":{"rendered":"<h3>Kunststoff Handpumpe<\/h3>\n<p>\u2022 f\u00fcr 60 l- und 205 l-F\u00e4sser<br \/>\n\u2022\u00a0Kunststoff-Handpumpe aus Polypropylen<br \/>\n\u2022\u00a0Teleskopsaugrohr<br \/>\n\u2022\u00a0einstellbar von 480 bis 950 mm<\/p>\n<p><!-- --><\/p>\n<table id=\"detail\">\n<tbody>\n<tr>\n<td class=\"left\" valign=\"top\">Artikelnummer:<\/td>\n<td class=\"right\" valign=\"top\">7932<\/td>\n<\/tr>\n<tr>\n<td class=\"left\" valign=\"top\">Gebinde:<\/td>\n<td class=\"right\" valign=\"top\">1 Stk Karton<\/td>\n<\/tr>\n<tr>\n<td class=\"left\" valign=\"top\">Paletteninhalt:<\/td>\n<td class=\"right\" valign=\"top\">150<\/td>\n<\/tr>\n<tr>\n<td class=\"left\" valign=\"top\">VPE:<\/td>\n<td class=\"right\" valign=\"top\">1 STK<\/td>\n<\/tr>\n<tr>\n<td class=\"left\" valign=\"top\">Sprache:<\/td>\n<td class=\"right\" valign=\"top\"><\/td>\n<\/tr>\n<\/tbody>\n<\/table>\n<h3 class=\"detail\">Einsatzzweck<\/h3>\n<p>F\u00fcr nahezu alle d\u00fcnnfl\u00fcssigen Medien einsetzbar. Darf nicht zum Pumpen von L\u00f6sungsmitteln und Medien der Gefahrenklassen A I und A II eingesetzt werden.<\/p>\n<p>Wenn Sie Fragen rund um die Liqui Moly Produkte haben sollten, z\u00f6gern Sie nicht und kontaktieren Sie uns. Gerne stehen wir Ihnen jederzeit gerne zur Verf\u00fcgung.<\/p>\n","protected":false},"excerpt":{"rendered":"<p>Kunststoff Handpumpe \u2022 f\u00fcr 60 l- und 205 l-F\u00e4sser \u2022\u00a0Kunststoff-Handpumpe aus Polypropylen \u2022\u00a0Teleskopsaugrohr \u2022\u00a0einstellbar von 480 bis 950 mm Artikelnummer: 7932 Gebinde: 1 Stk Karton Paletteninhalt: 150 VPE: 1 STK Sprache: Einsatzzweck F\u00fcr nahezu alle d\u00fcnnfl\u00fcssigen Medien einsetzbar. Darf nicht zum Pumpen von L\u00f6sungsmitteln und Medien der Gefahrenklassen A I und A II eingesetzt werden. [&hellip;]<\/p>\n","protected":false},"featured_media":24271,"comment_status":"closed","ping_status":"closed","template":"","meta":[],"class_list":["post-24270","product","type-product","status-publish","has-post-thumbnail","hentry","product_cat-schmierstoffe","product_cat-sonstiges-zubehoer-fuer-container-faesser","product_cat-werkstattausruestung-schmierstoffe"],"_links":{"self":[{"href":"https:\/\/www.liqui-moly-shop.ch\/index.php\/wp-json\/wp\/v2\/product\/24270","targetHints":{"allow":["GET"]}}],"collection":[{"href":"https:\/\/www.liqui-moly-shop.ch\/index.php\/wp-json\/wp\/v2\/product"}],"about":[{"href":"https:\/\/www.liqui-moly-shop.ch\/index.php\/wp-json\/wp\/v2\/types\/product"}],"replies":[{"embeddable":true,"href":"https:\/\/www.liqui-moly-shop.ch\/index.php\/wp-json\/wp\/v2\/comments?post=24270"}],"wp:featuredmedia":[{"embeddable":true,"href":"https:\/\/www.liqui-moly-shop.ch\/index.php\/wp-json\/wp\/v2\/media\/24271"}],"wp:attachment":[{"href":"https:\/\/www.liqui-moly-shop.ch\/index.php\/wp-json\/wp\/v2\/media?parent=24270"}],"curies":[{"name":"wp","href":"https:\/\/api.w.org\/{rel}","templated":true}]}}