{"id":24329,"date":"2018-07-17T00:00:00","date_gmt":"2018-07-17T00:00:00","guid":{"rendered":"https:\/\/dev.liqui-moly-shop.ch\/index.php\/product\/pro-line-dieselfilter-additiv\/"},"modified":"2023-12-14T15:46:28","modified_gmt":"2023-12-14T15:46:28","slug":"pro-line-dieselfilter-additiv","status":"publish","type":"product","link":"https:\/\/www.liqui-moly-shop.ch\/index.php\/product\/pro-line-dieselfilter-additiv\/","title":{"rendered":"Pro-Line Dieselfilter Additiv"},"content":{"rendered":"<h3>Pro-Line Dieselfilter Additiv<\/h3>\n<p>Reinigt Kraftstoffsystem und Injektoren hochkonzentriert. Sorgt f\u00fcr leichteres Starten des Motors und ruhigeren Motorlauf. Sch\u00fctzt das gesamte Kraftstoffsystem vor Korrosion und verbessert die Schmiereigenschaften des Kraftstoffs. F\u00fcr bessere Kraftstoffvernebelung dank sauberer D\u00fcsen. Dies spart Kraftstoff,\u00a0sichert eine bessere Verbrennung und reduziert das Risiko von Sch\u00e4den.<\/p>\n<p><!-- --><\/p>\n<table id=\"detail\">\n<tbody>\n<tr>\n<td class=\"left\" valign=\"top\">Artikelnummer:<\/td>\n<td class=\"right\" valign=\"top\">20790<\/td>\n<\/tr>\n<tr>\n<td class=\"left\" valign=\"top\">Gebinde:<\/td>\n<td class=\"right\" valign=\"top\">500 ml Dose Blech<\/td>\n<\/tr>\n<tr>\n<td class=\"left\" valign=\"top\">Paletteninhalt:<\/td>\n<td class=\"right\" valign=\"top\">1044<\/td>\n<\/tr>\n<tr>\n<td class=\"left\" valign=\"top\">VPE:<\/td>\n<td class=\"right\" valign=\"top\">6 STK<\/td>\n<\/tr>\n<tr>\n<td class=\"left\" valign=\"top\">Sprache:<\/td>\n<td class=\"right\" valign=\"top\">D &#8211; GB &#8211; I &#8211; E &#8211; P<\/td>\n<\/tr>\n<\/tbody>\n<\/table>\n<h3 class=\"detail\">Einsatzzweck<\/h3>\n<p>F\u00fcr alle Dieselmotoren geeignet. Beim Wechsel des Dieselkraftstofffilters verwenden. Einsatzmenge: 500 ml.<\/p>\n<div class=\"d-flex justify-content-md-center gap-1\"><img decoding=\"async\" title=\"ghs08\" src=\"https:\/\/liquimoly.cloudimg.io\/v7\/https:\/\/www.liqui-moly.com\/static\/version1702332212\/frontend\/limo\/base\/de_DE\/images\/info\/ghs08.png\" alt=\"ghs08\" width=\"35px\" height=\"35px\" \/><img decoding=\"async\" title=\"ghs09\" src=\"https:\/\/liquimoly.cloudimg.io\/v7\/https:\/\/www.liqui-moly.com\/static\/version1702332212\/frontend\/limo\/base\/de_DE\/images\/info\/ghs09.png\" alt=\"ghs09\" width=\"35px\" height=\"35px\" \/><\/div>\n<div class=\"text-md-center text-muted ps-md-2 pe-md-2\"><strong>Gefahr<\/strong><\/p>\n<ul class=\"info-text m-0 p-0\">\n<li>H304 Kann bei Verschlucken und Eindringen in die Atemwege t\u00f6dlich sein.<\/li>\n<li>H411 Giftig f\u00fcr Wasserorganismen, mit langfristiger Wirkung.<\/li>\n<li>EUH044 Explosionsgefahr bei Erhitzen unter Einschluss.<\/li>\n<li>EUH066 Wiederholter Kontakt kann zu spr\u00f6der oder rissiger Haut f\u00fchren.<\/li>\n<\/ul>\n<\/div>\n<p>Wenn Sie Fragen rund um die Liqui Moly Produkte haben sollten, z\u00f6gern Sie nicht und kontaktieren Sie uns. Gerne stehen wir Ihnen jederzeit gerne zur Verf\u00fcgung.<\/p>\n","protected":false},"excerpt":{"rendered":"<p>Pro-Line Dieselfilter Additiv Reinigt Kraftstoffsystem und Injektoren hochkonzentriert. Sorgt f\u00fcr leichteres Starten des Motors und ruhigeren Motorlauf. Sch\u00fctzt das gesamte Kraftstoffsystem vor Korrosion und verbessert die Schmiereigenschaften des Kraftstoffs. F\u00fcr bessere Kraftstoffvernebelung dank sauberer D\u00fcsen. Dies spart Kraftstoff,\u00a0sichert eine bessere Verbrennung und reduziert das Risiko von Sch\u00e4den. Artikelnummer: 20790 Gebinde: 500 ml Dose Blech Paletteninhalt: [&hellip;]<\/p>\n","protected":false},"featured_media":24330,"comment_status":"closed","ping_status":"closed","template":"","meta":[],"class_list":["post-24329","product","type-product","status-publish","has-post-thumbnail","hentry","product_cat-additive-werkstattlinie","product_cat-kraftstoffadditive","product_cat-werkstattlinie"],"_links":{"self":[{"href":"https:\/\/www.liqui-moly-shop.ch\/index.php\/wp-json\/wp\/v2\/product\/24329","targetHints":{"allow":["GET"]}}],"collection":[{"href":"https:\/\/www.liqui-moly-shop.ch\/index.php\/wp-json\/wp\/v2\/product"}],"about":[{"href":"https:\/\/www.liqui-moly-shop.ch\/index.php\/wp-json\/wp\/v2\/types\/product"}],"replies":[{"embeddable":true,"href":"https:\/\/www.liqui-moly-shop.ch\/index.php\/wp-json\/wp\/v2\/comments?post=24329"}],"wp:featuredmedia":[{"embeddable":true,"href":"https:\/\/www.liqui-moly-shop.ch\/index.php\/wp-json\/wp\/v2\/media\/24330"}],"wp:attachment":[{"href":"https:\/\/www.liqui-moly-shop.ch\/index.php\/wp-json\/wp\/v2\/media?parent=24329"}],"curies":[{"name":"wp","href":"https:\/\/api.w.org\/{rel}","templated":true}]}}