{"id":24332,"date":"2018-07-17T00:00:00","date_gmt":"2018-07-17T00:00:00","guid":{"rendered":"https:\/\/dev.liqui-moly-shop.ch\/index.php\/product\/pro-line-super-diesel-additiv\/"},"modified":"2023-12-14T15:43:14","modified_gmt":"2023-12-14T15:43:14","slug":"pro-line-super-diesel-additiv","status":"publish","type":"product","link":"https:\/\/www.liqui-moly-shop.ch\/index.php\/product\/pro-line-super-diesel-additiv\/","title":{"rendered":"Pro-Line Super Diesel Additiv"},"content":{"rendered":"<h3>Pro-Line Super Diesel Additiv<\/h3>\n<p>Mit Cetan Plus f\u00fcr mehr Motorleistung, weniger Nageln, ruhigeren Lauf, leichteres Anspringen. Reinigt Motor und Einspritzaggregate und verhindert das Festbrennen und Verharzen von D\u00fcsennadeln. Sichert die optimale Nutzung und energiesparende Verbrennung des Kraftstoffs. Korrosion und Verschlei\u00df werden vermindert. Geeignet f\u00fcr schwefelarme Dieselkraftstoffe.<\/p>\n<p><!-- --><\/p>\n<table id=\"detail\">\n<tbody>\n<tr>\n<td class=\"left\" valign=\"top\">Artikelnummer:<\/td>\n<td class=\"right\" valign=\"top\">5176<\/td>\n<\/tr>\n<tr>\n<td class=\"left\" valign=\"top\">Gebinde:<\/td>\n<td class=\"right\" valign=\"top\">1 l Dose Blech<\/td>\n<\/tr>\n<tr>\n<td class=\"left\" valign=\"top\">Paletteninhalt:<\/td>\n<td class=\"right\" valign=\"top\">630<\/td>\n<\/tr>\n<tr>\n<td class=\"left\" valign=\"top\">VPE:<\/td>\n<td class=\"right\" valign=\"top\">6 STK<\/td>\n<\/tr>\n<tr>\n<td class=\"left\" valign=\"top\">Sprache:<\/td>\n<td class=\"right\" valign=\"top\">D &#8211; GB &#8211; I &#8211; E &#8211; P<\/td>\n<\/tr>\n<\/tbody>\n<\/table>\n<h3 class=\"detail\">Einsatzzweck<\/h3>\n<p>F\u00fcr alle Dieselmotoren in Pkw, Lkw, Traktoren, Baumaschinen und station\u00e4ren Motoren, einschlie\u00dflich Turbomotoren. Hervorragend geeignet zur Konservierung von Motoren. Auch bei l\u00e4ngerer Stilllegung unter Extrembedingungen. Mit Langzeitwirkung f\u00fcr 2.000 km ausreichend. 1 l ausreichend f\u00fcr max. 300 l Dieselkraftstoff.<\/p>\n<div class=\"d-flex justify-content-md-center gap-1\"><img decoding=\"async\" title=\"ghs08\" src=\"https:\/\/liquimoly.cloudimg.io\/v7\/https:\/\/www.liqui-moly.com\/static\/version1702332212\/frontend\/limo\/base\/de_DE\/images\/info\/ghs08.png\" alt=\"ghs08\" width=\"35px\" height=\"35px\" \/><img decoding=\"async\" title=\"ghs09\" src=\"https:\/\/liquimoly.cloudimg.io\/v7\/https:\/\/www.liqui-moly.com\/static\/version1702332212\/frontend\/limo\/base\/de_DE\/images\/info\/ghs09.png\" alt=\"ghs09\" width=\"35px\" height=\"35px\" \/><\/div>\n<div class=\"text-md-center text-muted ps-md-2 pe-md-2\"><strong>Gefahr<\/strong><\/p>\n<ul class=\"info-text m-0 p-0\">\n<li>H304 Kann bei Verschlucken und Eindringen in die Atemwege t\u00f6dlich sein.<\/li>\n<li>H411 Giftig f\u00fcr Wasserorganismen, mit langfristiger Wirkung.<\/li>\n<li>EUH044 Explosionsgefahr bei Erhitzen unter Einschluss.<\/li>\n<li>EUH066 Wiederholter Kontakt kann zu spr\u00f6der oder rissiger Haut f\u00fchren.<\/li>\n<\/ul>\n<\/div>\n<p>Wenn Sie Fragen rund um die Liqui Moly Produkte haben sollten, z\u00f6gern Sie nicht und kontaktieren Sie uns. Gerne stehen wir Ihnen jederzeit gerne zur Verf\u00fcgung.<\/p>\n","protected":false},"excerpt":{"rendered":"<p>Pro-Line Super Diesel Additiv Mit Cetan Plus f\u00fcr mehr Motorleistung, weniger Nageln, ruhigeren Lauf, leichteres Anspringen. Reinigt Motor und Einspritzaggregate und verhindert das Festbrennen und Verharzen von D\u00fcsennadeln. Sichert die optimale Nutzung und energiesparende Verbrennung des Kraftstoffs. Korrosion und Verschlei\u00df werden vermindert. Geeignet f\u00fcr schwefelarme Dieselkraftstoffe. Artikelnummer: 5176 Gebinde: 1 l Dose Blech Paletteninhalt: 630 [&hellip;]<\/p>\n","protected":false},"featured_media":24333,"comment_status":"closed","ping_status":"closed","template":"","meta":[],"class_list":["post-24332","product","type-product","status-publish","has-post-thumbnail","hentry","product_cat-additive-werkstattlinie","product_cat-kraftstoffadditive","product_cat-werkstattlinie"],"_links":{"self":[{"href":"https:\/\/www.liqui-moly-shop.ch\/index.php\/wp-json\/wp\/v2\/product\/24332","targetHints":{"allow":["GET"]}}],"collection":[{"href":"https:\/\/www.liqui-moly-shop.ch\/index.php\/wp-json\/wp\/v2\/product"}],"about":[{"href":"https:\/\/www.liqui-moly-shop.ch\/index.php\/wp-json\/wp\/v2\/types\/product"}],"replies":[{"embeddable":true,"href":"https:\/\/www.liqui-moly-shop.ch\/index.php\/wp-json\/wp\/v2\/comments?post=24332"}],"wp:featuredmedia":[{"embeddable":true,"href":"https:\/\/www.liqui-moly-shop.ch\/index.php\/wp-json\/wp\/v2\/media\/24333"}],"wp:attachment":[{"href":"https:\/\/www.liqui-moly-shop.ch\/index.php\/wp-json\/wp\/v2\/media?parent=24332"}],"curies":[{"name":"wp","href":"https:\/\/api.w.org\/{rel}","templated":true}]}}