{"id":24344,"date":"2018-07-17T00:00:00","date_gmt":"2018-07-17T00:00:00","guid":{"rendered":"https:\/\/dev.liqui-moly-shop.ch\/index.php\/product\/motor-system-reiniger-diesel\/"},"modified":"2023-12-14T15:59:30","modified_gmt":"2023-12-14T15:59:30","slug":"motor-system-reiniger-diesel","status":"publish","type":"product","link":"https:\/\/www.liqui-moly-shop.ch\/index.php\/product\/motor-system-reiniger-diesel\/","title":{"rendered":"Motor-System-Reiniger Diesel"},"content":{"rendered":"<h3>Motor-System-Reiniger Diesel<\/h3>\n<p>Befreit hochpr\u00e4zise gefertigte Bauteile wie z. B. Injektoren und Hochdruckpumpe von st\u00f6renden Ablagerungen und sichert die optimale Funktion. Des Weiteren werden teure Bauteile der Einspritzanlage durch Schmierwirksamkeitsverbesserer und Korrosionsschutzinhibitoren gesch\u00fctzt. Sorgt f\u00fcr urspr\u00fcngliche Motorleistung und niedrige Abgaswerte.<\/p>\n<p><!-- --><\/p>\n<table id=\"detail\">\n<tbody>\n<tr>\n<td class=\"left\" valign=\"top\">Artikelnummer:<\/td>\n<td class=\"right\" valign=\"top\">5128<\/td>\n<\/tr>\n<tr>\n<td class=\"left\" valign=\"top\">Gebinde:<\/td>\n<td class=\"right\" valign=\"top\">300 ml Dose Blech<\/td>\n<\/tr>\n<tr>\n<td class=\"left\" valign=\"top\">Paletteninhalt:<\/td>\n<td class=\"right\" valign=\"top\">1344<\/td>\n<\/tr>\n<tr>\n<td class=\"left\" valign=\"top\">VPE:<\/td>\n<td class=\"right\" valign=\"top\">6 STK<\/td>\n<\/tr>\n<tr>\n<td class=\"left\" valign=\"top\">Sprache:<\/td>\n<td class=\"right\" valign=\"top\">D<\/td>\n<\/tr>\n<\/tbody>\n<\/table>\n<h3 class=\"detail\">Einsatzzweck<\/h3>\n<p>Kann in allen Dieselmotoren einschlie\u00dflich Common-Rail und Pumpe-D\u00fcse-Hochdruckeinspritzung sowie in Fahrzeugen mit und ohne Dieselpartikelfilter eingesetzt werden. Zur direkten Zugabe in den Kraftstofftank. Ausreichend f\u00fcr maximal 75 l Tankinhalt.<\/p>\n<p>&nbsp;<\/p>\n<div class=\"d-flex justify-content-md-center gap-1\"><img decoding=\"async\" title=\"ghs08\" src=\"https:\/\/liquimoly.cloudimg.io\/v7\/https:\/\/www.liqui-moly.com\/static\/version1695734373\/frontend\/limo\/base\/de_DE\/images\/info\/ghs08.png\" alt=\"ghs08\" width=\"35px\" height=\"35px\" \/><img decoding=\"async\" title=\"ghs09\" src=\"https:\/\/liquimoly.cloudimg.io\/v7\/https:\/\/www.liqui-moly.com\/static\/version1695734373\/frontend\/limo\/base\/de_DE\/images\/info\/ghs09.png\" alt=\"ghs09\" width=\"35px\" height=\"35px\" \/><\/div>\n<div class=\"text-md-center text-muted ps-md-2 pe-md-2\">\n<p><strong>Gefahr<\/strong><\/p>\n<ul class=\"info-text m-0 p-0\">\n<li>H304 Kann bei Verschlucken und Eindringen in die Atemwege t\u00f6dlich sein.<\/li>\n<li>H411 Giftig f\u00fcr Wasserorganismen, mit langfristiger Wirkung.<\/li>\n<li>EUH044 Explosionsgefahr bei Erhitzen unter Einschluss.<\/li>\n<li>EUH066 Wiederholter Kontakt kann zu spr\u00f6der oder rissiger Haut f\u00fchren.<\/li>\n<\/ul>\n<\/div>\n<h3>Produktvideo<\/h3>\n<p>Wenn Sie Fragen rund um die Liqui Moly Produkte haben sollten, z\u00f6gern Sie nicht und kontaktieren Sie uns. Gerne stehen wir Ihnen jederzeit gerne zur Verf\u00fcgung.<\/p>\n","protected":false},"excerpt":{"rendered":"<p>Motor-System-Reiniger Diesel Befreit hochpr\u00e4zise gefertigte Bauteile wie z. B. Injektoren und Hochdruckpumpe von st\u00f6renden Ablagerungen und sichert die optimale Funktion. Des Weiteren werden teure Bauteile der Einspritzanlage durch Schmierwirksamkeitsverbesserer und Korrosionsschutzinhibitoren gesch\u00fctzt. Sorgt f\u00fcr urspr\u00fcngliche Motorleistung und niedrige Abgaswerte. Artikelnummer: 5128 Gebinde: 300 ml Dose Blech Paletteninhalt: 1344 VPE: 6 STK Sprache: D Einsatzzweck Kann [&hellip;]<\/p>\n","protected":false},"featured_media":24345,"comment_status":"closed","ping_status":"closed","template":"","meta":[],"class_list":["post-24344","product","type-product","status-publish","has-post-thumbnail","hentry","product_cat-additive-werkstattlinie","product_cat-motorsystemreinigung","product_cat-werkstattlinie"],"_links":{"self":[{"href":"https:\/\/www.liqui-moly-shop.ch\/index.php\/wp-json\/wp\/v2\/product\/24344","targetHints":{"allow":["GET"]}}],"collection":[{"href":"https:\/\/www.liqui-moly-shop.ch\/index.php\/wp-json\/wp\/v2\/product"}],"about":[{"href":"https:\/\/www.liqui-moly-shop.ch\/index.php\/wp-json\/wp\/v2\/types\/product"}],"replies":[{"embeddable":true,"href":"https:\/\/www.liqui-moly-shop.ch\/index.php\/wp-json\/wp\/v2\/comments?post=24344"}],"wp:featuredmedia":[{"embeddable":true,"href":"https:\/\/www.liqui-moly-shop.ch\/index.php\/wp-json\/wp\/v2\/media\/24345"}],"wp:attachment":[{"href":"https:\/\/www.liqui-moly-shop.ch\/index.php\/wp-json\/wp\/v2\/media?parent=24344"}],"curies":[{"name":"wp","href":"https:\/\/api.w.org\/{rel}","templated":true}]}}