{"id":24365,"date":"2018-07-17T00:00:00","date_gmt":"2018-07-17T00:00:00","guid":{"rendered":"https:\/\/dev.liqui-moly-shop.ch\/index.php\/product\/pro-line-jetclean-tankreiniger\/"},"modified":"2026-03-06T16:02:32","modified_gmt":"2026-03-06T16:02:32","slug":"pro-line-jetclean-tankreiniger","status":"publish","type":"product","link":"https:\/\/www.liqui-moly-shop.ch\/index.php\/product\/pro-line-jetclean-tankreiniger\/","title":{"rendered":"Pro-Line JetClean Tankreiniger"},"content":{"rendered":"<h3>Pro-Line JetClean Tankreiniger<\/h3>\n<p>Hochkonzentrierte, gebrauchsfertige Reinigungsfl\u00fcssigkeit zur direkten Anwendung \u00fcber die JetClean-Ger\u00e4te. L\u00f6st und entfernt Ablagerungen sowie sonstige Verunreinigungen im Kraftstofftank als auch im Leitungssystem und bindet eventuell vorhandenes Wasser. Verbessert den Motorlauf. Pflegt und sch\u00fctzt das gesamte Kraftstoffsystem vor Verschlei\u00df und Korrosion. Erh\u00f6ht die Betriebssicherheit.<\/p>\n<p><!-- --><\/p>\n<table id=\"detail\">\n<tbody>\n<tr>\n<td class=\"left\" valign=\"top\">Artikelnummer:<\/td>\n<td class=\"right\" valign=\"top\">5137<\/td>\n<\/tr>\n<tr>\n<td class=\"left\" valign=\"top\">Gebinde:<\/td>\n<td class=\"right\" valign=\"top\">500 ml Dose Blech<\/td>\n<\/tr>\n<tr>\n<td class=\"left\" valign=\"top\">Paletteninhalt:<\/td>\n<td class=\"right\" valign=\"top\">1044<\/td>\n<\/tr>\n<tr>\n<td class=\"left\" valign=\"top\">VPE:<\/td>\n<td class=\"right\" valign=\"top\">6 STK<\/td>\n<\/tr>\n<tr>\n<td class=\"left\" valign=\"top\">Sprache:<\/td>\n<td class=\"right\" valign=\"top\">D &#8211; GB &#8211; I &#8211; E &#8211; P<\/td>\n<\/tr>\n<\/tbody>\n<\/table>\n<h3 class=\"detail\">Einsatzzweck<\/h3>\n<p>F\u00fcr alle Benzin- und Dieselmotoren mit und ohne Dieselpartikelfilter (DPF) geeignet. Zur direkten Anwendung \u00fcber die JetClean-Ger\u00e4te. Zur Problembehandlung. Turbo- und Kat-getestet.<\/p>\n<p>Wenn Sie Fragen rund um die Liqui Moly Produkte haben sollten, z\u00f6gern Sie nicht und kontaktieren Sie uns. Gerne stehen wir Ihnen jederzeit gerne zur Verf\u00fcgung.<\/p>\n","protected":false},"excerpt":{"rendered":"<p>Pro-Line JetClean Tankreiniger Hochkonzentrierte, gebrauchsfertige Reinigungsfl\u00fcssigkeit zur direkten Anwendung \u00fcber die JetClean-Ger\u00e4te. L\u00f6st und entfernt Ablagerungen sowie sonstige Verunreinigungen im Kraftstofftank als auch im Leitungssystem und bindet eventuell vorhandenes Wasser. Verbessert den Motorlauf. Pflegt und sch\u00fctzt das gesamte Kraftstoffsystem vor Verschlei\u00df und Korrosion. Erh\u00f6ht die Betriebssicherheit. Artikelnummer: 5137 Gebinde: 500 ml Dose Blech Paletteninhalt: 1044 [&hellip;]<\/p>\n","protected":false},"featured_media":24366,"comment_status":"closed","ping_status":"closed","template":"","meta":[],"class_list":["post-24365","product","type-product","status-publish","has-post-thumbnail","hentry","product_cat-jetclean","product_cat-werkstattlinie"],"_links":{"self":[{"href":"https:\/\/www.liqui-moly-shop.ch\/index.php\/wp-json\/wp\/v2\/product\/24365","targetHints":{"allow":["GET"]}}],"collection":[{"href":"https:\/\/www.liqui-moly-shop.ch\/index.php\/wp-json\/wp\/v2\/product"}],"about":[{"href":"https:\/\/www.liqui-moly-shop.ch\/index.php\/wp-json\/wp\/v2\/types\/product"}],"replies":[{"embeddable":true,"href":"https:\/\/www.liqui-moly-shop.ch\/index.php\/wp-json\/wp\/v2\/comments?post=24365"}],"wp:featuredmedia":[{"embeddable":true,"href":"https:\/\/www.liqui-moly-shop.ch\/index.php\/wp-json\/wp\/v2\/media\/24366"}],"wp:attachment":[{"href":"https:\/\/www.liqui-moly-shop.ch\/index.php\/wp-json\/wp\/v2\/media?parent=24365"}],"curies":[{"name":"wp","href":"https:\/\/api.w.org\/{rel}","templated":true}]}}