{"id":24374,"date":"2018-07-17T00:00:00","date_gmt":"2018-07-17T00:00:00","guid":{"rendered":"https:\/\/dev.liqui-moly-shop.ch\/index.php\/product\/pro-line-jetclean-diesel-system-reiniger\/"},"modified":"2023-12-14T16:21:17","modified_gmt":"2023-12-14T16:21:17","slug":"pro-line-jetclean-diesel-system-reiniger","status":"publish","type":"product","link":"https:\/\/www.liqui-moly-shop.ch\/index.php\/product\/pro-line-jetclean-diesel-system-reiniger\/","title":{"rendered":"Pro-Line JetClean Diesel-System-Reiniger"},"content":{"rendered":"<h3>Pro-Line JetClean Diesel-System-Reiniger<\/h3>\n<p>Hochkonzentrierte, gebrauchsfertige Reinigungsfl\u00fcssigkeit. Entfernt Ablagerungen in der Einspritzpumpe, an Einspritzd\u00fcsen sowie im Brennraum und verhindert deren Neubildung. Unterbindet das Festbrennen und Verharzen von D\u00fcsennadeln. Verbessert den Motorlauf und optimiert die Abgaswerte. Beseitigt Startschwierigkeiten, unrunden Motorlauf, schlechte Gasannahme und Leistungsverlust. Pflegt und sch\u00fctzt das gesamte Kraftstoffsystem vor Verschlei\u00df und Korrosion. Saubere Motoren verbrauchen weniger Kraftstoff und reduzieren den Schadstoffaussto\u00df.<\/p>\n<p><!-- --><\/p>\n<table id=\"detail\">\n<tbody>\n<tr>\n<td class=\"left\" valign=\"top\">Artikelnummer:<\/td>\n<td class=\"right\" valign=\"top\">5149<\/td>\n<\/tr>\n<tr>\n<td class=\"left\" valign=\"top\">Gebinde:<\/td>\n<td class=\"right\" valign=\"top\">1000 ml Dose Blech<\/td>\n<\/tr>\n<tr>\n<td class=\"left\" valign=\"top\">Paletteninhalt:<\/td>\n<td class=\"right\" valign=\"top\">1044<\/td>\n<\/tr>\n<tr>\n<td class=\"left\" valign=\"top\">VPE:<\/td>\n<td class=\"right\" valign=\"top\">6 STK<\/td>\n<\/tr>\n<tr>\n<td class=\"left\" valign=\"top\">Sprache:<\/td>\n<td class=\"right\" valign=\"top\">D &#8211; GB &#8211; I &#8211; E &#8211; P<\/td>\n<\/tr>\n<\/tbody>\n<\/table>\n<h3 class=\"detail\">Einsatzzweck<\/h3>\n<p>F\u00fcr alle Dieselmotoren mit und ohne Dieselpartikelfilter (DPF). Zur direkten Anwendung \u00fcber JetClean-Ger\u00e4te. Vorbeugend bei jeder Inspektion, nach Reparaturen am Kraftstoffsystem oder zur Problembehandlung. Turbo-getestet.<\/p>\n<div class=\"d-flex justify-content-md-center gap-1\"><img decoding=\"async\" title=\"ghs08\" src=\"https:\/\/liquimoly.cloudimg.io\/v7\/https:\/\/www.liqui-moly.com\/static\/version1702332212\/frontend\/limo\/base\/de_DE\/images\/info\/ghs08.png\" alt=\"ghs08\" width=\"35px\" height=\"35px\" \/><img decoding=\"async\" title=\"ghs09\" src=\"https:\/\/liquimoly.cloudimg.io\/v7\/https:\/\/www.liqui-moly.com\/static\/version1702332212\/frontend\/limo\/base\/de_DE\/images\/info\/ghs09.png\" alt=\"ghs09\" width=\"35px\" height=\"35px\" \/><\/div>\n<div class=\"text-md-center text-muted ps-md-2 pe-md-2\"><strong>Gefahr<\/strong><\/p>\n<ul class=\"info-text m-0 p-0\">\n<li>H304 Kann bei Verschlucken und Eindringen in die Atemwege t\u00f6dlich sein.<\/li>\n<li>H411 Giftig f\u00fcr Wasserorganismen, mit langfristiger Wirkung.<\/li>\n<li>EUH044 Explosionsgefahr bei Erhitzen unter Einschluss.<\/li>\n<li>EUH066 Wiederholter Kontakt kann zu spr\u00f6der oder rissiger Haut f\u00fchren.<\/li>\n<\/ul>\n<\/div>\n<p>Wenn Sie Fragen rund um die Liqui Moly Produkte haben sollten, z\u00f6gern Sie nicht und kontaktieren Sie uns. Gerne stehen wir Ihnen jederzeit gerne zur Verf\u00fcgung.<\/p>\n","protected":false},"excerpt":{"rendered":"<p>Pro-Line JetClean Diesel-System-Reiniger Hochkonzentrierte, gebrauchsfertige Reinigungsfl\u00fcssigkeit. Entfernt Ablagerungen in der Einspritzpumpe, an Einspritzd\u00fcsen sowie im Brennraum und verhindert deren Neubildung. Unterbindet das Festbrennen und Verharzen von D\u00fcsennadeln. Verbessert den Motorlauf und optimiert die Abgaswerte. Beseitigt Startschwierigkeiten, unrunden Motorlauf, schlechte Gasannahme und Leistungsverlust. Pflegt und sch\u00fctzt das gesamte Kraftstoffsystem vor Verschlei\u00df und Korrosion. Saubere Motoren verbrauchen [&hellip;]<\/p>\n","protected":false},"featured_media":24375,"comment_status":"closed","ping_status":"closed","template":"","meta":[],"class_list":["post-24374","product","type-product","status-publish","has-post-thumbnail","hentry","product_cat-jetclean","product_cat-werkstattlinie"],"_links":{"self":[{"href":"https:\/\/www.liqui-moly-shop.ch\/index.php\/wp-json\/wp\/v2\/product\/24374","targetHints":{"allow":["GET"]}}],"collection":[{"href":"https:\/\/www.liqui-moly-shop.ch\/index.php\/wp-json\/wp\/v2\/product"}],"about":[{"href":"https:\/\/www.liqui-moly-shop.ch\/index.php\/wp-json\/wp\/v2\/types\/product"}],"replies":[{"embeddable":true,"href":"https:\/\/www.liqui-moly-shop.ch\/index.php\/wp-json\/wp\/v2\/comments?post=24374"}],"wp:featuredmedia":[{"embeddable":true,"href":"https:\/\/www.liqui-moly-shop.ch\/index.php\/wp-json\/wp\/v2\/media\/24375"}],"wp:attachment":[{"href":"https:\/\/www.liqui-moly-shop.ch\/index.php\/wp-json\/wp\/v2\/media?parent=24374"}],"curies":[{"name":"wp","href":"https:\/\/api.w.org\/{rel}","templated":true}]}}