{"id":24380,"date":"2018-07-17T00:00:00","date_gmt":"2018-07-17T00:00:00","guid":{"rendered":"https:\/\/dev.liqui-moly-shop.ch\/index.php\/product\/pro-line-dieselpartikelfilterreiniger\/"},"modified":"2023-12-14T16:04:04","modified_gmt":"2023-12-14T16:04:04","slug":"pro-line-dieselpartikelfilterreiniger","status":"publish","type":"product","link":"https:\/\/www.liqui-moly-shop.ch\/index.php\/product\/pro-line-dieselpartikelfilterreiniger\/","title":{"rendered":"Pro-Line Dieselpartikelfilterreiniger"},"content":{"rendered":"<h3>Pro-Line Dieselpartikelfilterreiniger<\/h3>\n<p>Hochwirksame Fl\u00fcssigkeit zur Reinigung verstopfter Pkw-Dieselpartikelfilter im eingebauten Zustand. L\u00f6st harte, dichte oder verkrustete Verschmutzungen auf der Oberfl\u00e4che von Dieselpartikelfiltern. Sichert optimales Fahrverhalten, Motorleistung und einen niedrigen Kraftstoffverbrauch. Durch eine regelm\u00e4\u00dfige Reinigung in Kombination mit der Sp\u00fclung k\u00f6nnen teure Reparaturkosten vermieden werden. Die Reinigung erfolgt mit der DPF-Druckbecherpistole (Art.-Nr. 7946) und der speziell entwickelten DPF-Lanze mit 5 Spr\u00fchsonden (Art.-Nr. 7945).<\/p>\n<p><!-- --><\/p>\n<table id=\"detail\">\n<tbody>\n<tr>\n<td class=\"left\" valign=\"top\">Artikelnummer:<\/td>\n<td class=\"right\" valign=\"top\">5169<\/td>\n<\/tr>\n<tr>\n<td class=\"left\" valign=\"top\">Gebinde:<\/td>\n<td class=\"right\" valign=\"top\">1 l Dose Kunststoff<\/td>\n<\/tr>\n<tr>\n<td class=\"left\" valign=\"top\">Paletteninhalt:<\/td>\n<td class=\"right\" valign=\"top\">570<\/td>\n<\/tr>\n<tr>\n<td class=\"left\" valign=\"top\">VPE:<\/td>\n<td class=\"right\" valign=\"top\">6 STK<\/td>\n<\/tr>\n<tr>\n<td class=\"left\" valign=\"top\">Sprache:<\/td>\n<td class=\"right\" valign=\"top\">D &#8211; GB &#8211; I &#8211; E &#8211; P<\/td>\n<\/tr>\n<\/tbody>\n<\/table>\n<h3 class=\"detail\">Einsatzzweck<\/h3>\n<p>F\u00fcr Pkw-Dieselfahrzeuge mit Dieselpartikelfilter (DPF\/FAP). Speziell Kurzstreckenfahrzeuge und Stadtfahrzeuge sind \u00fcberwiegend vom Problem verstopfter Dieselpartikelfilter betroffen.<\/p>\n<h3>Produktvideo<\/h3>\n<div class=\"d-flex justify-content-md-center gap-1\"><img decoding=\"async\" title=\"ghs07\" src=\"https:\/\/liquimoly.cloudimg.io\/v7\/https:\/\/www.liqui-moly.com\/static\/version1702332212\/frontend\/limo\/base\/de_DE\/images\/info\/ghs07.png\" alt=\"ghs07\" width=\"35px\" height=\"35px\" \/><\/div>\n<div class=\"text-md-center text-muted ps-md-2 pe-md-2\">\n<p><strong>Achtung<\/strong><\/p>\n<ul class=\"info-text m-0 p-0\">\n<li>H315 Verursacht Hautreizungen.<\/li>\n<li>H319 Verursacht schwere Augenreizung.<\/li>\n<\/ul>\n<\/div>\n<p>Wenn Sie Fragen rund um die Liqui Moly Produkte haben sollten, z\u00f6gern Sie nicht und kontaktieren Sie uns. Gerne stehen wir Ihnen jederzeit gerne zur Verf\u00fcgung.<\/p>\n","protected":false},"excerpt":{"rendered":"<p>Pro-Line Dieselpartikelfilterreiniger Hochwirksame Fl\u00fcssigkeit zur Reinigung verstopfter Pkw-Dieselpartikelfilter im eingebauten Zustand. L\u00f6st harte, dichte oder verkrustete Verschmutzungen auf der Oberfl\u00e4che von Dieselpartikelfiltern. Sichert optimales Fahrverhalten, Motorleistung und einen niedrigen Kraftstoffverbrauch. Durch eine regelm\u00e4\u00dfige Reinigung in Kombination mit der Sp\u00fclung k\u00f6nnen teure Reparaturkosten vermieden werden. Die Reinigung erfolgt mit der DPF-Druckbecherpistole (Art.-Nr. 7946) und der speziell [&hellip;]<\/p>\n","protected":false},"featured_media":24381,"comment_status":"closed","ping_status":"closed","template":"","meta":[],"class_list":["post-24380","product","type-product","status-publish","has-post-thumbnail","hentry","product_cat-serviceprodukte","product_cat-werkstattlinie"],"_links":{"self":[{"href":"https:\/\/www.liqui-moly-shop.ch\/index.php\/wp-json\/wp\/v2\/product\/24380","targetHints":{"allow":["GET"]}}],"collection":[{"href":"https:\/\/www.liqui-moly-shop.ch\/index.php\/wp-json\/wp\/v2\/product"}],"about":[{"href":"https:\/\/www.liqui-moly-shop.ch\/index.php\/wp-json\/wp\/v2\/types\/product"}],"replies":[{"embeddable":true,"href":"https:\/\/www.liqui-moly-shop.ch\/index.php\/wp-json\/wp\/v2\/comments?post=24380"}],"wp:featuredmedia":[{"embeddable":true,"href":"https:\/\/www.liqui-moly-shop.ch\/index.php\/wp-json\/wp\/v2\/media\/24381"}],"wp:attachment":[{"href":"https:\/\/www.liqui-moly-shop.ch\/index.php\/wp-json\/wp\/v2\/media?parent=24380"}],"curies":[{"name":"wp","href":"https:\/\/api.w.org\/{rel}","templated":true}]}}