{"id":24383,"date":"2018-07-17T00:00:00","date_gmt":"2018-07-17T00:00:00","guid":{"rendered":"https:\/\/dev.liqui-moly-shop.ch\/index.php\/product\/pro-line-dieselpartikelfilterspuelung\/"},"modified":"2023-12-14T16:04:48","modified_gmt":"2023-12-14T16:04:48","slug":"pro-line-dieselpartikelfilterspuelung","status":"publish","type":"product","link":"https:\/\/www.liqui-moly-shop.ch\/index.php\/product\/pro-line-dieselpartikelfilterspuelung\/","title":{"rendered":"Pro-Line Dieselpartikelfiltersp\u00fclung"},"content":{"rendered":"<h3>Pro-Line Dieselpartikelfiltersp\u00fclung<\/h3>\n<p>Hochwirksame Fl\u00fcssigkeit zur Sp\u00fclung von Pkw-Dieselpartikelfiltern (DPF\/FAP) nach der Reinigung mit Pro-Line Dieselpartikelfilterreiniger im eingebauten Zustand. Sichert optimales Fahrverhalten, Motorleistung und einen niedrigen Kraftstoffverbrauch. Die vom Reiniger aufgeweichte Ru\u00dfschicht wird gel\u00f6st und Ru\u00df wird im Dieselpartikelfilter verteilt, so dass er \u00fcber eine normale Regeneration abgebrannt werden kann. Die Sp\u00fclung erfolgt mit der DPF-Druckbecherpistole (Art.-Nr. 7946) und der speziell entwickelten DPF-Lanze mit 5 Spr\u00fchsonden (Art.-Nr. 7945).<\/p>\n<p><!-- --><\/p>\n<table id=\"detail\">\n<tbody>\n<tr>\n<td class=\"left\" valign=\"top\">Artikelnummer:<\/td>\n<td class=\"right\" valign=\"top\">5171<\/td>\n<\/tr>\n<tr>\n<td class=\"left\" valign=\"top\">Gebinde:<\/td>\n<td class=\"right\" valign=\"top\">500 ml Dose Kunststoff<\/td>\n<\/tr>\n<tr>\n<td class=\"left\" valign=\"top\">Paletteninhalt:<\/td>\n<td class=\"right\" valign=\"top\">840<\/td>\n<\/tr>\n<tr>\n<td class=\"left\" valign=\"top\">VPE:<\/td>\n<td class=\"right\" valign=\"top\">6 STK<\/td>\n<\/tr>\n<tr>\n<td class=\"left\" valign=\"top\">Sprache:<\/td>\n<td class=\"right\" valign=\"top\">D &#8211; GB &#8211; I &#8211; E &#8211; P<\/td>\n<\/tr>\n<\/tbody>\n<\/table>\n<h3 class=\"detail\">Einsatzzweck<\/h3>\n<p>F\u00fcr Pkw-Dieselfahrzeuge mit Dieselpartikelfilter (DPF\/FAP). Speziell Kurzstreckenfahrzeuge und Stadtfahrzeuge sind \u00fcberwiegend vom Problem verstopfter Dieselpartikelfilter betroffen.<\/p>\n<p>Wenn Sie Fragen rund um die Liqui Moly Produkte haben sollten, z\u00f6gern Sie nicht und kontaktieren Sie uns. Gerne stehen wir Ihnen jederzeit gerne zur Verf\u00fcgung.<\/p>\n","protected":false},"excerpt":{"rendered":"<p>Pro-Line Dieselpartikelfiltersp\u00fclung Hochwirksame Fl\u00fcssigkeit zur Sp\u00fclung von Pkw-Dieselpartikelfiltern (DPF\/FAP) nach der Reinigung mit Pro-Line Dieselpartikelfilterreiniger im eingebauten Zustand. Sichert optimales Fahrverhalten, Motorleistung und einen niedrigen Kraftstoffverbrauch. Die vom Reiniger aufgeweichte Ru\u00dfschicht wird gel\u00f6st und Ru\u00df wird im Dieselpartikelfilter verteilt, so dass er \u00fcber eine normale Regeneration abgebrannt werden kann. Die Sp\u00fclung erfolgt mit der DPF-Druckbecherpistole [&hellip;]<\/p>\n","protected":false},"featured_media":24384,"comment_status":"closed","ping_status":"closed","template":"","meta":[],"class_list":["post-24383","product","type-product","status-publish","has-post-thumbnail","hentry","product_cat-serviceprodukte","product_cat-werkstattlinie"],"_links":{"self":[{"href":"https:\/\/www.liqui-moly-shop.ch\/index.php\/wp-json\/wp\/v2\/product\/24383","targetHints":{"allow":["GET"]}}],"collection":[{"href":"https:\/\/www.liqui-moly-shop.ch\/index.php\/wp-json\/wp\/v2\/product"}],"about":[{"href":"https:\/\/www.liqui-moly-shop.ch\/index.php\/wp-json\/wp\/v2\/types\/product"}],"replies":[{"embeddable":true,"href":"https:\/\/www.liqui-moly-shop.ch\/index.php\/wp-json\/wp\/v2\/comments?post=24383"}],"wp:featuredmedia":[{"embeddable":true,"href":"https:\/\/www.liqui-moly-shop.ch\/index.php\/wp-json\/wp\/v2\/media\/24384"}],"wp:attachment":[{"href":"https:\/\/www.liqui-moly-shop.ch\/index.php\/wp-json\/wp\/v2\/media?parent=24383"}],"curies":[{"name":"wp","href":"https:\/\/api.w.org\/{rel}","templated":true}]}}