{"id":24392,"date":"2018-07-17T00:00:00","date_gmt":"2018-07-17T00:00:00","guid":{"rendered":"https:\/\/dev.liqui-moly-shop.ch\/index.php\/product\/pro-line-ptfe-pulver-spray\/"},"modified":"2025-11-04T09:11:54","modified_gmt":"2025-11-04T09:11:54","slug":"pro-line-ptfe-pulver-spray","status":"publish","type":"product","link":"https:\/\/www.liqui-moly-shop.ch\/index.php\/product\/pro-line-ptfe-pulver-spray\/","title":{"rendered":"Pro-Line Keramik Pulver\u00adspray"},"content":{"rendered":"<h3>Pro-Line Keramik Pulver\u00adspray<\/h3>\n<p><span class=\"value\">Fettfreies Gleit- und Trennmittel auf Basis von hexagonalem Bornitrid. Geeignet f\u00fcr nahezu jeden Werkstoff. Pflegt, sch\u00fctzt, isoliert, beseitigt Quietschen und ist aufgrund seiner Langzeitschmierung universell einsetzbar, vor allen Dingen in Arbeitsbereichen, in denen \u00f6l- oder silikonhaltige Mittel die Nachbearbeitung wie z. B. Lackierarbeiten st\u00f6ren. Enth\u00e4lt kein Mikroplastik und ist silikon- sowie PFAS-frei.<\/span><\/p>\n<p><!-- --><\/p>\n<table id=\"detail\">\n<tbody>\n<tr>\n<td class=\"left\" valign=\"top\">Artikelnummer:<\/td>\n<td class=\"right\" valign=\"top\">21920<\/td>\n<\/tr>\n<tr>\n<td class=\"left\" valign=\"top\">Gebinde:<\/td>\n<td class=\"right\" valign=\"top\">400 ml Dose Aerosol<\/td>\n<\/tr>\n<tr>\n<td class=\"left\" valign=\"top\">Paletteninhalt:<\/td>\n<td class=\"right\" valign=\"top\">1116<\/td>\n<\/tr>\n<tr>\n<td class=\"left\" valign=\"top\">VPE:<\/td>\n<td class=\"right\" valign=\"top\">6 STK<\/td>\n<\/tr>\n<tr>\n<td class=\"left\" valign=\"top\">Sprache:<\/td>\n<td class=\"right\" valign=\"top\">D &#8211; GB &#8211; I &#8211; E &#8211; P<\/td>\n<\/tr>\n<\/tbody>\n<\/table>\n<div><\/div>\n<div class=\"d-inline-block fs-9 product attribute mt-2\"><span class=\"value\">Optimal zur Schmierung von Gurtmechaniken und F\u00fchrungsschienen wie z. B. an Sitzgestellen. Auch als Gleit- und Trennmittel, in der Textil- und Holzverarbeitung bei Lagern, Gleitschienen, Rollen, Ketten und Gewinden, universell im Haushalt sowie als Trennmittel in der Kunststoffverarbeitung geeignet.<\/span><\/div>\n<p><strong>Anwendung<\/strong><\/p>\n<div class=\"d-inline-block fs-9 product attribute application mt-2\"><span class=\"value\">Dose vor Gebrauch min. 30 Sek. sch\u00fctteln. Danach auf die zuvor ges\u00e4uberte, fettfreie und trockene Oberfl\u00e4che d\u00fcnn und gleichm\u00e4\u00dfig aufspr\u00fchen. Wird eine gr\u00f6\u00dfere Schichtdicke gew\u00fcnscht, muss die zuletzt aufgetragene Schicht erst vollst\u00e4ndig durchgetrocknet sein. Hinweis: Nach Anwendung Spr\u00fchventil freispr\u00fchen (Dose mit Spr\u00fchkopf nach unten halten), bis nur noch das reine Treibmittel entweicht.<\/span><\/div>\n","protected":false},"excerpt":{"rendered":"<p>Pro-Line Keramik Pulver\u00adspray Fettfreies Gleit- und Trennmittel auf Basis von hexagonalem Bornitrid. Geeignet f\u00fcr nahezu jeden Werkstoff. Pflegt, sch\u00fctzt, isoliert, beseitigt Quietschen und ist aufgrund seiner Langzeitschmierung universell einsetzbar, vor allen Dingen in Arbeitsbereichen, in denen \u00f6l- oder silikonhaltige Mittel die Nachbearbeitung wie z. B. Lackierarbeiten st\u00f6ren. Enth\u00e4lt kein Mikroplastik und ist silikon- sowie PFAS-frei. [&hellip;]<\/p>\n","protected":false},"featured_media":70080,"comment_status":"closed","ping_status":"closed","template":"","meta":[],"class_list":["post-24392","product","type-product","status-publish","has-post-thumbnail","hentry","product_cat-serviceprodukte","product_cat-werkstattlinie"],"_links":{"self":[{"href":"https:\/\/www.liqui-moly-shop.ch\/index.php\/wp-json\/wp\/v2\/product\/24392","targetHints":{"allow":["GET"]}}],"collection":[{"href":"https:\/\/www.liqui-moly-shop.ch\/index.php\/wp-json\/wp\/v2\/product"}],"about":[{"href":"https:\/\/www.liqui-moly-shop.ch\/index.php\/wp-json\/wp\/v2\/types\/product"}],"replies":[{"embeddable":true,"href":"https:\/\/www.liqui-moly-shop.ch\/index.php\/wp-json\/wp\/v2\/comments?post=24392"}],"wp:featuredmedia":[{"embeddable":true,"href":"https:\/\/www.liqui-moly-shop.ch\/index.php\/wp-json\/wp\/v2\/media\/70080"}],"wp:attachment":[{"href":"https:\/\/www.liqui-moly-shop.ch\/index.php\/wp-json\/wp\/v2\/media?parent=24392"}],"curies":[{"name":"wp","href":"https:\/\/api.w.org\/{rel}","templated":true}]}}