{"id":24407,"date":"2018-07-17T00:00:00","date_gmt":"2018-07-17T00:00:00","guid":{"rendered":"https:\/\/dev.liqui-moly-shop.ch\/index.php\/product\/pro-line-injektoren-und-gluehkerzenfett\/"},"modified":"2023-12-14T16:14:46","modified_gmt":"2023-12-14T16:14:46","slug":"pro-line-injektoren-und-gluehkerzenfett","status":"publish","type":"product","link":"https:\/\/www.liqui-moly-shop.ch\/index.php\/product\/pro-line-injektoren-und-gluehkerzenfett\/","title":{"rendered":"Pro-Line Injektoren- und Gl\u00fchkerzenfett"},"content":{"rendered":"<h3>Pro-Line Injektoren- und Gl\u00fchkerzenfett<\/h3>\n<p>Teilsynthetisches, metallfreies Spezialfett zum Einschmieren von Injektoren und Gl\u00fchkerzen vor dem Einbauen am Motor. Vermeidet das Eindringen von Feuchtigkeit und verhindert somit eine Korrosion des Injektors und der Gl\u00fchkerze. Durch das Spezialfett wird die Demontage deutlich erleichtert.<\/p>\n<p><!-- --><\/p>\n<table id=\"detail\">\n<tbody>\n<tr>\n<td class=\"left\" valign=\"top\">Artikelnummer:<\/td>\n<td class=\"right\" valign=\"top\">3381<\/td>\n<\/tr>\n<tr>\n<td class=\"left\" valign=\"top\">Gebinde:<\/td>\n<td class=\"right\" valign=\"top\">20 g Tube Kunststoff<\/td>\n<\/tr>\n<tr>\n<td class=\"left\" valign=\"top\">Paletteninhalt:<\/td>\n<td class=\"right\" valign=\"top\">3120<\/td>\n<\/tr>\n<tr>\n<td class=\"left\" valign=\"top\">VPE:<\/td>\n<td class=\"right\" valign=\"top\">12 STK<\/td>\n<\/tr>\n<tr>\n<td class=\"left\" valign=\"top\">Sprache:<\/td>\n<td class=\"right\" valign=\"top\">D &#8211; GB<\/td>\n<\/tr>\n<\/tbody>\n<\/table>\n<div style=\"clear: both;\">\n<h3 class=\"detail\">Einsatzzweck<\/h3>\n<p>Zur Schmierung hochbelasteter Gleitfl\u00e4chen aller Art. Zum Trennen temperaturbeanspruchter Bauteile wie Injektoren, Gl\u00fchkerzen, Stifte und Bolzen.<\/p>\n<\/div>\n<ul class=\"info-text m-0 p-0\">\n<li>EUH208 Enth\u00e4lt Di-iso-octylaminomethyl-tolutriazol. Kann allergische Reaktionen hervorrufen.<\/li>\n<li>EUH210 Sicherheitsdatenblatt auf Anfrage erh\u00e4ltlich.<\/li>\n<li>EUH211 Achtung! Beim Spr\u00fchen k\u00f6nnen gef\u00e4hrliche lungeng\u00e4ngige Tr\u00f6pfchen entstehen. Aerosol oder Nebel nicht einatmen.<\/li>\n<\/ul>\n<p>Wenn Sie Fragen rund um die Liqui Moly Produkte haben sollten, z\u00f6gern Sie nicht und kontaktieren Sie uns. Gerne stehen wir Ihnen jederzeit gerne zur Verf\u00fcgung.<\/p>\n","protected":false},"excerpt":{"rendered":"<p>Pro-Line Injektoren- und Gl\u00fchkerzenfett Teilsynthetisches, metallfreies Spezialfett zum Einschmieren von Injektoren und Gl\u00fchkerzen vor dem Einbauen am Motor. Vermeidet das Eindringen von Feuchtigkeit und verhindert somit eine Korrosion des Injektors und der Gl\u00fchkerze. Durch das Spezialfett wird die Demontage deutlich erleichtert. Artikelnummer: 3381 Gebinde: 20 g Tube Kunststoff Paletteninhalt: 3120 VPE: 12 STK Sprache: D [&hellip;]<\/p>\n","protected":false},"featured_media":24408,"comment_status":"closed","ping_status":"closed","template":"","meta":[],"class_list":["post-24407","product","type-product","status-publish","has-post-thumbnail","hentry","product_cat-serviceprodukte","product_cat-werkstattlinie"],"_links":{"self":[{"href":"https:\/\/www.liqui-moly-shop.ch\/index.php\/wp-json\/wp\/v2\/product\/24407","targetHints":{"allow":["GET"]}}],"collection":[{"href":"https:\/\/www.liqui-moly-shop.ch\/index.php\/wp-json\/wp\/v2\/product"}],"about":[{"href":"https:\/\/www.liqui-moly-shop.ch\/index.php\/wp-json\/wp\/v2\/types\/product"}],"replies":[{"embeddable":true,"href":"https:\/\/www.liqui-moly-shop.ch\/index.php\/wp-json\/wp\/v2\/comments?post=24407"}],"wp:featuredmedia":[{"embeddable":true,"href":"https:\/\/www.liqui-moly-shop.ch\/index.php\/wp-json\/wp\/v2\/media\/24408"}],"wp:attachment":[{"href":"https:\/\/www.liqui-moly-shop.ch\/index.php\/wp-json\/wp\/v2\/media?parent=24407"}],"curies":[{"name":"wp","href":"https:\/\/api.w.org\/{rel}","templated":true}]}}