{"id":24413,"date":"2018-07-17T00:00:00","date_gmt":"2018-07-17T00:00:00","guid":{"rendered":"https:\/\/dev.liqui-moly-shop.ch\/index.php\/product\/pro-line-silikon-spray\/"},"modified":"2023-12-14T16:17:01","modified_gmt":"2023-12-14T16:17:01","slug":"pro-line-silikon-spray","status":"publish","type":"product","link":"https:\/\/www.liqui-moly-shop.ch\/index.php\/product\/pro-line-silikon-spray\/","title":{"rendered":"Pro-Line Silikon-Spray"},"content":{"rendered":"<h3>Pro-Line Silikon-Spray<\/h3>\n<p>Mineral\u00f6l- und fettfreies Trenn-, Gleit- und Schutzmittel auf Silikonbasis.\u00a0Sch\u00fctzt, schmiert, pflegt\u00a0und isoliert. Verursacht keine Flecken. Wirkt antistatisch (staubabweisend). Beseitigt Quietschen, Knarren\u00a0und Schwerg\u00e4ngigkeit.\u00a0Bietet einen langanhaltenden Schutz gegen Verschlei\u00df. Vielseitig einsetzbar, vor allem in Arbeitsbereichen, in denen \u00f6l- oder fetthaltige Schmierstoffe unerw\u00fcnscht sind oder die anschlie\u00dfende Nachbearbeitung st\u00f6ren.<\/p>\n<p><!-- --><\/p>\n<table id=\"detail\">\n<tbody>\n<tr>\n<td class=\"left\" valign=\"top\">Artikelnummer:<\/td>\n<td class=\"right\" valign=\"top\">7389<\/td>\n<\/tr>\n<tr>\n<td class=\"left\" valign=\"top\">Gebinde:<\/td>\n<td class=\"right\" valign=\"top\">400 ml Dose Aerosol<\/td>\n<\/tr>\n<tr>\n<td class=\"left\" valign=\"top\">Paletteninhalt:<\/td>\n<td class=\"right\" valign=\"top\">1116<\/td>\n<\/tr>\n<tr>\n<td class=\"left\" valign=\"top\">VPE:<\/td>\n<td class=\"right\" valign=\"top\">6 STK<\/td>\n<\/tr>\n<tr>\n<td class=\"left\" valign=\"top\">Sprache:<\/td>\n<td class=\"right\" valign=\"top\">D &#8211; GB &#8211; I &#8211; E &#8211; P<\/td>\n<\/tr>\n<\/tbody>\n<\/table>\n<h3 class=\"detail\">Einsatzzweck<\/h3>\n<p>Vielseitig anwendbar, z. B. an Kunststoffen, Gummi, Metall, Holz etc. Dient als Montagehilfe beispielsweise bei Schlauchverbindungen und Dichtungen. F\u00fcr innen und au\u00dfen.<\/p>\n<div class=\"d-flex justify-content-md-center gap-1\"><img decoding=\"async\" title=\"ghs02\" src=\"https:\/\/liquimoly.cloudimg.io\/v7\/https:\/\/www.liqui-moly.com\/static\/version1702332212\/frontend\/limo\/base\/de_DE\/images\/info\/ghs02.png\" alt=\"ghs02\" width=\"35px\" height=\"35px\" \/><\/div>\n<div class=\"text-md-center text-muted ps-md-2 pe-md-2\"><strong>Gefahr<\/strong><\/p>\n<ul class=\"info-text m-0 p-0\">\n<li>H222 Extrem entz\u00fcndbares Aerosol.<\/li>\n<li>H229 Beh\u00e4lter steht unter Druck: Kann bei Erw\u00e4rmung bersten.<\/li>\n<li>H412 Sch\u00e4dlich f\u00fcr Wasserorganismen, mit langfristiger Wirkung.<\/li>\n<\/ul>\n<\/div>\n<p>Wenn Sie Fragen rund um die Liqui Moly Produkte haben sollten, z\u00f6gern Sie nicht und kontaktieren Sie uns. Gerne stehen wir Ihnen jederzeit gerne zur Verf\u00fcgung.<\/p>\n","protected":false},"excerpt":{"rendered":"<p>Pro-Line Silikon-Spray Mineral\u00f6l- und fettfreies Trenn-, Gleit- und Schutzmittel auf Silikonbasis.\u00a0Sch\u00fctzt, schmiert, pflegt\u00a0und isoliert. Verursacht keine Flecken. Wirkt antistatisch (staubabweisend). Beseitigt Quietschen, Knarren\u00a0und Schwerg\u00e4ngigkeit.\u00a0Bietet einen langanhaltenden Schutz gegen Verschlei\u00df. Vielseitig einsetzbar, vor allem in Arbeitsbereichen, in denen \u00f6l- oder fetthaltige Schmierstoffe unerw\u00fcnscht sind oder die anschlie\u00dfende Nachbearbeitung st\u00f6ren. Artikelnummer: 7389 Gebinde: 400 ml Dose Aerosol [&hellip;]<\/p>\n","protected":false},"featured_media":24414,"comment_status":"closed","ping_status":"closed","template":"","meta":[],"class_list":["post-24413","product","type-product","status-publish","has-post-thumbnail","hentry","product_cat-serviceprodukte","product_cat-werkstattlinie"],"_links":{"self":[{"href":"https:\/\/www.liqui-moly-shop.ch\/index.php\/wp-json\/wp\/v2\/product\/24413","targetHints":{"allow":["GET"]}}],"collection":[{"href":"https:\/\/www.liqui-moly-shop.ch\/index.php\/wp-json\/wp\/v2\/product"}],"about":[{"href":"https:\/\/www.liqui-moly-shop.ch\/index.php\/wp-json\/wp\/v2\/types\/product"}],"replies":[{"embeddable":true,"href":"https:\/\/www.liqui-moly-shop.ch\/index.php\/wp-json\/wp\/v2\/comments?post=24413"}],"wp:featuredmedia":[{"embeddable":true,"href":"https:\/\/www.liqui-moly-shop.ch\/index.php\/wp-json\/wp\/v2\/media\/24414"}],"wp:attachment":[{"href":"https:\/\/www.liqui-moly-shop.ch\/index.php\/wp-json\/wp\/v2\/media?parent=24413"}],"curies":[{"name":"wp","href":"https:\/\/api.w.org\/{rel}","templated":true}]}}