{"id":26030,"date":"2018-10-15T00:00:00","date_gmt":"2018-10-15T00:00:00","guid":{"rendered":"https:\/\/dev.liqui-moly-shop.ch\/index.php\/product\/schnellreiniger-spray\/"},"modified":"2018-10-15T00:00:00","modified_gmt":"2018-10-15T00:00:00","slug":"schnellreiniger-spray","status":"publish","type":"product","link":"https:\/\/www.liqui-moly-shop.ch\/index.php\/product\/schnellreiniger-spray\/","title":{"rendered":"Schnellreiniger \/ Bremsreiniger (Spray)"},"content":{"rendered":"<p>Macht\u00a0Montagearbeiten leichter, sauberer und sicherer. Beseitigt \u00d6l, Fett und Schmutz\u00a0schnell und restlos.\u00a0Behandelte Teile sind absolut frei von R\u00fcckst\u00e4nden und vollst\u00e4ndig entfettet. Spart Zeit sowie Kosten und sichert die einwandfreie Reparatur. L\u00f6st harz-, \u00f6l- und fettartige R\u00fcckst\u00e4nde. Gutes Eindringungsverm\u00f6gen, kontrollierte und r\u00fcckstandsfreie Verdunstung.<\/p>\n<table id=\"detail\">\n<tbody>\n<tr>\n<td class=\"left\" valign=\"top\">Artikelnummer:<\/td>\n<td class=\"right\" valign=\"top\">2395*<\/td>\n<\/tr>\n<tr>\n<td class=\"left\" valign=\"top\">Gebinde:<\/td>\n<td class=\"right\" valign=\"top\">500 ml Dose Aerosol<\/td>\n<\/tr>\n<tr>\n<td class=\"left\" valign=\"top\">Paletteninhalt:<\/td>\n<td class=\"right\" valign=\"top\">840<\/td>\n<\/tr>\n<tr>\n<td class=\"left\" valign=\"top\">VPE:<\/td>\n<td class=\"right\" valign=\"top\">12 STK<\/td>\n<\/tr>\n<tr>\n<td class=\"left\" valign=\"top\">Sprache:<\/td>\n<td class=\"right\" valign=\"top\">D &#8211; F &#8211; I<\/td>\n<\/tr>\n<\/tbody>\n<\/table>\n<h3 class=\"detail\">Einsatzzweck<\/h3>\n<p>Universalreiniger zur schnellen Reinigung und Entfettung von Kleinbauteilen im Kfz- und Industriebereich. F\u00fcr Bremsen, Kupplungen, Getriebe sowie Montage- und Reparaturarbeiten. Entfernt \u00d6l- und Fettflecken aus Bodenbel\u00e4gen, Stoffen und Verkleidungen.<\/p>\n","protected":false},"excerpt":{"rendered":"<p>Macht\u00a0Montagearbeiten leichter, sauberer und sicherer. Beseitigt \u00d6l, Fett und Schmutz\u00a0schnell und restlos.\u00a0Behandelte Teile sind absolut frei von R\u00fcckst\u00e4nden und vollst\u00e4ndig entfettet. Spart Zeit sowie Kosten und sichert die einwandfreie Reparatur. L\u00f6st harz-, \u00f6l- und fettartige R\u00fcckst\u00e4nde. Gutes Eindringungsverm\u00f6gen, kontrollierte und r\u00fcckstandsfreie Verdunstung. Artikelnummer: 2395* Gebinde: 500 ml Dose Aerosol Paletteninhalt: 840 VPE: 12 STK Sprache: [&hellip;]<\/p>\n","protected":false},"featured_media":26031,"comment_status":"closed","ping_status":"closed","template":"","meta":[],"class_list":["post-26030","product","type-product","status-publish","has-post-thumbnail","hentry","product_cat-reiniger-oelbinder","product_cat-reparaturhilfen-serviceprodukte"],"_links":{"self":[{"href":"https:\/\/www.liqui-moly-shop.ch\/index.php\/wp-json\/wp\/v2\/product\/26030","targetHints":{"allow":["GET"]}}],"collection":[{"href":"https:\/\/www.liqui-moly-shop.ch\/index.php\/wp-json\/wp\/v2\/product"}],"about":[{"href":"https:\/\/www.liqui-moly-shop.ch\/index.php\/wp-json\/wp\/v2\/types\/product"}],"replies":[{"embeddable":true,"href":"https:\/\/www.liqui-moly-shop.ch\/index.php\/wp-json\/wp\/v2\/comments?post=26030"}],"wp:featuredmedia":[{"embeddable":true,"href":"https:\/\/www.liqui-moly-shop.ch\/index.php\/wp-json\/wp\/v2\/media\/26031"}],"wp:attachment":[{"href":"https:\/\/www.liqui-moly-shop.ch\/index.php\/wp-json\/wp\/v2\/media?parent=26030"}],"curies":[{"name":"wp","href":"https:\/\/api.w.org\/{rel}","templated":true}]}}