{"id":26040,"date":"2019-01-24T00:00:00","date_gmt":"2019-01-24T00:00:00","guid":{"rendered":"https:\/\/dev.liqui-moly-shop.ch\/index.php\/product\/pro-line-drosselklappenreiniger\/"},"modified":"2022-12-23T10:14:38","modified_gmt":"2022-12-23T10:14:38","slug":"pro-line-drosselklappenreiniger","status":"publish","type":"product","link":"https:\/\/www.liqui-moly-shop.ch\/index.php\/product\/pro-line-drosselklappenreiniger\/","title":{"rendered":"Pro-Line Drosselklappenreiniger"},"content":{"rendered":"<h3>Pro-Line Drosselklappenreiniger<\/h3>\n<p>Spezielles Aktivl\u00f6sungsmittel zur Reinigung typischer Verschmutzungen und Ablagerungen im Ansaug- und Drosselklappenbereich. L\u00f6st und entfernt alle schmierigen Verunreinigungen wie \u00d6l, Harz, Klebstoff usw. Gew\u00e4hrleistet die Funktionsf\u00e4higkeit der beweglichen Teile und reduziert den Kraftstoffverbrauch. Erh\u00f6ht die Betriebssicherheit benzinbetriebener Motoren.<\/p>\n<p><!-- --><\/p>\n<table id=\"detail\">\n<tbody>\n<tr>\n<td class=\"left\" valign=\"top\">Artikelnummer:<\/td>\n<td class=\"right\" valign=\"top\">8986<\/td>\n<\/tr>\n<tr>\n<td class=\"left\" valign=\"top\">Gebinde:<\/td>\n<td class=\"right\" valign=\"top\">400 ml Dose Aerosol<\/td>\n<\/tr>\n<tr>\n<td class=\"left\" valign=\"top\">Paletteninhalt:<\/td>\n<td class=\"right\" valign=\"top\">0<\/td>\n<\/tr>\n<tr>\n<td class=\"left\" valign=\"top\">VPE:<\/td>\n<td class=\"right\" valign=\"top\">6\u00a0STK<\/td>\n<\/tr>\n<tr>\n<td class=\"left\" valign=\"top\">Sprache:<\/td>\n<td class=\"right\" valign=\"top\">D &#8211; GB &#8211; I &#8211; E &#8211; P<\/td>\n<\/tr>\n<\/tbody>\n<\/table>\n<h3 class=\"detail\">Einsatzzweck<\/h3>\n<p>F\u00fcr den Ansaug- und Drosselklappenbereich einschlie\u00dflich D\u00fcsen und Bohrungen. Nur f\u00fcr den Einsatz in Ottomotoren geeignet!<\/p>\n<p>Wenn Sie Fragen rund um die Liqui Moly Produkte haben sollten, z\u00f6gern Sie nicht und kontaktieren Sie uns. Gerne stehen wir Ihnen jederzeit gerne zur Verf\u00fcgung.<\/p>\n","protected":false},"excerpt":{"rendered":"<p>Pro-Line Drosselklappenreiniger Spezielles Aktivl\u00f6sungsmittel zur Reinigung typischer Verschmutzungen und Ablagerungen im Ansaug- und Drosselklappenbereich. L\u00f6st und entfernt alle schmierigen Verunreinigungen wie \u00d6l, Harz, Klebstoff usw. Gew\u00e4hrleistet die Funktionsf\u00e4higkeit der beweglichen Teile und reduziert den Kraftstoffverbrauch. Erh\u00f6ht die Betriebssicherheit benzinbetriebener Motoren. Artikelnummer: 8986 Gebinde: 400 ml Dose Aerosol Paletteninhalt: 0 VPE: 6\u00a0STK Sprache: D &#8211; GB [&hellip;]<\/p>\n","protected":false},"featured_media":26041,"comment_status":"closed","ping_status":"closed","template":"","meta":[],"class_list":["post-26040","product","type-product","status-publish","has-post-thumbnail","hentry","product_cat-fahrzeugpflege-2","product_cat-motor"],"_links":{"self":[{"href":"https:\/\/www.liqui-moly-shop.ch\/index.php\/wp-json\/wp\/v2\/product\/26040","targetHints":{"allow":["GET"]}}],"collection":[{"href":"https:\/\/www.liqui-moly-shop.ch\/index.php\/wp-json\/wp\/v2\/product"}],"about":[{"href":"https:\/\/www.liqui-moly-shop.ch\/index.php\/wp-json\/wp\/v2\/types\/product"}],"replies":[{"embeddable":true,"href":"https:\/\/www.liqui-moly-shop.ch\/index.php\/wp-json\/wp\/v2\/comments?post=26040"}],"wp:featuredmedia":[{"embeddable":true,"href":"https:\/\/www.liqui-moly-shop.ch\/index.php\/wp-json\/wp\/v2\/media\/26041"}],"wp:attachment":[{"href":"https:\/\/www.liqui-moly-shop.ch\/index.php\/wp-json\/wp\/v2\/media?parent=26040"}],"curies":[{"name":"wp","href":"https:\/\/api.w.org\/{rel}","templated":true}]}}