{"id":26085,"date":"2019-03-25T00:00:00","date_gmt":"2019-03-25T00:00:00","guid":{"rendered":"https:\/\/dev.liqui-moly-shop.ch\/index.php\/product\/octane-plus\/"},"modified":"2023-10-04T08:49:04","modified_gmt":"2023-10-04T08:49:04","slug":"octane-booster","status":"publish","type":"product","link":"https:\/\/www.liqui-moly-shop.ch\/index.php\/product\/octane-booster\/","title":{"rendered":"Octane Booster"},"content":{"rendered":"<h3>Octane Booster<\/h3>\n<p>F\u00fcr alle Pkw mit 2- und 4-Takt-Benzinmotoren ohne Partikelfilter. Speziell entwickelt f\u00fcr den Renneinsatz und daher nicht f\u00fcr den \u00f6ffentlichen Stra\u00dfenverkehr empfohlen. 200 ml ausreichend f\u00fcr bis zu 50 l Kraftstoff.<\/p>\n<p><!-- --><\/p>\n<table id=\"detail\">\n<tbody>\n<tr>\n<td class=\"left\" valign=\"top\">Artikelnummer:<\/td>\n<td class=\"right\" valign=\"top\">21280<\/td>\n<\/tr>\n<tr>\n<td class=\"left\" valign=\"top\">Gebinde:<\/td>\n<td class=\"right\" valign=\"top\">200 ml Dose Blech<\/td>\n<\/tr>\n<tr>\n<td class=\"left\" valign=\"top\">Paletteninhalt:<\/td>\n<td class=\"right\" valign=\"top\">2000<\/td>\n<\/tr>\n<tr>\n<td class=\"left\" valign=\"top\">VPE:<\/td>\n<td class=\"right\" valign=\"top\">20 STK<\/td>\n<\/tr>\n<tr>\n<td class=\"left\" valign=\"top\">Sprache:<\/td>\n<td class=\"right\" valign=\"top\">D &#8211; GB &#8211; I &#8211; E &#8211; P<\/td>\n<\/tr>\n<\/tbody>\n<\/table>\n<h3 class=\"detail\">Einsatzzweck<\/h3>\n<p>Motorsporterprobtes Kraftpaket, das die Oktanzahl des Benzins erh\u00f6ht und daf\u00fcr sorgt, dass der Motor sein volles Leistungspotenzial aussch\u00f6pfen kann. Optimiert direkt nach Zugabe die Verbrennung und steigert die Kraftstoffeffizienz. Verbessert Drehmoment und Beschleunigung deutlich und garantiert so mehr Fahrspa\u00df. Sorgt f\u00fcr Sauberkeit in Kraftstoffsystem und Einspritzd\u00fcsen und verhindert dadurch teure Reparaturen. Sch\u00fctzt die Auslassventile bei Oldtimern.<\/p>\n<div class=\"d-flex justify-content-md-center gap-1\"><img decoding=\"async\" title=\"ghs05\" src=\"https:\/\/liquimoly.cloudimg.io\/v7\/https:\/\/www.liqui-moly.com\/static\/version1695734373\/frontend\/limo\/base\/de_DE\/images\/info\/ghs05.png\" alt=\"ghs05\" width=\"35px\" height=\"35px\" \/><img decoding=\"async\" title=\"ghs07\" src=\"https:\/\/liquimoly.cloudimg.io\/v7\/https:\/\/www.liqui-moly.com\/static\/version1695734373\/frontend\/limo\/base\/de_DE\/images\/info\/ghs07.png\" alt=\"ghs07\" width=\"35px\" height=\"35px\" \/><img decoding=\"async\" title=\"ghs08\" src=\"https:\/\/liquimoly.cloudimg.io\/v7\/https:\/\/www.liqui-moly.com\/static\/version1695734373\/frontend\/limo\/base\/de_DE\/images\/info\/ghs08.png\" alt=\"ghs08\" width=\"35px\" height=\"35px\" \/><\/div>\n<div class=\"text-md-center text-muted ps-md-2 pe-md-2\"><strong>Gefahr<\/strong><\/p>\n<ul class=\"info-text m-0 p-0\">\n<li>H304 Kann bei Verschlucken und Eindringen in die Atemwege t\u00f6dlich sein.<\/li>\n<li>H318 Verursacht schwere Augensch\u00e4den.<\/li>\n<li>H332 Gesundheitssch\u00e4dlich bei Einatmen.<\/li>\n<li>H412 Sch\u00e4dlich f\u00fcr Wasserorganismen, mit langfristiger Wirkung.<\/li>\n<li>EUH066 Wiederholter Kontakt kann zu spr\u00f6der oder rissiger Haut f\u00fchren.<\/li>\n<\/ul>\n<\/div>\n","protected":false},"excerpt":{"rendered":"<p>Octane Booster F\u00fcr alle Pkw mit 2- und 4-Takt-Benzinmotoren ohne Partikelfilter. Speziell entwickelt f\u00fcr den Renneinsatz und daher nicht f\u00fcr den \u00f6ffentlichen Stra\u00dfenverkehr empfohlen. 200 ml ausreichend f\u00fcr bis zu 50 l Kraftstoff. Artikelnummer: 21280 Gebinde: 200 ml Dose Blech Paletteninhalt: 2000 VPE: 20 STK Sprache: D &#8211; GB &#8211; I &#8211; E &#8211; P [&hellip;]<\/p>\n","protected":false},"featured_media":63870,"comment_status":"closed","ping_status":"closed","template":"","meta":[],"class_list":["post-26085","product","type-product","status-publish","has-post-thumbnail","hentry","product_cat-additive-werkstattlinie","product_cat-kraftstoffadditive","product_cat-werkstattlinie"],"_links":{"self":[{"href":"https:\/\/www.liqui-moly-shop.ch\/index.php\/wp-json\/wp\/v2\/product\/26085","targetHints":{"allow":["GET"]}}],"collection":[{"href":"https:\/\/www.liqui-moly-shop.ch\/index.php\/wp-json\/wp\/v2\/product"}],"about":[{"href":"https:\/\/www.liqui-moly-shop.ch\/index.php\/wp-json\/wp\/v2\/types\/product"}],"replies":[{"embeddable":true,"href":"https:\/\/www.liqui-moly-shop.ch\/index.php\/wp-json\/wp\/v2\/comments?post=26085"}],"wp:featuredmedia":[{"embeddable":true,"href":"https:\/\/www.liqui-moly-shop.ch\/index.php\/wp-json\/wp\/v2\/media\/63870"}],"wp:attachment":[{"href":"https:\/\/www.liqui-moly-shop.ch\/index.php\/wp-json\/wp\/v2\/media?parent=26085"}],"curies":[{"name":"wp","href":"https:\/\/api.w.org\/{rel}","templated":true}]}}