{"id":26117,"date":"2019-07-29T00:00:00","date_gmt":"2019-07-29T00:00:00","guid":{"rendered":"https:\/\/dev.liqui-moly-shop.ch\/index.php\/product\/zentralhydraulikoel-gruen-1l\/"},"modified":"2023-10-11T09:58:12","modified_gmt":"2023-10-11T09:58:12","slug":"zentralhydraulikoel-gruen-1l","status":"publish","type":"product","link":"https:\/\/www.liqui-moly-shop.ch\/index.php\/product\/zentralhydraulikoel-gruen-1l\/","title":{"rendered":"Zentralhydraulik\u00f6l gr\u00fcn 1l"},"content":{"rendered":"<h3>Zentralhydraulik\u00f6l gr\u00fcn 1l<\/h3>\n<p align=\"LEFT\">Synthetische Hydraulikfl\u00fcssigkeit f\u00fcr h\u00f6chste Anforderungen zahlreicher Fahrzeug- und Aggregatehersteller entwickelt. Auf Basis von Synthese- und Mineral\u00f6l mit aschefreien Additiven zur Verbesserung des Viskosit\u00e4ts-, Reibwert-, Verschlei\u00dfschutz-, Oxidationsschutz-, Schaum- und Korrosionsschutzverhaltens. Optimales Leistungsverhalten als Zentralhydraulik\u00f6l in Servolenkung, Niveauregulierung, hydraulischem Bremskraftverst\u00e4rker und hydropneumatischer Federung. Die spezielle Formulierung gew\u00e4hrleistet eine hervorragende K\u00e4lteeigenschaft und eignet sich somit besonders f\u00fcr den Einsatz in kalten L\u00e4ndern. Ersatz f\u00fcr: LM9524, LM1127. Zentralhydraulik\u00f6l gr\u00fcn 1l vollsynthetisch<\/p>\n<p><!-- --><\/p>\n<table id=\"detail\">\n<tbody>\n<tr>\n<td class=\"left\" valign=\"top\">Artikelnummer:<\/td>\n<td class=\"right\" valign=\"top\">8184<\/td>\n<\/tr>\n<tr>\n<td class=\"left\" valign=\"top\">Gebinde:<\/td>\n<td class=\"right\" valign=\"top\">1 l Dose Kunststoff<\/td>\n<\/tr>\n<tr>\n<td class=\"left\" valign=\"top\">Paletteninhalt:<\/td>\n<td class=\"right\" valign=\"top\">570<\/td>\n<\/tr>\n<tr>\n<td class=\"left\" valign=\"top\">VPE:<\/td>\n<td class=\"right\" valign=\"top\">6 STK<\/td>\n<\/tr>\n<tr>\n<td class=\"left\" valign=\"top\">Sprache:<\/td>\n<td class=\"right\" valign=\"top\">D &#8211; GB &#8211; I &#8211; E &#8211; P<\/td>\n<\/tr>\n<\/tbody>\n<\/table>\n<h3 class=\"detail\">Einsatzzweck<\/h3>\n<p align=\"LEFT\">F\u00fcr den Einsatz in den folgenden Zentralhydrauliksystemen: elektrohydraulische Verdeckbet\u00e4tigung, Zentralverriegelung, Stabilit\u00e4ts- und Traktionssysteme, hydrostatische Antriebe, Niveauregulierungen, hydropneumatischen Federungen sowie D\u00e4mpfung und Lenkung.<\/p>\n<h3 class=\"detail\">Spezifikationen und Freigaben<\/h3>\n<p><b>LIQUI MOLY empfiehlt dieses Produkt zus\u00e4tzlich f\u00fcr Fahrzeuge bzw. Aggregate, f\u00fcr die folgende Spezifikationen oder Originalersatzteilnummern gefordert werden:<\/b><\/p>\n<p align=\"LEFT\">BMW 81 22 9 407 758 \u2219 Fiat 9.55550-AG3 \u2219 Ford WSSM2C \u2219 MAN M 3289 204-A \u2219 MB 345.0 \u2219 Opel 1940 766 \u2219 VW G 002 000 \u2219 VW G 004 000 \u2219 ZF TE-ML 02K<\/p>\n<div class=\"d-flex justify-content-md-center gap-1\"><img decoding=\"async\" title=\"ghs07\" src=\"https:\/\/liquimoly.cloudimg.io\/v7\/https:\/\/www.liqui-moly.com\/static\/version1696862969\/frontend\/limo\/base\/de_DE\/images\/info\/ghs07.png\" alt=\"ghs07\" width=\"35px\" height=\"35px\" \/><img decoding=\"async\" title=\"ghs08\" src=\"https:\/\/liquimoly.cloudimg.io\/v7\/https:\/\/www.liqui-moly.com\/static\/version1696862969\/frontend\/limo\/base\/de_DE\/images\/info\/ghs08.png\" alt=\"ghs08\" width=\"35px\" height=\"35px\" \/><\/div>\n<div class=\"text-md-center text-muted ps-md-2 pe-md-2\"><strong>Gefahr<\/strong><\/p>\n<ul class=\"info-text m-0 p-0\">\n<li>H304 Kann bei Verschlucken und Eindringen in die Atemwege t\u00f6dlich sein.<\/li>\n<li>H332 Gesundheitssch\u00e4dlich bei Einatmen.<\/li>\n<li>EUH208 Enth\u00e4lt Di-iso-octylaminomethyl-tolutriazol. Kann allergische Reaktionen hervorrufen.<\/li>\n<\/ul>\n<\/div>\n<p align=\"LEFT\">Wenn Sie Fragen rund um die Liqui Moly Produkte haben sollten, z\u00f6gern Sie nicht und kontaktieren Sie uns. Gerne stehen wir Ihnen jederzeit gerne zur Verf\u00fcgung.<\/p>\n","protected":false},"excerpt":{"rendered":"<p>Zentralhydraulik\u00f6l gr\u00fcn 1l Synthetische Hydraulikfl\u00fcssigkeit f\u00fcr h\u00f6chste Anforderungen zahlreicher Fahrzeug- und Aggregatehersteller entwickelt. Auf Basis von Synthese- und Mineral\u00f6l mit aschefreien Additiven zur Verbesserung des Viskosit\u00e4ts-, Reibwert-, Verschlei\u00dfschutz-, Oxidationsschutz-, Schaum- und Korrosionsschutzverhaltens. Optimales Leistungsverhalten als Zentralhydraulik\u00f6l in Servolenkung, Niveauregulierung, hydraulischem Bremskraftverst\u00e4rker und hydropneumatischer Federung. Die spezielle Formulierung gew\u00e4hrleistet eine hervorragende K\u00e4lteeigenschaft und eignet sich somit [&hellip;]<\/p>\n","protected":false},"featured_media":26118,"comment_status":"closed","ping_status":"closed","template":"","meta":[],"class_list":["post-26117","product","type-product","status-publish","has-post-thumbnail","hentry","product_cat-schmierstoffe","pa_fuellmenge-1-l-dose-kunststoff","pa_fuellmenge-20-l-kanister-kunststoff"],"_links":{"self":[{"href":"https:\/\/www.liqui-moly-shop.ch\/index.php\/wp-json\/wp\/v2\/product\/26117","targetHints":{"allow":["GET"]}}],"collection":[{"href":"https:\/\/www.liqui-moly-shop.ch\/index.php\/wp-json\/wp\/v2\/product"}],"about":[{"href":"https:\/\/www.liqui-moly-shop.ch\/index.php\/wp-json\/wp\/v2\/types\/product"}],"replies":[{"embeddable":true,"href":"https:\/\/www.liqui-moly-shop.ch\/index.php\/wp-json\/wp\/v2\/comments?post=26117"}],"wp:featuredmedia":[{"embeddable":true,"href":"https:\/\/www.liqui-moly-shop.ch\/index.php\/wp-json\/wp\/v2\/media\/26118"}],"wp:attachment":[{"href":"https:\/\/www.liqui-moly-shop.ch\/index.php\/wp-json\/wp\/v2\/media?parent=26117"}],"curies":[{"name":"wp","href":"https:\/\/api.w.org\/{rel}","templated":true}]}}