{"id":30667,"date":"2019-11-22T18:45:05","date_gmt":"2019-11-22T18:45:05","guid":{"rendered":"https:\/\/dev.liqui-moly-shop.ch\/index.php\/product\/pro-line-ansaug-system-reiniger-diesel\/"},"modified":"2022-11-01T08:45:10","modified_gmt":"2022-11-01T08:45:10","slug":"pro-line-ansaug-system-reiniger-diesel","status":"publish","type":"product","link":"https:\/\/www.liqui-moly-shop.ch\/index.php\/product\/pro-line-ansaug-system-reiniger-diesel\/","title":{"rendered":"Pro-Line Ansaug-System-Reiniger Diesel"},"content":{"rendered":"<div style=\"width: 1140px;\" class=\"wp-video\"><video class=\"wp-video-shortcode\" id=\"video-30667-1\" width=\"1140\" height=\"641\" preload=\"metadata\" controls=\"controls\"><source type=\"video\/mp4\" src=\"https:\/\/www.liqui-moly-shop.ch\/wp-content\/uploads\/sites\/5\/2019\/11\/Pro-Line-Ansaug-System-Reiniger-Diesel-2388.mp4?_=1\" \/><a href=\"https:\/\/www.liqui-moly-shop.ch\/wp-content\/uploads\/sites\/5\/2019\/11\/Pro-Line-Ansaug-System-Reiniger-Diesel-2388.mp4\">https:\/\/www.liqui-moly-shop.ch\/wp-content\/uploads\/sites\/5\/2019\/11\/Pro-Line-Ansaug-System-Reiniger-Diesel-2388.mp4<\/a><\/video><\/div>\n<h3>Zur Reinigung des gesamten Ansaugsystems. Empfohlen zur vorbeugenden Anwendung bei Inspektion. Nur f\u00fcr den Einsatz in Dieselmotoren!<\/h3>\n<p>Aktivl\u00f6sungsmittel mit hochwirksamer Additivkombination. Beseitigt Verschmutzungen und Ablagerungen im Dieselansaug- und Drosselklappenbereich. L\u00f6st und entfernt alle schmierigen Verunreinigungen wie \u00d6l, Harz, Ru\u00df usw. Gew\u00e4hrleistet die Funktionsf\u00e4higkeit beweglicher Teile, reduziert den Kraftstoffverbrauch und erh\u00f6ht die Betriebssicherheit von Dieselmotoren.<\/p>\n<p><!-- --><\/p>\n<table id=\"detail\">\n<tbody>\n<tr>\n<td class=\"left\" valign=\"top\">Artikelnummer<\/td>\n<td class=\"right\" valign=\"top\">2388<\/td>\n<\/tr>\n<tr>\n<td class=\"left\" valign=\"top\">Gebinde:<\/td>\n<td class=\"right\" valign=\"top\">400ml<\/td>\n<\/tr>\n<tr>\n<td class=\"left\" valign=\"top\">Paletteninhalt:<\/td>\n<td class=\"right\" valign=\"top\">504<\/td>\n<\/tr>\n<tr>\n<td class=\"left\" valign=\"top\">VPE:<\/td>\n<td class=\"right\" valign=\"top\">6 STK<\/td>\n<\/tr>\n<tr>\n<td class=\"left\" valign=\"top\">Sprache:<\/td>\n<td class=\"right\" valign=\"top\">D &#8211; GB &#8211; I &#8211; E &#8211; P<\/td>\n<\/tr>\n<\/tbody>\n<\/table>\n<h3 class=\"detail\">Einsatzzweck<\/h3>\n<p>Zugang zum Ansaugsystem schaffen. Dieser sollte m\u00f6glichst nah am Motor und nach dem Luftmassenmesser liegen. Motor starten, um mit der Reinigung zu beginnen. Sollte der Motor bei abgezogenem Ansaugrohr die Drehzahl nicht halten k\u00f6nnen oder sich nicht starten lassen, bei ausgeschalteter Z\u00fcndung den Stecker vom Luftmassenmesser trennen. In diesem Fall muss der abgelegte Fehler nach der Reinigung mittels eines geeigneten Diagnoseger\u00e4ts aus dem Motorsteuerger\u00e4t gel\u00f6scht und der Luftmassenmesser ggf. neu angelernt werden. Den Ansaugsystemreiniger Diesel \u00fcber die Spr\u00fchsonde in kurzen Intervallen von 2-3 Sek. bei min. 2.000 Umdrehungen in das Ansaugsystem spr\u00fchen. Die Sonde dabei vor und zur\u00fcck bewegen, um den gesamten Ansaugtrakt zu reinigen. Tritt bei Anwendung eine Drehzahlerh\u00f6hung von \u00fcber 1.000 Umdrehungen auf, ist es wichtig, den Spr\u00fchvorgang sofort abzubrechen. Beachten, dass der Ansaugsystemreiniger Diesel nicht mit dem Luftmassenmesser oder mit lackierten Bauteilen in Kontakt kommen darf. Bei hartn\u00e4ckigen Ablagerungen am AGR-Ventil, im Ansaugkr\u00fcmmer oder an den Einlassventilen kann die Reinigung mit einer zweiten Dose wiederholt werden. Den Spr\u00fchkopf nach der Montage nicht wieder von der Dose abziehen. Nach Anwendung den Motor noch etwa 20 Sek. bei min. 2.000 Umdrehungen laufen lassen, um etwaige im Ansaugsystem verbliebene Restmengen zu verbrennen.<\/p>\n<p>Wenn Sie Fragen rund um die Liqui Moly Produkte haben sollten, z\u00f6gern Sie nicht und kontaktieren Sie uns. Gerne stehen wir Ihnen jederzeit gerne zur Verf\u00fcgung.<\/p>\n","protected":false},"excerpt":{"rendered":"<p>einfache Anwendung<br \/>\ngeeignet f\u00fcr Dieselpartikelfilter<br \/>\ngute Reinigungswirkung<br \/>\noptimiert wirtschaftliche Anwendung<br \/>\nReinigung ohne Demontage m\u00f6glich<br \/>\nschnelle Reinigung<\/p>\n","protected":false},"featured_media":30668,"comment_status":"closed","ping_status":"closed","template":"","meta":[],"class_list":["post-30667","product","type-product","status-publish","has-post-thumbnail","hentry","product_cat-additive-werkstattlinie","product_cat-motorsystemreinigung","product_cat-werkstattlinie"],"_links":{"self":[{"href":"https:\/\/www.liqui-moly-shop.ch\/index.php\/wp-json\/wp\/v2\/product\/30667","targetHints":{"allow":["GET"]}}],"collection":[{"href":"https:\/\/www.liqui-moly-shop.ch\/index.php\/wp-json\/wp\/v2\/product"}],"about":[{"href":"https:\/\/www.liqui-moly-shop.ch\/index.php\/wp-json\/wp\/v2\/types\/product"}],"replies":[{"embeddable":true,"href":"https:\/\/www.liqui-moly-shop.ch\/index.php\/wp-json\/wp\/v2\/comments?post=30667"}],"wp:featuredmedia":[{"embeddable":true,"href":"https:\/\/www.liqui-moly-shop.ch\/index.php\/wp-json\/wp\/v2\/media\/30668"}],"wp:attachment":[{"href":"https:\/\/www.liqui-moly-shop.ch\/index.php\/wp-json\/wp\/v2\/media?parent=30667"}],"curies":[{"name":"wp","href":"https:\/\/api.w.org\/{rel}","templated":true}]}}