{"id":50853,"date":"2020-12-08T17:19:31","date_gmt":"2020-12-08T17:19:31","guid":{"rendered":"https:\/\/dev.liqui-moly-shop.ch\/index.php\/product\/molygen-5w50-kopie\/"},"modified":"2022-11-01T08:42:28","modified_gmt":"2022-11-01T08:42:28","slug":"molygen-5w50-kopie","status":"publish","type":"product","link":"https:\/\/www.liqui-moly-shop.ch\/index.php\/product\/molygen-5w50-kopie\/","title":{"rendered":"Molygen 5w50"},"content":{"rendered":"<h3>\u00a0Molygen 5w50<\/h3>\n<p>Beschreibung<br \/>\nLiqui Moly Molygen SAE 5W-50 ist ein speziell entwickeltes Hochleistungs-Leichtlauf-Motoren\u00f6l f\u00fcr die<br \/>\nganzj\u00e4hrige Verwendung. Das vollsynthetische Basis\u00f6l mit fortschrittlichster Additivtechnologie, sowie<br \/>\ndem Spezialadditiv Molygen garantiert ein niedrigviskoses, hochscherstabiles Motoren\u00f6l, das sicher Ablagerungen verhindert, stark die Reibungsverluste des<br \/>\nMotors senkt und dadurch optimal vor Verschlei\u00df<br \/>\nsch\u00fctzt. Dies f\u00fchrt zur Kraftstoffeinsparung bei<br \/>\ngleichzeitig verl\u00e4ngerter Lebensdauer des Motors.<br \/>\nLiqui Moly Molygen SAE 5W-50 wird f\u00fcr Ottomotoren<br \/>\nund Dieselmotoren, einschlie\u00dflich Turboladern und<br \/>\nKatalysator empfohlen.<\/p>\n<p><!-- --><\/p>\n<table id=\"detail\">\n<tbody>\n<tr>\n<td class=\"left\" valign=\"top\">Artikelnummer:<\/td>\n<td class=\"right\" valign=\"top\">2542<\/td>\n<\/tr>\n<tr>\n<td class=\"left\" valign=\"top\">Gebinde:<\/td>\n<td class=\"right\" valign=\"top\">1 l Kanister Kunststoff<\/td>\n<\/tr>\n<tr>\n<td class=\"left\" valign=\"top\">Paletteninhalt:<\/td>\n<td class=\"right\" valign=\"top\">576<\/td>\n<\/tr>\n<tr>\n<td class=\"left\" valign=\"top\">VPE:<\/td>\n<td class=\"right\" valign=\"top\">6 STK<\/td>\n<\/tr>\n<tr>\n<td class=\"left\" valign=\"top\">Sprache:<\/td>\n<td class=\"right\" valign=\"top\">D &#8211; F &#8211; I<\/td>\n<\/tr>\n<\/tbody>\n<\/table>\n<h3 class=\"detail\">Einsatzzweck<\/h3>\n<p>Einsatzgebiet<br \/>\nOptimal f\u00fcr moderne Benzin- und Dieselmotoren mit<br \/>\nMehrventiltechnik und Turboaufladung. Zum Schutz<br \/>\nund Werterhalt des Motors, bei langen \u00d6lwechsel-Intervallen und bei hohen motorischen Anforderungen.<\/p>\n<h3 class=\"detail\">Spezifikationen und Freigaben<\/h3>\n<table class=\"table-elit table-borderless\">\n<tbody>\n<tr>\n<td><strong>\u00d6l-Herstellerempfehlung<\/strong>: ACEA A3<\/td>\n<\/tr>\n<tr>\n<td><strong>\u00d6l-Herstellerempfehlung<\/strong>: ACEA B3<\/td>\n<\/tr>\n<tr>\n<td><strong>\u00d6l-Herstellerempfehlung<\/strong>: API SJ<\/td>\n<\/tr>\n<tr>\n<td><strong>\u00d6l-Herstellerempfehlung<\/strong>: MB 229.1<\/td>\n<\/tr>\n<tr>\n<td><strong>\u00d6l-Herstellerempfehlung<\/strong>: VW 502 00<\/td>\n<\/tr>\n<tr>\n<td><strong>\u00d6l-Herstellerempfehlung<\/strong>: VW 505 00<\/td>\n<\/tr>\n<\/tbody>\n<\/table>\n<p>&nbsp;<\/p>\n<p>&nbsp;<\/p>\n<p>Wenn Sie Fragen rund um die Liqui Moly Produkte haben sollten, z\u00f6gern Sie nicht und kontaktieren Sie uns. Gerne stehen wir Ihnen jederzeit gerne zur Verf\u00fcgung.<\/p>\n","protected":false},"excerpt":{"rendered":"<p>\u00a0Molygen 5w50 Beschreibung Liqui Moly Molygen SAE 5W-50 ist ein speziell entwickeltes Hochleistungs-Leichtlauf-Motoren\u00f6l f\u00fcr die ganzj\u00e4hrige Verwendung. Das vollsynthetische Basis\u00f6l mit fortschrittlichster Additivtechnologie, sowie dem Spezialadditiv Molygen garantiert ein niedrigviskoses, hochscherstabiles Motoren\u00f6l, das sicher Ablagerungen verhindert, stark die Reibungsverluste des Motors senkt und dadurch optimal vor Verschlei\u00df sch\u00fctzt. Dies f\u00fchrt zur Kraftstoffeinsparung bei gleichzeitig verl\u00e4ngerter [&hellip;]<\/p>\n","protected":false},"featured_media":50854,"comment_status":"closed","ping_status":"closed","template":"","meta":[],"class_list":["post-50853","product","type-product","status-publish","has-post-thumbnail","hentry","product_cat-5w50","product_cat-motoroele-4-takt-auto","product_cat-schmierstoffe"],"_links":{"self":[{"href":"https:\/\/www.liqui-moly-shop.ch\/index.php\/wp-json\/wp\/v2\/product\/50853","targetHints":{"allow":["GET"]}}],"collection":[{"href":"https:\/\/www.liqui-moly-shop.ch\/index.php\/wp-json\/wp\/v2\/product"}],"about":[{"href":"https:\/\/www.liqui-moly-shop.ch\/index.php\/wp-json\/wp\/v2\/types\/product"}],"replies":[{"embeddable":true,"href":"https:\/\/www.liqui-moly-shop.ch\/index.php\/wp-json\/wp\/v2\/comments?post=50853"}],"wp:featuredmedia":[{"embeddable":true,"href":"https:\/\/www.liqui-moly-shop.ch\/index.php\/wp-json\/wp\/v2\/media\/50854"}],"wp:attachment":[{"href":"https:\/\/www.liqui-moly-shop.ch\/index.php\/wp-json\/wp\/v2\/media?parent=50853"}],"curies":[{"name":"wp","href":"https:\/\/api.w.org\/{rel}","templated":true}]}}