{"id":56607,"date":"2021-03-26T10:06:49","date_gmt":"2021-03-26T10:06:49","guid":{"rendered":"https:\/\/dev.liqui-moly-shop.ch\/index.php\/product\/top-tec-4110-5w-40\/"},"modified":"2023-10-05T15:11:46","modified_gmt":"2023-10-05T15:11:46","slug":"top-tec-4110-5w-40","status":"publish","type":"product","link":"https:\/\/www.liqui-moly-shop.ch\/index.php\/product\/top-tec-4110-5w-40\/","title":{"rendered":"Top Tec 4110 5W-40"},"content":{"rendered":"<h3>Top Tec 4110 5W-40<\/h3>\n<p><strong>Schwefelreduziert zum Schutz der Umwelt und des Ru\u00dfpartikelfilters.<\/strong><br \/>\nSynthesetechnologie-Leichtlaufmotor\u00f6l mit extrem hoher Leistungsreserve. Mit hervorragender Verschlei\u00dfschutzformel f\u00fcr Pumpe-D\u00fcse-Motoren. Vermindert \u00d6leindickung durch Ru\u00dfeintrag. F\u00fcr h\u00f6chste Motorleistung. Sichert die Funktionsf\u00e4higkeit des Dieselpartikelfilters (DPF) und sorgt f\u00fcr maximale Lebensdauer. Gew\u00e4hrleistet selbst bei langen \u00d6lwechselintervallen (bis zu 30.000 km) die maximale Performance.<\/p>\n<p><!-- --><\/p>\n<table id=\"detail\">\n<tbody>\n<tr>\n<td class=\"left\" valign=\"top\">Artikelnummer:<\/td>\n<td class=\"right\" valign=\"top\">21478<\/td>\n<\/tr>\n<tr>\n<td class=\"left\" valign=\"top\">Gebinde:<\/td>\n<td class=\"right\" valign=\"top\">1 l Kanister Kunststoff<\/td>\n<\/tr>\n<tr>\n<td class=\"left\" valign=\"top\">Paletteninhalt:<\/td>\n<td class=\"right\" valign=\"top\">576<\/td>\n<\/tr>\n<tr>\n<td class=\"left\" valign=\"top\">VPE:<\/td>\n<td class=\"right\" valign=\"top\">6 STK<\/td>\n<\/tr>\n<tr>\n<td class=\"left\" valign=\"top\">Sprache:<\/td>\n<td class=\"right\" valign=\"top\">D &#8211; F &#8211; I<\/td>\n<\/tr>\n<\/tbody>\n<\/table>\n<h3 class=\"detail\">Einsatzzweck<\/h3>\n<p>F\u00fcr\u00a0Benzin- und Dieselmotoren mit und ohne Otto-Partikelfilter (OPF) bzw. Dieselpartikelfilter (DPF), welche die Abgasnormen Euro 4, Euro 5 und Euro 6 erf\u00fcllen. Auch bei Nachr\u00fcstung. Kat- und Turbo-getestet.<\/p>\n<h3 class=\"detail\">Spezifikationen und Freigaben<\/h3>\n<h3>FREIGABEN:<\/h3>\n<ul>\n<li>ACEA C3<\/li>\n<li>API SN<\/li>\n<li>BMW Longlife-04<\/li>\n<li>MB-Freigabe 229.31<\/li>\n<li>MB-Freigabe 229.51<\/li>\n<li>MB-Freigabe 229.52<\/li>\n<li>Porsche C40<\/li>\n<li>VW 511 00<\/li>\n<\/ul>\n<h3>LIQUI MOLY EMPFIEHLT DIESES PRODUKT F\u00dcR FAHRZEUGE, F\u00dcR DIE FOLGENDE SPEZIFIKATIONEN GEFORDERT WERDEN:<\/h3>\n<ul>\n<li>GM dexos2<\/li>\n<li>MB 226.5<\/li>\n<li>Renault RN 0700<\/li>\n<li>Renault RN 0710<\/li>\n<\/ul>\n<p>&nbsp;<\/p>\n<p>Die Spezifikationen und Vorschriften der Aggregat- bzw. Fahrzeughersteller sind zu beachten. Optimale Wirksamkeit nur in unvermischtem Zustand.<\/p>\n<ul class=\"info-text m-0 p-0\">\n<li>EUH208 Enth\u00e4lt C14-16-18 Alkylphenol. Kann allergische Reaktionen hervorrufen.<\/li>\n<\/ul>\n<p>Wenn Sie Fragen rund um die Liqui Moly Produkte haben sollten, z\u00f6gern Sie nicht und kontaktieren Sie uns. Gerne stehen wir Ihnen jederzeit gerne zur Verf\u00fcgung.<\/p>\n","protected":false},"excerpt":{"rendered":"<p>Top Tec 4110 5W-40 Schwefelreduziert zum Schutz der Umwelt und des Ru\u00dfpartikelfilters. Synthesetechnologie-Leichtlaufmotor\u00f6l mit extrem hoher Leistungsreserve. Mit hervorragender Verschlei\u00dfschutzformel f\u00fcr Pumpe-D\u00fcse-Motoren. Vermindert \u00d6leindickung durch Ru\u00dfeintrag. F\u00fcr h\u00f6chste Motorleistung. Sichert die Funktionsf\u00e4higkeit des Dieselpartikelfilters (DPF) und sorgt f\u00fcr maximale Lebensdauer. Gew\u00e4hrleistet selbst bei langen \u00d6lwechselintervallen (bis zu 30.000 km) die maximale Performance. Artikelnummer: 21478 Gebinde: [&hellip;]<\/p>\n","protected":false},"featured_media":56608,"comment_status":"closed","ping_status":"closed","template":"","meta":[],"class_list":["post-56607","product","type-product","status-publish","has-post-thumbnail","hentry","product_cat-5w-40","product_cat-motoroele-4-takt-auto","product_cat-schmierstoffe"],"_links":{"self":[{"href":"https:\/\/www.liqui-moly-shop.ch\/index.php\/wp-json\/wp\/v2\/product\/56607","targetHints":{"allow":["GET"]}}],"collection":[{"href":"https:\/\/www.liqui-moly-shop.ch\/index.php\/wp-json\/wp\/v2\/product"}],"about":[{"href":"https:\/\/www.liqui-moly-shop.ch\/index.php\/wp-json\/wp\/v2\/types\/product"}],"replies":[{"embeddable":true,"href":"https:\/\/www.liqui-moly-shop.ch\/index.php\/wp-json\/wp\/v2\/comments?post=56607"}],"wp:featuredmedia":[{"embeddable":true,"href":"https:\/\/www.liqui-moly-shop.ch\/index.php\/wp-json\/wp\/v2\/media\/56608"}],"wp:attachment":[{"href":"https:\/\/www.liqui-moly-shop.ch\/index.php\/wp-json\/wp\/v2\/media?parent=56607"}],"curies":[{"name":"wp","href":"https:\/\/api.w.org\/{rel}","templated":true}]}}