{"id":63966,"date":"2021-10-20T06:05:12","date_gmt":"2021-10-20T06:05:12","guid":{"rendered":"https:\/\/www.liqui-moly-shop.ch\/?post_type=product&#038;p=63966"},"modified":"2023-10-05T07:28:59","modified_gmt":"2023-10-05T07:28:59","slug":"top-tec-4200-5w-30","status":"publish","type":"product","link":"https:\/\/www.liqui-moly-shop.ch\/index.php\/product\/top-tec-4200-5w-30\/","title":{"rendered":"Top Tec 4200 5W-30"},"content":{"rendered":"<h3>Top Tec 4200 5W-30<\/h3>\n<p>3706 3707 3708 3709 3711<\/p>\n<p>F\u00fcr Benzin- und Dieselmotoren,\u00a0welche die Abgasnormen Euro 4, Euro 5 und Euro 6 erf\u00fcllen (einschlie\u00dflich FSI, Common-Rail und Pumpe-D\u00fcse-Technologie). Besonders geeignet f\u00fcr gasbetriebene Fahrzeuge (CNG\/LPG) und f\u00fcr Fahrzeuge mit Dieselpartikelfilter (DPF), auch bei Nachr\u00fcstung. Ausnahme: TDI-Motoren R5 und V10 vor Baujahr 06.2006. Turbo- und Kat-getestet.<\/p>\n<p><!-- --><\/p>\n<table id=\"detail\">\n<tbody>\n<tr>\n<td class=\"left\" valign=\"top\">Artikelnummer:<\/td>\n<td class=\"right\" valign=\"top\">3706<\/td>\n<\/tr>\n<tr>\n<td class=\"left\" valign=\"top\">Gebinde:<\/td>\n<td class=\"right\" valign=\"top\">1 l Kanister Kunststoff<\/td>\n<\/tr>\n<tr>\n<td class=\"left\" valign=\"top\">Paletteninhalt:<\/td>\n<td class=\"right\" valign=\"top\">576<\/td>\n<\/tr>\n<tr>\n<td class=\"left\" valign=\"top\">VPE:<\/td>\n<td class=\"right\" valign=\"top\">6 STK<\/td>\n<\/tr>\n<tr>\n<td class=\"left\" valign=\"top\">Sprache:<\/td>\n<td class=\"right\" valign=\"top\">D &#8211; F &#8211; I<\/td>\n<\/tr>\n<\/tbody>\n<\/table>\n<h3 class=\"detail\">Einsatzzweck<\/h3>\n<p>Hightech-Leichtlaufmotor\u00f6l auf Basis Synthesetechnologie. Sch\u00fctzt hervorragend vor Verschlei\u00df, senkt den \u00d6l- und Kraftstoffverbrauch und sorgt f\u00fcr die schnelle Durch\u00f6lung des Motors. Je nach Herstellervorschrift lassen sich so \u00d6lwechselintervalle von bis zu 30.000 bzw. 50.000 km oder 2 Jahre bei Wenigfahrern realisieren.<\/p>\n<h3 class=\"detail\">Spezifikationen und Freigaben<\/h3>\n<ul>\n<li>ACEA C3<\/li>\n<li>API SP<\/li>\n<li>BMW Longlife-04<\/li>\n<li>MB-Freigabe 229.31<\/li>\n<li>MB-Freigabe 229.51<\/li>\n<li>MB-Freigabe 229.52<\/li>\n<li>Opel OV0401547<\/li>\n<li>Porsche C30<\/li>\n<li>VW 504 00<\/li>\n<li>VW 507 00<\/li>\n<\/ul>\n<p>&nbsp;<\/p>\n<p>&nbsp;<\/p>\n<h3><strong>Beschreibung<\/strong><\/h3>\n<p>Hightech-Leichtlaufmotor\u00f6l auf Basis Synthesetechnologie. Sorgt f\u00fcr ausgezeichnete Motorsauberkeit und \u00fcbertrifft selbst die strengsten Testanforderungen namhafter Fahrzeughersteller. Reduziert die Bildung st\u00f6render Ablagerungen bei direkteinspritzenden Benzin- und Dieselmotoren (FSI, TDI, Common-Rail etc.) und h\u00e4lt den \u00d6lverbrauch niedrig. Sichert die Funktionsf\u00e4higkeit des Dieselpartikelfilters (DPF) und sorgt f\u00fcr dessen maximale Lebensdauer. Speziell f\u00fcr Fahrzeuge mit extrem langen \u00d6lwechselintervallen (WIV etc.).<\/p>\n<ul class=\"info-text m-0 p-0\">\n<li>EUH210 Sicherheitsdatenblatt auf Anfrage erh\u00e4ltlich.<\/li>\n<\/ul>\n","protected":false},"excerpt":{"rendered":"<p>Top Tec 4200 5W-30 3706 3707 3708 3709 3711 F\u00fcr Benzin- und Dieselmotoren,\u00a0welche die Abgasnormen Euro 4, Euro 5 und Euro 6 erf\u00fcllen (einschlie\u00dflich FSI, Common-Rail und Pumpe-D\u00fcse-Technologie). Besonders geeignet f\u00fcr gasbetriebene Fahrzeuge (CNG\/LPG) und f\u00fcr Fahrzeuge mit Dieselpartikelfilter (DPF), auch bei Nachr\u00fcstung. Ausnahme: TDI-Motoren R5 und V10 vor Baujahr 06.2006. Turbo- und Kat-getestet. Artikelnummer: [&hellip;]<\/p>\n","protected":false},"featured_media":63972,"comment_status":"closed","ping_status":"closed","template":"","meta":[],"class_list":["post-63966","product","type-product","status-publish","has-post-thumbnail","hentry","product_cat-5w-30","product_cat-motoroele-4-takt-auto","product_cat-schmierstoffe"],"_links":{"self":[{"href":"https:\/\/www.liqui-moly-shop.ch\/index.php\/wp-json\/wp\/v2\/product\/63966","targetHints":{"allow":["GET"]}}],"collection":[{"href":"https:\/\/www.liqui-moly-shop.ch\/index.php\/wp-json\/wp\/v2\/product"}],"about":[{"href":"https:\/\/www.liqui-moly-shop.ch\/index.php\/wp-json\/wp\/v2\/types\/product"}],"replies":[{"embeddable":true,"href":"https:\/\/www.liqui-moly-shop.ch\/index.php\/wp-json\/wp\/v2\/comments?post=63966"}],"wp:featuredmedia":[{"embeddable":true,"href":"https:\/\/www.liqui-moly-shop.ch\/index.php\/wp-json\/wp\/v2\/media\/63972"}],"wp:attachment":[{"href":"https:\/\/www.liqui-moly-shop.ch\/index.php\/wp-json\/wp\/v2\/media?parent=63966"}],"curies":[{"name":"wp","href":"https:\/\/api.w.org\/{rel}","templated":true}]}}