{"id":64057,"date":"2021-11-10T08:45:27","date_gmt":"2021-11-10T08:45:27","guid":{"rendered":"https:\/\/www.liqui-moly-shop.ch\/?post_type=product&#038;p=64057"},"modified":"2023-10-20T08:39:51","modified_gmt":"2023-10-20T08:39:51","slug":"mehrzweckfett","status":"publish","type":"product","link":"https:\/\/www.liqui-moly-shop.ch\/index.php\/product\/mehrzweckfett\/","title":{"rendered":"MEHRZWECKFETT"},"content":{"rendered":"<h1>MEHRZWECKFETT<\/h1>\n<p>Geeignet als universelles Schmierfett im Kfz-, Bau-, Landmaschinen- und\u00a0Industriebereich. Herstellervorschriften beachten.<\/p>\n<p><!-- --><\/p>\n<table id=\"detail\">\n<tbody>\n<tr>\n<td class=\"left\" valign=\"top\">Artikelnummer:<\/td>\n<td class=\"right\" valign=\"top\">1833<\/td>\n<\/tr>\n<tr>\n<td class=\"left\" valign=\"top\">Gebinde:<\/td>\n<td class=\"right\" valign=\"top\">400 g Lube-Shuttle<\/td>\n<\/tr>\n<tr>\n<td class=\"left\" valign=\"top\">Paletteninhalt:<\/td>\n<td class=\"right\" valign=\"top\">1120<\/td>\n<\/tr>\n<tr>\n<td class=\"left\" valign=\"top\">VPE:<\/td>\n<td class=\"right\" valign=\"top\">20 STK<\/td>\n<\/tr>\n<tr>\n<td class=\"left\" valign=\"top\">Sprache:<\/td>\n<td class=\"right\" valign=\"top\">D &#8211; GB &#8211; I &#8211; E &#8211; P<\/td>\n<\/tr>\n<\/tbody>\n<\/table>\n<h3 class=\"detail\">Einsatzzweck<\/h3>\n<p>Lithiumseifenfett f\u00fcr\u00a0Gleit- und W\u00e4lzlagerschmierung bei normalen Belastungen sowie normalen bis hohen Temperaturen. Gro\u00dfer Temperatureinsatzbereich und gute Wasserbest\u00e4ndigkeit.\u00a0Geeignet als Universalfett f\u00fcr den Kfz-Bereich und zur allgemeinen Maschinenschmierung. Sorgf\u00e4ltig ausgew\u00e4hlte Rohstoffe und Zus\u00e4tze\u00a0gew\u00e4hrleisten eine gute Langzeitschmierung. Kennzeichnung nach DIN 51502 K2K-20. Temperatureinsatzbereich: \u201325\u2009\u00b0C bis +120\u2009\u00b0C. Kurzfristig bis +130\u2009\u00b0C.<\/p>\n<ul class=\"info-text m-0 p-0\">\n<li>EUH208 Enth\u00e4lt Naphthens\u00e4uren, Zinksalze, basisch. Kann allergische Reaktionen hervorrufen.<\/li>\n<li>EUH210 Sicherheitsdatenblatt auf Anfrage erh\u00e4ltlich.<\/li>\n<\/ul>\n","protected":false},"excerpt":{"rendered":"<p>MEHRZWECKFETT Geeignet als universelles Schmierfett im Kfz-, Bau-, Landmaschinen- und\u00a0Industriebereich. Herstellervorschriften beachten. Artikelnummer: 1833 Gebinde: 400 g Lube-Shuttle Paletteninhalt: 1120 VPE: 20 STK Sprache: D &#8211; GB &#8211; I &#8211; E &#8211; P Einsatzzweck Lithiumseifenfett f\u00fcr\u00a0Gleit- und W\u00e4lzlagerschmierung bei normalen Belastungen sowie normalen bis hohen Temperaturen. Gro\u00dfer Temperatureinsatzbereich und gute Wasserbest\u00e4ndigkeit.\u00a0Geeignet als Universalfett f\u00fcr den [&hellip;]<\/p>\n","protected":false},"featured_media":64059,"comment_status":"closed","ping_status":"closed","template":"","meta":[],"class_list":["post-64057","product","type-product","status-publish","has-post-thumbnail","hentry","product_cat-baumaschinen","product_cat-fette","product_cat-fette-industrieprodukte","product_cat-fette-pasten","product_cat-industrieprodukte","product_cat-nutzfahrzeuge-baumaschinen"],"_links":{"self":[{"href":"https:\/\/www.liqui-moly-shop.ch\/index.php\/wp-json\/wp\/v2\/product\/64057","targetHints":{"allow":["GET"]}}],"collection":[{"href":"https:\/\/www.liqui-moly-shop.ch\/index.php\/wp-json\/wp\/v2\/product"}],"about":[{"href":"https:\/\/www.liqui-moly-shop.ch\/index.php\/wp-json\/wp\/v2\/types\/product"}],"replies":[{"embeddable":true,"href":"https:\/\/www.liqui-moly-shop.ch\/index.php\/wp-json\/wp\/v2\/comments?post=64057"}],"wp:featuredmedia":[{"embeddable":true,"href":"https:\/\/www.liqui-moly-shop.ch\/index.php\/wp-json\/wp\/v2\/media\/64059"}],"wp:attachment":[{"href":"https:\/\/www.liqui-moly-shop.ch\/index.php\/wp-json\/wp\/v2\/media?parent=64057"}],"curies":[{"name":"wp","href":"https:\/\/api.w.org\/{rel}","templated":true}]}}