{"id":69182,"date":"2025-03-11T13:54:23","date_gmt":"2025-03-11T13:54:23","guid":{"rendered":"https:\/\/www.liqui-moly-shop.ch\/?post_type=product&#038;p=69182"},"modified":"2026-02-27T07:23:09","modified_gmt":"2026-02-27T07:23:09","slug":"serviceheft","status":"publish","type":"product","link":"https:\/\/www.liqui-moly-shop.ch\/index.php\/product\/serviceheft\/","title":{"rendered":"Serviceheft"},"content":{"rendered":"<p><strong>Produktbeschreibung<\/strong><\/p>\n<p>Serviceheft zum eintragen und vermerken von Service arbeiten, K\u00fchlmittel, Bremsfl\u00fcssigkeitswechsel.<\/p>\n<p><strong>Ausf\u00fchrung<\/strong><\/p>\n<p>Deutsch<\/p>\n","protected":false},"excerpt":{"rendered":"<p>Produktbeschreibung Serviceheft zum eintragen und vermerken von Service arbeiten, K\u00fchlmittel, Bremsfl\u00fcssigkeitswechsel. Ausf\u00fchrung Deutsch<\/p>\n","protected":false},"featured_media":69183,"comment_status":"closed","ping_status":"closed","template":"","meta":[],"class_list":["post-69182","product","type-product","status-publish","has-post-thumbnail","hentry","product_cat-serviceprodukte","product_cat-verkaufsfoerderung","product_cat-werkstattausruestung-schmierstoffe","product_cat-werkstattlinie"],"_links":{"self":[{"href":"https:\/\/www.liqui-moly-shop.ch\/index.php\/wp-json\/wp\/v2\/product\/69182","targetHints":{"allow":["GET"]}}],"collection":[{"href":"https:\/\/www.liqui-moly-shop.ch\/index.php\/wp-json\/wp\/v2\/product"}],"about":[{"href":"https:\/\/www.liqui-moly-shop.ch\/index.php\/wp-json\/wp\/v2\/types\/product"}],"replies":[{"embeddable":true,"href":"https:\/\/www.liqui-moly-shop.ch\/index.php\/wp-json\/wp\/v2\/comments?post=69182"}],"wp:featuredmedia":[{"embeddable":true,"href":"https:\/\/www.liqui-moly-shop.ch\/index.php\/wp-json\/wp\/v2\/media\/69183"}],"wp:attachment":[{"href":"https:\/\/www.liqui-moly-shop.ch\/index.php\/wp-json\/wp\/v2\/media?parent=69182"}],"curies":[{"name":"wp","href":"https:\/\/api.w.org\/{rel}","templated":true}]}}