{"id":69484,"date":"2025-05-21T15:13:33","date_gmt":"2025-05-21T15:13:33","guid":{"rendered":"https:\/\/www.liqui-moly-shop.ch\/?post_type=product&#038;p=69484"},"modified":"2025-05-21T15:17:50","modified_gmt":"2025-05-21T15:17:50","slug":"motoroel-2-takt","status":"publish","type":"product","link":"https:\/\/www.liqui-moly-shop.ch\/index.php\/product\/motoroel-2-takt\/","title":{"rendered":"Motor\u00f6l 2-Takt"},"content":{"rendered":"<div class=\"d-inline-block fs-9 product attribute description\"><span class=\"value\">Hochwertiges, teilsynthetisches 2-Takt-Motor\u00f6l f\u00fcr den Einsatz in s\u00e4mtlichen 2-Takt-Motoren. Sichert die Funktionsf\u00e4higkeit des Motors und sorgt f\u00fcr maximale Lebensdauer. Selbstmischend. Ausgew\u00e4hlte mineralische und synthetische Grund\u00f6le in Kombination mit modernster Additivtechnologie erm\u00f6glichen eine r\u00fcckstandsfreie Verbrennung und halten somit den Motor sauber. Der Motor wird optimal vor Verschlei\u00df gesch\u00fctzt.<\/span><\/div>\n<div><\/div>\n<div class=\"d-inline-block fs-9 product attribute mt-2\"><span class=\"value\">F\u00fcr Getrennt- und Gemischschmierung in Motorr\u00e4dern, Mopeds, Rasenm\u00e4hern, Motors\u00e4gen und Notstromaggregaten. Mischungsverh\u00e4ltnis bis 1:50.<\/span><\/div>\n<div>\n<h4 class=\"type \" data-hyphenated=\"\">Anwendung<\/h4>\n<p><strong>Bei Gemischschmierung<\/strong><br \/>\nDoseninhalt in den Kraftstofftank einf\u00fcllen \u2013 Kraftstoff, je nach Mischungsverh\u00e4ltnis, tanken \u2013 Vermischung erfolgt selbst\u00e4ndig.<\/p>\n<p><strong>Bei Getrenntschmierung<\/strong><br \/>\nDoseninhalt in den \u00d6ltank einf\u00fcllen. \u00d6l wird \u00fcber Dosiereinrichtung dem Kraftstoff beigemischt.<\/p>\n<\/div>\n","protected":false},"excerpt":{"rendered":"<p>Hochwertiges, teilsynthetisches 2-Takt-Motor\u00f6l f\u00fcr den Einsatz in s\u00e4mtlichen 2-Takt-Motoren. Sichert die Funktionsf\u00e4higkeit des Motors und sorgt f\u00fcr maximale Lebensdauer. Selbstmischend. Ausgew\u00e4hlte mineralische und synthetische Grund\u00f6le in Kombination mit modernster Additivtechnologie erm\u00f6glichen eine r\u00fcckstandsfreie Verbrennung und halten somit den Motor sauber. Der Motor wird optimal vor Verschlei\u00df gesch\u00fctzt. F\u00fcr Getrennt- und Gemischschmierung in Motorr\u00e4dern, Mopeds, Rasenm\u00e4hern, [&hellip;]<\/p>\n","protected":false},"featured_media":69485,"comment_status":"closed","ping_status":"closed","template":"","meta":[],"class_list":["post-69484","product","type-product","status-publish","has-post-thumbnail","hentry","product_cat-schmierstoffe"],"_links":{"self":[{"href":"https:\/\/www.liqui-moly-shop.ch\/index.php\/wp-json\/wp\/v2\/product\/69484","targetHints":{"allow":["GET"]}}],"collection":[{"href":"https:\/\/www.liqui-moly-shop.ch\/index.php\/wp-json\/wp\/v2\/product"}],"about":[{"href":"https:\/\/www.liqui-moly-shop.ch\/index.php\/wp-json\/wp\/v2\/types\/product"}],"replies":[{"embeddable":true,"href":"https:\/\/www.liqui-moly-shop.ch\/index.php\/wp-json\/wp\/v2\/comments?post=69484"}],"wp:featuredmedia":[{"embeddable":true,"href":"https:\/\/www.liqui-moly-shop.ch\/index.php\/wp-json\/wp\/v2\/media\/69485"}],"wp:attachment":[{"href":"https:\/\/www.liqui-moly-shop.ch\/index.php\/wp-json\/wp\/v2\/media?parent=69484"}],"curies":[{"name":"wp","href":"https:\/\/api.w.org\/{rel}","templated":true}]}}