{"id":69641,"date":"2025-07-03T12:52:33","date_gmt":"2025-07-03T12:52:33","guid":{"rendered":"https:\/\/www.liqui-moly-shop.ch\/?post_type=product&#038;p=69641"},"modified":"2025-07-03T12:56:04","modified_gmt":"2025-07-03T12:56:04","slug":"motorbike-luftfilterreiniger-2","status":"publish","type":"product","link":"https:\/\/www.liqui-moly-shop.ch\/index.php\/product\/motorbike-luftfilterreiniger-2\/","title":{"rendered":"Motorbike Luftfilterreiniger"},"content":{"rendered":"<div class=\"d-inline-block fs-9 product attribute description\"><span class=\"value\">Speziell auf Luftfilter abgestimmtes, wassermischbares Reinigungskonzentrat. L\u00f6st hervorragend Staub, Schmutz sowie Fett und reinigt schonend, ohne Besch\u00e4digung der Schaumstoffporen. Ist sehr ergiebig und damit wirtschaftlich in der Anwendung.<\/span><\/div>\n<div><\/div>\n<div class=\"d-inline-block fs-9 product attribute mt-2\"><span class=\"value\">F\u00fcr alle g\u00e4ngigen Schaumstoffluftfilter im 2- und 4-Takt-Bereich.<\/span><\/div>\n<p><strong>Anwendung<\/strong><\/p>\n<div class=\"d-inline-block fs-9 product attribute application mt-2\"><span class=\"value\">Filter in geeignetes Gef\u00e4\u00df geben. Reiniger mit Wasser mischen. Dosierung je nach Verschmutzungsgrad zwischen 1:5 bis 1:10 (1 Teil Reiniger, 5-10 Teile Wasser). Filter komplett in Reinigungsl\u00f6sung eintauchen und 5-10 Min. wirken lassen. Danach Filter in der L\u00f6sung vorsichtig kneten, bis er von innen und au\u00dfen vollst\u00e4ndig ges\u00e4ubert ist. Filter keinesfalls auswringen, da dadurch Besch\u00e4digungen entstehen k\u00f6nnen. Anschlie\u00dfend Filter unter frischem Wasser ausdr\u00fccken bis der Reiniger r\u00fcckstandslos ausgesp\u00fclt ist. Sollten hartn\u00e4ckige Verschmutzungen verbleiben, ggf. Vorgang wiederholen. Filter vor Einbau in Umgebungsluft trocknen lassen. Anschlie\u00dfend mit Motorbike Luftfilter\u00f6l von LIQUI MOLY benetzen.<\/span><\/div>\n<p><strong>Sonstige Infor\u00adma\u00adti\u00adonen<\/strong><\/p>\n<div class=\"d-inline-block fs-9 product attribute application mt-2\"><span class=\"value\">Bei Anwendung geeignete Handschuhe (z. B. Einweghandschuhe) tragen. Das Zur\u00fcckbleiben von \u00d6lresten im Luftfilter ist normal und sogar gew\u00fcnscht. Der Luftfilter soll lediglich von Staub, Schmutz und Fett befreit werden.<\/span><\/div>\n","protected":false},"excerpt":{"rendered":"<p>Speziell auf Luftfilter abgestimmtes, wassermischbares Reinigungskonzentrat. L\u00f6st hervorragend Staub, Schmutz sowie Fett und reinigt schonend, ohne Besch\u00e4digung der Schaumstoffporen. Ist sehr ergiebig und damit wirtschaftlich in der Anwendung. F\u00fcr alle g\u00e4ngigen Schaumstoffluftfilter im 2- und 4-Takt-Bereich. Anwendung Filter in geeignetes Gef\u00e4\u00df geben. Reiniger mit Wasser mischen. Dosierung je nach Verschmutzungsgrad zwischen 1:5 bis 1:10 (1 [&hellip;]<\/p>\n","protected":false},"featured_media":69643,"comment_status":"closed","ping_status":"closed","template":"","meta":[],"class_list":["post-69641","product","type-product","status-publish","has-post-thumbnail","hentry","product_cat-2-rad-quad-kart-bike"],"_links":{"self":[{"href":"https:\/\/www.liqui-moly-shop.ch\/index.php\/wp-json\/wp\/v2\/product\/69641","targetHints":{"allow":["GET"]}}],"collection":[{"href":"https:\/\/www.liqui-moly-shop.ch\/index.php\/wp-json\/wp\/v2\/product"}],"about":[{"href":"https:\/\/www.liqui-moly-shop.ch\/index.php\/wp-json\/wp\/v2\/types\/product"}],"replies":[{"embeddable":true,"href":"https:\/\/www.liqui-moly-shop.ch\/index.php\/wp-json\/wp\/v2\/comments?post=69641"}],"wp:featuredmedia":[{"embeddable":true,"href":"https:\/\/www.liqui-moly-shop.ch\/index.php\/wp-json\/wp\/v2\/media\/69643"}],"wp:attachment":[{"href":"https:\/\/www.liqui-moly-shop.ch\/index.php\/wp-json\/wp\/v2\/media?parent=69641"}],"curies":[{"name":"wp","href":"https:\/\/api.w.org\/{rel}","templated":true}]}}