{"id":69679,"date":"2025-07-09T13:09:39","date_gmt":"2025-07-09T13:09:39","guid":{"rendered":"https:\/\/www.liqui-moly-shop.ch\/?post_type=product&#038;p=69679"},"modified":"2025-07-09T13:09:39","modified_gmt":"2025-07-09T13:09:39","slug":"motoroel-20w-50-20-l-touring-high-tech","status":"publish","type":"product","link":"https:\/\/www.liqui-moly-shop.ch\/index.php\/product\/motoroel-20w-50-20-l-touring-high-tech\/","title":{"rendered":"Motor\u00f6l &#8211; 20W-50 (20 L) &#8211; Touring High Tech"},"content":{"rendered":"<p><strong>Beschreibung<\/strong><br \/>\nBesonders geeignet f\u00fcr Fahrzeuge mit hoher<br \/>\nKilometerleistung. Mineralisches Motor\u00f6l. Bietet ein<br \/>\nbesonders gutes Schmutztrage- und<br \/>\nReinigungsverm\u00f6gen. Sorgt selbst unter kritischen<br \/>\nBetriebsbedingungen f\u00fcr h\u00f6chste<br \/>\nSchmierfilmstabilit\u00e4t, einen optimalen \u00d6ldruck und<br \/>\nmaximalen Verschlei\u00dfschutz. F\u00fcr Fahrzeuge mit<br \/>\nbew\u00e4hrter Motorentechnologie.<\/p>\n","protected":false},"excerpt":{"rendered":"<p>Beschreibung Besonders geeignet f\u00fcr Fahrzeuge mit hoher Kilometerleistung. Mineralisches Motor\u00f6l. Bietet ein besonders gutes Schmutztrage- und Reinigungsverm\u00f6gen. Sorgt selbst unter kritischen Betriebsbedingungen f\u00fcr h\u00f6chste Schmierfilmstabilit\u00e4t, einen optimalen \u00d6ldruck und maximalen Verschlei\u00dfschutz. F\u00fcr Fahrzeuge mit bew\u00e4hrter Motorentechnologie.<\/p>\n","protected":false},"featured_media":69680,"comment_status":"closed","ping_status":"closed","template":"","meta":[],"class_list":["post-69679","product","type-product","status-publish","has-post-thumbnail","hentry","product_cat-motoroele"],"_links":{"self":[{"href":"https:\/\/www.liqui-moly-shop.ch\/index.php\/wp-json\/wp\/v2\/product\/69679","targetHints":{"allow":["GET"]}}],"collection":[{"href":"https:\/\/www.liqui-moly-shop.ch\/index.php\/wp-json\/wp\/v2\/product"}],"about":[{"href":"https:\/\/www.liqui-moly-shop.ch\/index.php\/wp-json\/wp\/v2\/types\/product"}],"replies":[{"embeddable":true,"href":"https:\/\/www.liqui-moly-shop.ch\/index.php\/wp-json\/wp\/v2\/comments?post=69679"}],"wp:featuredmedia":[{"embeddable":true,"href":"https:\/\/www.liqui-moly-shop.ch\/index.php\/wp-json\/wp\/v2\/media\/69680"}],"wp:attachment":[{"href":"https:\/\/www.liqui-moly-shop.ch\/index.php\/wp-json\/wp\/v2\/media?parent=69679"}],"curies":[{"name":"wp","href":"https:\/\/api.w.org\/{rel}","templated":true}]}}