{"id":70257,"date":"2026-01-15T14:27:49","date_gmt":"2026-01-15T14:27:49","guid":{"rendered":"https:\/\/www.liqui-moly-shop.ch\/?post_type=product&#038;p=70257"},"modified":"2026-01-15T14:27:49","modified_gmt":"2026-01-15T14:27:49","slug":"motoroel-20w-50-formula-super","status":"publish","type":"product","link":"https:\/\/www.liqui-moly-shop.ch\/index.php\/product\/motoroel-20w-50-formula-super\/","title":{"rendered":"Motor\u00f6l 20W-50 Formula Super"},"content":{"rendered":"<div class=\"d-inline-block fs-9 product attribute description\"><span class=\"value\">Mineralisches Motor\u00f6l. Sorgt f\u00fcr einen stabilen Schmierfilm. Bietet optimalen \u00d6ldruck unter allen Betriebsbedingungen. Hohe Sicherheitsreserven bei extremen Belastungen.<\/span><\/div>\n<div class=\"d-inline-block fs-9 product attribute mt-2\"><span class=\"value\">Ganzjahres\u00f6l f\u00fcr Benzin- und Dieselmotoren. Besonders geeignet f\u00fcr \u00e4ltere Fahrzeuge\u00a0\u2013 auch mit nachger\u00fcstetem Katalysator. Turbo- und Kat-getestet.<\/span><\/div>\n<p><strong>Anwendung:<\/strong><\/p>\n<div class=\"d-inline-block fs-9 product attribute application mt-2\">\n<p class=\"type h4\" data-hyphenated=\"\">Betriebsvorschriften der Kfz-, Getriebehersteller sind zu beachten.<\/p>\n<p data-hyphenated=\"\"><strong>Spezifikationen \/ Freigaben:\u00a0<\/strong><\/p>\n<p data-hyphenated=\"\">ACEA A3\/B4, E2, API SL, Allison C4, MIL-L 2104 E<\/p>\n<\/div>\n","protected":false},"excerpt":{"rendered":"<p>Mineralisches Motor\u00f6l. Sorgt f\u00fcr einen stabilen Schmierfilm. Bietet optimalen \u00d6ldruck unter allen Betriebsbedingungen. Hohe Sicherheitsreserven bei extremen Belastungen. Ganzjahres\u00f6l f\u00fcr Benzin- und Dieselmotoren. Besonders geeignet f\u00fcr \u00e4ltere Fahrzeuge\u00a0\u2013 auch mit nachger\u00fcstetem Katalysator. Turbo- und Kat-getestet. Anwendung: Betriebsvorschriften der Kfz-, Getriebehersteller sind zu beachten. Spezifikationen \/ Freigaben:\u00a0 ACEA A3\/B4, E2, API SL, Allison C4, MIL-L 2104 [&hellip;]<\/p>\n","protected":false},"featured_media":70258,"comment_status":"closed","ping_status":"closed","template":"","meta":[],"class_list":["post-70257","product","type-product","status-publish","has-post-thumbnail","hentry","product_cat-uncategorized"],"_links":{"self":[{"href":"https:\/\/www.liqui-moly-shop.ch\/index.php\/wp-json\/wp\/v2\/product\/70257","targetHints":{"allow":["GET"]}}],"collection":[{"href":"https:\/\/www.liqui-moly-shop.ch\/index.php\/wp-json\/wp\/v2\/product"}],"about":[{"href":"https:\/\/www.liqui-moly-shop.ch\/index.php\/wp-json\/wp\/v2\/types\/product"}],"replies":[{"embeddable":true,"href":"https:\/\/www.liqui-moly-shop.ch\/index.php\/wp-json\/wp\/v2\/comments?post=70257"}],"wp:featuredmedia":[{"embeddable":true,"href":"https:\/\/www.liqui-moly-shop.ch\/index.php\/wp-json\/wp\/v2\/media\/70258"}],"wp:attachment":[{"href":"https:\/\/www.liqui-moly-shop.ch\/index.php\/wp-json\/wp\/v2\/media?parent=70257"}],"curies":[{"name":"wp","href":"https:\/\/api.w.org\/{rel}","templated":true}]}}