{"id":70476,"date":"2026-03-18T16:04:06","date_gmt":"2026-03-18T16:04:06","guid":{"rendered":"https:\/\/www.liqui-moly-shop.ch\/?post_type=product&#038;p=70476"},"modified":"2026-03-18T16:11:19","modified_gmt":"2026-03-18T16:11:19","slug":"scr-anti-kristall-additiv-konzentrat","status":"publish","type":"product","link":"https:\/\/www.liqui-moly-shop.ch\/index.php\/product\/scr-anti-kristall-additiv-konzentrat\/","title":{"rendered":"SCR Anti-Kristall Additiv Konzen\u00adtrat"},"content":{"rendered":"<div class=\"d-inline-block fs-9 product attribute description\"><span class=\"value\">Aschefreie Additivkombination zur Vorbeugung von St\u00f6rungen im SCR-System von Dieselmotoren. Reduziert die Bildung von Ablagerungen im AdBlue\u00ae-Tank und AdBlue\u00ae-Einspritzsystem. Gew\u00e4hrleistet feinste Zerst\u00e4ubung der Harnstoffl\u00f6sung durch Herabsetzung der Oberfl\u00e4chenspannung. Optimiert den R\u00fccklauf des AdBlue\u00ae ins System und minimiert so das Risiko von AdBlue\u00ae-Kristallisation.<\/span><\/div>\n<div class=\"d-inline-block fs-9 product attribute description\">AdBlue\u00ae registered Trademark of VDA Verband der Automobilindustrie e.V., Berlin, Germany<\/div>\n<div class=\"d-inline-block fs-9 product attribute mt-2\"><span class=\"value\">F\u00fcr SCR-Systeme, die mit 32,5 % Harnstoffl\u00f6sung (AdBlue\u00ae, DEF) betrieben werden. Bei Zugabe zum AdBlue\u00ae-Tank idealerweise nach dem Bef\u00fcllvorgang zugeben.<\/span><\/div>\n<p><strong>Anwendung<\/strong><\/p>\n<div class=\"d-inline-block fs-9 product attribute application mt-2\"><span class=\"value\">Zugabe von 0,25 % zur AdBlue\u00ae-L\u00f6sung (1:400). 25 ml ausreichend f\u00fcr 10 l AdBlue\u00ae. 250 ml ausreichend f\u00fcr 100 l AdBlue\u00ae. 2,5 l ausreichend f\u00fcr 1000 l AdBlue\u00ae. Zur dauerhaften Anwendung. Nicht dem Kraftstoff zugeben! Bei Zugabe zum AdBlue\u00ae-Tank idealerweise nach dem Bef\u00fcllvorgang zugeben. Aufgrund der hohen Wirkstoffkonzentration kann es bei ung\u00fcnstigen Bedingungen zu Schaumbildung kommen. Daher Komponenten vorher auf Eignung pr\u00fcfen.<\/span><\/div>\n<p><strong>Sonstige Infor\u00adma\u00adti\u00adonen<\/strong><\/p>\n<div class=\"d-inline-block fs-9 product attribute application mt-2\">\n<p class=\"type h4\" data-hyphenated=\"\">Frostempfindlich. Bodensatz bei Raumtemperatur aufsch\u00fctteln!<\/p>\n<\/div>\n","protected":false},"excerpt":{"rendered":"<p>Aschefreie Additivkombination zur Vorbeugung von St\u00f6rungen im SCR-System von Dieselmotoren. Reduziert die Bildung von Ablagerungen im AdBlue\u00ae-Tank und AdBlue\u00ae-Einspritzsystem. Gew\u00e4hrleistet feinste Zerst\u00e4ubung der Harnstoffl\u00f6sung durch Herabsetzung der Oberfl\u00e4chenspannung. Optimiert den R\u00fccklauf des AdBlue\u00ae ins System und minimiert so das Risiko von AdBlue\u00ae-Kristallisation. AdBlue\u00ae registered Trademark of VDA Verband der Automobilindustrie e.V., Berlin, Germany F\u00fcr SCR-Systeme, [&hellip;]<\/p>\n","protected":false},"featured_media":70477,"comment_status":"closed","ping_status":"closed","template":"","meta":[],"class_list":["post-70476","product","type-product","status-publish","has-post-thumbnail","hentry","product_cat-additive-werkstattlinie","product_cat-kraftstoffadditive","product_cat-kraftstoffadditive-diesel"],"_links":{"self":[{"href":"https:\/\/www.liqui-moly-shop.ch\/index.php\/wp-json\/wp\/v2\/product\/70476","targetHints":{"allow":["GET"]}}],"collection":[{"href":"https:\/\/www.liqui-moly-shop.ch\/index.php\/wp-json\/wp\/v2\/product"}],"about":[{"href":"https:\/\/www.liqui-moly-shop.ch\/index.php\/wp-json\/wp\/v2\/types\/product"}],"replies":[{"embeddable":true,"href":"https:\/\/www.liqui-moly-shop.ch\/index.php\/wp-json\/wp\/v2\/comments?post=70476"}],"wp:featuredmedia":[{"embeddable":true,"href":"https:\/\/www.liqui-moly-shop.ch\/index.php\/wp-json\/wp\/v2\/media\/70477"}],"wp:attachment":[{"href":"https:\/\/www.liqui-moly-shop.ch\/index.php\/wp-json\/wp\/v2\/media?parent=70476"}],"curies":[{"name":"wp","href":"https:\/\/api.w.org\/{rel}","templated":true}]}}