{"id":70614,"date":"2026-04-21T12:53:17","date_gmt":"2026-04-21T12:53:17","guid":{"rendered":"https:\/\/www.liqui-moly-shop.ch\/?post_type=product&#038;p=70614"},"modified":"2026-04-21T12:53:17","modified_gmt":"2026-04-21T12:53:17","slug":"chromglanz-creme","status":"publish","type":"product","link":"https:\/\/www.liqui-moly-shop.ch\/index.php\/product\/chromglanz-creme\/","title":{"rendered":"Chromglanz-Creme"},"content":{"rendered":"<div class=\"d-inline-block fs-9 product attribute description\"><span class=\"value\">Reinigt, pflegt und beseitigt Blindstellen sowie Rost an allen Chromteilen von Pkw, Nfz, Motorr\u00e4dern und Fahrr\u00e4dern. Sorgt f\u00fcr urspr\u00fcnglichen Glanz und konserviert dank Schutzfilm \u00fcber eine l\u00e4ngere Zeit.<\/span><\/div>\n<div class=\"d-inline-block fs-9 product attribute mt-2\"><span class=\"value\">F\u00fcr alle Chromteile an Pkw, Nfz, Motorr\u00e4dern und Fahrr\u00e4dern.<\/span><\/div>\n<p><strong>Anwendung<\/strong><\/p>\n<div class=\"d-inline-block fs-9 product attribute application mt-2\">\n<div>1. Vor Gebrauch gut sch\u00fctteln.<\/div>\n<div>2. Anschlie\u00dfend mit Microfasertuch (Art.-Nr. 1651) auf die zu pflegenden Teile aufbringen und unter leichtem Druck einreiben.<\/div>\n<div>3. Leicht antrocknen lassen und mit trockener Stelle des Microfasertuchs auspolieren.<\/div>\n<div>4. Bei hartn\u00e4ckiger Verschmutzung den Vorgang wiederholen, bis gew\u00fcnschtes Ergebnis erzielt ist.<\/div>\n<div>Hinweis: Nicht auf hei\u00dfen Oberfl\u00e4chen und nicht auf chrom\u00fcberzogenen Teilen anwenden!<\/div>\n<\/div>\n","protected":false},"excerpt":{"rendered":"<p>Reinigt, pflegt und beseitigt Blindstellen sowie Rost an allen Chromteilen von Pkw, Nfz, Motorr\u00e4dern und Fahrr\u00e4dern. Sorgt f\u00fcr urspr\u00fcnglichen Glanz und konserviert dank Schutzfilm \u00fcber eine l\u00e4ngere Zeit. F\u00fcr alle Chromteile an Pkw, Nfz, Motorr\u00e4dern und Fahrr\u00e4dern. Anwendung 1. Vor Gebrauch gut sch\u00fctteln. 2. Anschlie\u00dfend mit Microfasertuch (Art.-Nr. 1651) auf die zu pflegenden Teile aufbringen [&hellip;]<\/p>\n","protected":false},"featured_media":0,"comment_status":"closed","ping_status":"closed","template":"","meta":[],"class_list":["post-70614","product","type-product","status-publish","hentry","product_cat-fahrzeugpflege-2","product_cat-lack","pa_fuellmenge-250-ml"],"_links":{"self":[{"href":"https:\/\/www.liqui-moly-shop.ch\/index.php\/wp-json\/wp\/v2\/product\/70614","targetHints":{"allow":["GET"]}}],"collection":[{"href":"https:\/\/www.liqui-moly-shop.ch\/index.php\/wp-json\/wp\/v2\/product"}],"about":[{"href":"https:\/\/www.liqui-moly-shop.ch\/index.php\/wp-json\/wp\/v2\/types\/product"}],"replies":[{"embeddable":true,"href":"https:\/\/www.liqui-moly-shop.ch\/index.php\/wp-json\/wp\/v2\/comments?post=70614"}],"wp:attachment":[{"href":"https:\/\/www.liqui-moly-shop.ch\/index.php\/wp-json\/wp\/v2\/media?parent=70614"}],"curies":[{"name":"wp","href":"https:\/\/api.w.org\/{rel}","templated":true}]}}